{"id":40194,"date":"2020-10-14T09:40:43","date_gmt":"2020-10-14T07:40:43","guid":{"rendered":"https:\/\/www.arca24.com\/de\/?page_id=40194"},"modified":"2025-06-06T09:46:20","modified_gmt":"2025-06-06T07:46:20","slug":"qualitaetspolitik","status":"publish","type":"page","link":"https:\/\/www.arca24.com\/de\/qualitaetspolitik\/","title":{"rendered":"Quality Policy"},"content":{"rendered":"<div class=\"fusion-fullwidth fullwidth-box fusion-builder-row-1 fusion-flex-container nonhundred-percent-fullwidth non-hundred-percent-height-scrolling\" style=\"--awb-border-radius-top-left:0px;--awb-border-radius-top-right:0px;--awb-border-radius-bottom-right:0px;--awb-border-radius-bottom-left:0px;--awb-margin-top:80px;--awb-flex-wrap:wrap;\" ><div class=\"fusion-builder-row fusion-row fusion-flex-align-items-flex-start fusion-flex-content-wrap\" style=\"max-width:1216.8px;margin-left: calc(-4% \/ 2 );margin-right: calc(-4% \/ 2 );\"><div class=\"fusion-layout-column fusion_builder_column fusion-builder-column-0 fusion_builder_column_1_1 1_1 fusion-flex-column\" style=\"--awb-bg-size:cover;--awb-width-large:100%;--awb-margin-top-large:0px;--awb-spacing-right-large:1.92%;--awb-margin-bottom-large:30px;--awb-spacing-left-large:1.92%;--awb-width-medium:100%;--awb-spacing-right-medium:1.92%;--awb-spacing-left-medium:1.92%;--awb-width-small:100%;--awb-spacing-right-small:1.92%;--awb-spacing-left-small:1.92%;\"><div class=\"fusion-column-wrapper fusion-column-has-shadow fusion-flex-justify-content-flex-start fusion-content-layout-column\"><div class=\"fusion-text fusion-text-1\" style=\"--awb-font-size:56px;--awb-line-height:1;--awb-text-color:#212945;--awb-text-font-family:&quot;Archivo&quot;;--awb-text-font-style:normal;--awb-text-font-weight:700;\"><p>Quality Policy<\/p>\n<\/div><div class=\"fusion-separator fusion-full-width-sep\" style=\"align-self: center;margin-left: auto;margin-right: auto;margin-top:-10px;margin-bottom:40px;width:100%;\"><\/div><div class=\"fusion-text fusion-text-2\"><p>Diese Seite beschreibt das Engagement von Arca24.com SA bei der Vorbereitung und Verwaltung des Qualit\u00e4tsmanagementsystems (QMS), die Einhaltung der geltenden und anwendbaren Vorschriften und Regeln sowie die Einhaltung anderer Anforderungen, die das Unternehmen freiwillig gestellt hat.<\/p>\n<p>Arca24.com SA f\u00f6rdert alle notwendigen Massnahmen, damit ihre Arbeit unter Einhaltung aller gesetzlichen oder sonstigen Anforderungen auf die Erreichung der folgenden Ziele ausgerichtet ist:<\/p>\n<ol>\n<li><strong>Das Qualit\u00e4tsmanagementsystem einzurichten, umzusetzen, in Betrieb zu halten und regelm\u00e4ssig zu \u00fcberpr\u00fcfen<\/strong>, das als n\u00fctzliches und dynamisches Instrument gedacht ist, das es der Organisation erm\u00f6glicht, die gesetzten Ziele zu erreichen, auch in Bezug auf die Einhaltung der gegen\u00fcber den Interessengruppen eingegangenen Verpflichtungen;<\/li>\n<li><strong>Die Verbesserung der Produktions-, Service- und Vertriebsorganisation,<\/strong> auch dank technologischer Ver\u00e4nderungen, wobei stets hohe Qualit\u00e4tsstandards angestrebt werden;<\/li>\n<li><strong>Die Kundenzufriedenheit zu verfolgen<\/strong>, die Wahrnehmung des Wertes der gelieferten Produkte zu maximieren und die Erwartungen der Kunden zu erf\u00fcllen;<\/li>\n<li><strong>Den Wert seiner Mitarbeiter zu steigern<\/strong>, der als ein grundlegendes Element des Unternehmenswachstums betrachtet wird. Das Wissen und die F\u00e4higkeiten durch geeignete Wachstumspfade zu erh\u00f6hen und das Bewusstsein und das Engagement zu f\u00f6rdern, so dass die Mitarbeiter diese Unternehmenspolitik teilen und umsetzen.<\/li>\n<li><strong>Der Qualit\u00e4t, dem Schutz des Arbeitsplatzes und der Gesundheit der Arbeitnehmer sowie dem Schutz der Umwelt grundlegende Bedeutung beimessen.<\/strong> Aus diesem Grund muss jeder bestrebt sein, seine Aktivit\u00e4ten rationell und effizient durchzuf\u00fchren, das wirtschaftliche Wachstum mit dem Schutz von Gesundheit, Sicherheit und Umwelt in Einklang zu bringen, die Auswirkungen unserer Aktivit\u00e4ten zu minimieren und stets die besten und sichersten Arbeitsbedingungen zu gew\u00e4hrleisten;<\/li>\n<li><strong>Sich t\u00e4glich verpflichten, die entsprechenden Ressourcen (wirtschaftliche, technische und menschliche) f\u00fcr die Verfolgung der Ziele von Arca24.com SA bereitzustellen<\/strong>, die Rollen, Verantwortlichkeiten und Pflichten zu definieren und deren Erreichung regelm\u00e4ssig zu \u00fcberpr\u00fcfen;<\/li>\n<li><strong>Durch geeignete Kommunikationskan\u00e4le das Bewusstsein aller Mitarbeiter gew\u00e4hrleisten und unterst\u00fctzen.<\/strong> Sicherstellen, dass sie in Zusammenarbeit mit oder im Namen des Unternehmens, ihrer Rolle, der Konsequenzen ihrer Handlungen und der Risiken hinsichtlich der Nichtanwendung von Qualit\u00e4tsverfahren arbeiten;<\/li>\n<li><strong>Mit Kontinuit\u00e4t und Entschlossenheit die Verbesserung des QMS verfolgen<\/strong>. Auf die Definition von Zielen und Programmen hinarbeiten. \u00dcberwachen Sie im Laufe der Zeit den Einsatz, die Bedingungen der Einhaltung und die Eignung zur Verh\u00fctung m\u00f6glicher Risiken von Straftaten. Unterst\u00fctzung eines Audit-Plans, der geeignete Indikatoren zur Bewertung der Effektivit\u00e4t der einzelnen Unternehmensprozesse definiert und Daten aus dem Markt, Nichtkonformit\u00e4ten, Beschwerden, Unf\u00e4lle und die Ergebnisse fr\u00fcherer Managementpr\u00fcfungen analysiert.<\/li>\n<\/ol>\n<p>Die vom Management von Arca24.com SA festgelegte <strong>Unternehmenspolitik<\/strong> wurde in \u00dcbereinstimmung mit den Grundwerten und \u00dcberzeugungen des Unternehmens entwickelt. Sie gilt als angemessen f\u00fcr die Zwecke und den Kontext, in dem sie t\u00e4tig ist, f\u00fcr ihre strategischen Richtlinien, f\u00fcr die Art und den Umfang der identifizierten Risiken, f\u00fcr die dort stattfindenden Aktivit\u00e4ten und Prozesse und ist auf allen Ebenen der Organisation anwendbar. Als solches wird es dem gesamten Personal mitgeteilt und verbreitet. Seine Verf\u00fcgbarkeit f\u00fcr alle Empf\u00e4nger ist ebenfalls gew\u00e4hrleistet, und zwar sowohl durch Exposition innerhalb des Hauptquartiers als auch durch Ver\u00f6ffentlichung auf der Website oder durch Lieferung auf Anfrage.<\/p>\n<\/div><div class=\"button-big hover-effect\"><a href=\"https:\/\/www.arca24.com\/de\/wp-content\/uploads\/2023\/02\/CERT15529REV001-DE.pdf\" > ISO-Zertifizierung <span class=\"material-icons\" color=\"#240bab\">\ndownloading\n<\/span><\/a><\/div><\/div><\/div><\/div><\/div>\n","protected":false},"excerpt":{"rendered":"","protected":false},"author":3493,"featured_media":42402,"parent":0,"menu_order":0,"comment_status":"closed","ping_status":"closed","template":"100-width.php","meta":{"footnotes":""},"class_list":["post-40194","page","type-page","status-publish","has-post-thumbnail","hentry"],"yoast_head":"<!-- This site is optimized with the Yoast SEO Premium plugin v14.7 - https:\/\/yoast.com\/wordpress\/plugins\/seo\/ -->\n<title>Qualit\u00e4tspolitik | K\u00fcnstliche Intelligenz im Personalwesen |Arca24<\/title>\n<meta name=\"description\" content=\"Arca24 verfolgt eine Qualit\u00e4tspolitik f\u00fcr die gesamte von ihr entwickelte HR-Software, wie z.B. recruitment software, einstellungstests, CV parsing, HCM-l\u00f6sung, usw.\" \/>\n<meta name=\"robots\" content=\"index, follow\" \/>\n<meta name=\"googlebot\" content=\"index, follow, max-snippet:-1, max-image-preview:large, max-video-preview:-1\" \/>\n<meta name=\"bingbot\" content=\"index, follow, max-snippet:-1, max-image-preview:large, max-video-preview:-1\" \/>\n<link rel=\"canonical\" href=\"https:\/\/www.arca24.com\/de\/qualitaetspolitik\/\" \/>\n<meta property=\"og:locale\" content=\"en_US\" \/>\n<meta property=\"og:type\" content=\"article\" \/>\n<meta property=\"og:title\" content=\"Qualit\u00e4tspolitik | K\u00fcnstliche Intelligenz im Personalwesen |Arca24\" \/>\n<meta property=\"og:description\" content=\"Arca24 verfolgt eine Qualit\u00e4tspolitik f\u00fcr die gesamte von ihr entwickelte HR-Software, wie z.B. recruitment software, einstellungstests, CV parsing, HCM-l\u00f6sung, usw.\" \/>\n<meta property=\"og:url\" content=\"https:\/\/www.arca24.com\/de\/qualitaetspolitik\/\" \/>\n<meta property=\"og:site_name\" content=\"Cloud HR innovative software | Arca24\" \/>\n<meta property=\"article:modified_time\" content=\"2025-06-06T07:46:20+00:00\" \/>\n<meta property=\"og:image\" content=\"https:\/\/www.arca24.com\/de\/wp-content\/uploads\/2022\/05\/a24-FI_homede.jpg\" \/>\n\t<meta property=\"og:image:width\" content=\"1920\" \/>\n\t<meta property=\"og:image:height\" content=\"1080\" \/>\n<meta name=\"twitter:card\" content=\"summary_large_image\" \/>\n<script type=\"application\/ld+json\" class=\"yoast-schema-graph\">{\"@context\":\"https:\/\/schema.org\",\"@graph\":[{\"@type\":\"WebSite\",\"@id\":\"https:\/\/www.arca24.com\/de\/#website\",\"url\":\"https:\/\/www.arca24.com\/de\/\",\"name\":\"Cloud HR innovative software | Arca24\",\"description\":\"Your time, our technology\",\"potentialAction\":[{\"@type\":\"SearchAction\",\"target\":\"https:\/\/www.arca24.com\/de\/?s={search_term_string}\",\"query-input\":\"required name=search_term_string\"}],\"inLanguage\":\"en-US\"},{\"@type\":\"ImageObject\",\"@id\":\"https:\/\/www.arca24.com\/de\/qualitaetspolitik\/#primaryimage\",\"inLanguage\":\"en-US\",\"url\":\"https:\/\/www.arca24.com\/de\/wp-content\/uploads\/2022\/05\/a24-FI_homede.jpg\",\"width\":1920,\"height\":1080},{\"@type\":\"WebPage\",\"@id\":\"https:\/\/www.arca24.com\/de\/qualitaetspolitik\/#webpage\",\"url\":\"https:\/\/www.arca24.com\/de\/qualitaetspolitik\/\",\"name\":\"Qualit\\u00e4tspolitik | K\\u00fcnstliche Intelligenz im Personalwesen |Arca24\",\"isPartOf\":{\"@id\":\"https:\/\/www.arca24.com\/de\/#website\"},\"primaryImageOfPage\":{\"@id\":\"https:\/\/www.arca24.com\/de\/qualitaetspolitik\/#primaryimage\"},\"datePublished\":\"2020-10-14T07:40:43+00:00\",\"dateModified\":\"2025-06-06T07:46:20+00:00\",\"description\":\"Arca24 verfolgt eine Qualit\\u00e4tspolitik f\\u00fcr die gesamte von ihr entwickelte HR-Software, wie z.B. recruitment software, einstellungstests, CV parsing, HCM-l\\u00f6sung, usw.\",\"inLanguage\":\"en-US\",\"potentialAction\":[{\"@type\":\"ReadAction\",\"target\":[\"https:\/\/www.arca24.com\/de\/qualitaetspolitik\/\"]}]}]}<\/script>\n<!-- \/ Yoast SEO Premium plugin. -->","_links":{"self":[{"href":"https:\/\/www.arca24.com\/de\/wp-json\/wp\/v2\/pages\/40194","targetHints":{"allow":["GET"]}}],"collection":[{"href":"https:\/\/www.arca24.com\/de\/wp-json\/wp\/v2\/pages"}],"about":[{"href":"https:\/\/www.arca24.com\/de\/wp-json\/wp\/v2\/types\/page"}],"author":[{"embeddable":true,"href":"https:\/\/www.arca24.com\/de\/wp-json\/wp\/v2\/users\/3493"}],"replies":[{"embeddable":true,"href":"https:\/\/www.arca24.com\/de\/wp-json\/wp\/v2\/comments?post=40194"}],"version-history":[{"count":13,"href":"https:\/\/www.arca24.com\/de\/wp-json\/wp\/v2\/pages\/40194\/revisions"}],"predecessor-version":[{"id":43782,"href":"https:\/\/www.arca24.com\/de\/wp-json\/wp\/v2\/pages\/40194\/revisions\/43782"}],"wp:featuredmedia":[{"embeddable":true,"href":"https:\/\/www.arca24.com\/de\/wp-json\/wp\/v2\/media\/42402"}],"wp:attachment":[{"href":"https:\/\/www.arca24.com\/de\/wp-json\/wp\/v2\/media?parent=40194"}],"curies":[{"name":"wp","href":"https:\/\/api.w.org\/{rel}","templated":true}]}}