{"id":39681,"date":"2020-10-18T15:20:39","date_gmt":"2020-10-18T13:20:39","guid":{"rendered":"https:\/\/www.arca24.com\/es\/?page_id=39681"},"modified":"2021-05-06T14:29:39","modified_gmt":"2021-05-06T12:29:39","slug":"terminos-y-condiciones","status":"publish","type":"page","link":"https:\/\/www.arca24.com\/es\/terminos-y-condiciones\/","title":{"rendered":"T\u00e9rminos y Condiciones"},"content":{"rendered":"<p><div class=\"fusion-fullwidth fullwidth-box fusion-builder-row-1 fusion-flex-container nonhundred-percent-fullwidth non-hundred-percent-height-scrolling\" style=\"--awb-background-position:left top;--awb-border-sizes-top:0px;--awb-border-sizes-bottom:0px;--awb-border-sizes-left:0px;--awb-border-sizes-right:0px;--awb-border-radius-top-left:0px;--awb-border-radius-top-right:0px;--awb-border-radius-bottom-right:0px;--awb-border-radius-bottom-left:0px;--awb-padding-top:0px;--awb-padding-bottom:-30px;--awb-margin-top:-80px;--awb-margin-bottom:-30px;--awb-background-color:#ffffff;--awb-flex-wrap:wrap;\" id=\"arca_second_sticky_menu\" ><div class=\"fusion-builder-row fusion-row fusion-flex-align-items-stretch fusion-flex-content-wrap\" style=\"max-width:1216.8px;margin-left: calc(-4% \/ 2 );margin-right: calc(-4% \/ 2 );\"><div class=\"fusion-layout-column fusion_builder_column fusion-builder-column-0 fusion_builder_column_1_4 1_4 fusion-flex-column\" style=\"--awb-padding-top:20px;--awb-bg-size:cover;--awb-width-large:25%;--awb-margin-top-large:0px;--awb-spacing-right-large:7.68%;--awb-margin-bottom-large:30px;--awb-spacing-left-large:7.68%;--awb-width-medium:100%;--awb-order-medium:0;--awb-spacing-right-medium:1.92%;--awb-spacing-left-medium:1.92%;--awb-width-small:100%;--awb-order-small:0;--awb-spacing-right-small:1.92%;--awb-spacing-left-small:1.92%;\"><div class=\"fusion-column-wrapper fusion-column-has-shadow fusion-flex-justify-content-flex-start fusion-content-layout-column\"><div class=\"fusion-text fusion-text-1\"><p style=\"text-align: center;\"><a href=\"https:\/\/www.arca24.com\/es\/quienes-somos\/\">Qui\u00e9nes Somos<\/a><\/p>\n<\/div><\/div><\/div><div class=\"fusion-layout-column fusion_builder_column fusion-builder-column-1 fusion_builder_column_1_4 1_4 fusion-flex-column\" style=\"--awb-padding-top:20px;--awb-bg-size:cover;--awb-width-large:25%;--awb-margin-top-large:0px;--awb-spacing-right-large:7.68%;--awb-margin-bottom-large:30px;--awb-spacing-left-large:7.68%;--awb-width-medium:100%;--awb-order-medium:0;--awb-spacing-right-medium:1.92%;--awb-spacing-left-medium:1.92%;--awb-width-small:100%;--awb-order-small:0;--awb-spacing-right-small:1.92%;--awb-spacing-left-small:1.92%;\"><div class=\"fusion-column-wrapper fusion-column-has-shadow fusion-flex-justify-content-flex-start fusion-content-layout-column\"><div class=\"fusion-text fusion-text-2\"><p style=\"text-align: center;\"><a href=\"https:\/\/crm.arca24.careers\/jobs.php?source=&amp;lan=es&amp;language=es&amp;source=&amp;source=\" target=\"_blank\" rel=\"noopener noreferrer\">Trabajar con nosotros<\/a><\/p>\n<\/div><\/div><\/div><div class=\"fusion-layout-column fusion_builder_column fusion-builder-column-2 fusion_builder_column_1_4 1_4 fusion-flex-column\" style=\"--awb-padding-top:20px;--awb-bg-size:cover;--awb-width-large:25%;--awb-margin-top-large:0px;--awb-spacing-right-large:7.68%;--awb-margin-bottom-large:30px;--awb-spacing-left-large:7.68%;--awb-width-medium:100%;--awb-order-medium:0;--awb-spacing-right-medium:1.92%;--awb-spacing-left-medium:1.92%;--awb-width-small:100%;--awb-order-small:0;--awb-spacing-right-small:1.92%;--awb-spacing-left-small:1.92%;\"><div class=\"fusion-column-wrapper fusion-column-has-shadow fusion-flex-justify-content-flex-start fusion-content-layout-column\"><div class=\"fusion-text fusion-text-3\"><p style=\"text-align: center;\"><a href=\"https:\/\/www.arca24.com\/es\/contacto\/\">Cont\u00e1cto<\/a><\/p>\n<\/div><\/div><\/div><div class=\"fusion-layout-column fusion_builder_column fusion-builder-column-3 fusion_builder_column_1_4 1_4 fusion-flex-column\" style=\"--awb-padding-top:20px;--awb-bg-size:cover;--awb-width-large:25%;--awb-margin-top-large:0px;--awb-spacing-right-large:7.68%;--awb-margin-bottom-large:30px;--awb-spacing-left-large:7.68%;--awb-width-medium:100%;--awb-order-medium:0;--awb-spacing-right-medium:1.92%;--awb-spacing-left-medium:1.92%;--awb-width-small:100%;--awb-order-small:0;--awb-spacing-right-small:1.92%;--awb-spacing-left-small:1.92%;\"><div class=\"fusion-column-wrapper fusion-column-has-shadow fusion-flex-justify-content-flex-start fusion-content-layout-column\"><div class=\"fusion-text fusion-text-4\"><p style=\"text-align: center;\"><a href=\"https:\/\/www.arca24.com\/es\/cumplimiento-legal\/\"><span style=\"color: #e52544;\">Cumplimiento legal<\/span><\/a><\/p>\n<\/div><div class=\"fusion-separator\" style=\"align-self: center;margin-left: auto;margin-right: auto;width:100%;max-width:250px;\"><div class=\"fusion-separator-border sep-single\" style=\"--awb-height:20px;--awb-amount:20px;--awb-sep-color:#e52544;border-color:#e52544;border-top-width:2px;\"><\/div><\/div><\/div><\/div><\/div><\/div><div class=\"fusion-fullwidth fullwidth-box fusion-builder-row-2 fusion-flex-container nonhundred-percent-fullwidth non-hundred-percent-height-scrolling\" style=\"--awb-border-radius-top-left:0px;--awb-border-radius-top-right:0px;--awb-border-radius-bottom-right:0px;--awb-border-radius-bottom-left:0px;--awb-padding-top:80px;--awb-padding-bottom:30px;--awb-flex-wrap:wrap;\" ><div class=\"fusion-builder-row fusion-row fusion-flex-align-items-stretch fusion-flex-content-wrap\" style=\"max-width:calc( 1170px + 0px );margin-left: calc(-0px \/ 2 );margin-right: calc(-0px \/ 2 );\"><div class=\"fusion-layout-column fusion_builder_column fusion-builder-column-4 fusion_builder_column_1_1 1_1 fusion-flex-column\" style=\"--awb-bg-size:cover;--awb-width-large:100%;--awb-margin-top-large:0px;--awb-spacing-right-large:0px;--awb-margin-bottom-large:30px;--awb-spacing-left-large:0px;--awb-width-medium:100%;--awb-spacing-right-medium:0px;--awb-spacing-left-medium:0px;--awb-width-small:100%;--awb-spacing-right-small:0px;--awb-spacing-left-small:0px;\"><div class=\"fusion-column-wrapper fusion-flex-justify-content-flex-start fusion-content-layout-column\"><div class=\"fusion-text fusion-text-5\"><h3 style=\"text-align: left;\"><span style=\"font-size: 24px;\">Condiciones generales de venta\/uso de los servicios de Arca24<\/span><\/h3>\n<\/div><div class=\"fusion-separator\" style=\"align-self: flex-start;margin-right:auto;margin-top:-10px;margin-bottom:40px;width:100%;max-width:200px;\"><div class=\"fusion-separator-border sep-single\" style=\"--awb-height:20px;--awb-amount:20px;--awb-sep-color:#1d2028;border-color:#1d2028;border-top-width:1px;\"><\/div><\/div><div class=\"fusion-text fusion-text-6\"><h4 style=\"color: #1d2028;\">1. \u00c1mbito de aplicaci\u00f3n<\/h4>\n<p>Las presentes Condiciones Generales regulan las relaciones rec\u00edprocas entre Arca24 y sus clientes\/usuarios y son v\u00e1lidas para todos los servicios y ofertas ofrecidos por Arca24 que se explican en el punto 2.1 siguiente, salvo los acuerdos espec\u00edficos celebrados entre las partes.<\/p>\n<p>En caso de que el servicio requiera la emisi\u00f3n de una Orden de Compra, Arca24 se reserva la posibilidad de no aceptarla.<\/p>\n<h4 style=\"color: #1d2028;\">2. Oferta, precios, condiciones de pago<\/h4>\n<h5 style=\"color: #1d2028;\">2.1. Servicios ofrecidos<\/h5>\n<p>Arca24 proporciona a sus clientes\/usuarios los siguientes servicios (en adelante individualmente &#8220;el Servicio&#8221; o conjuntamente &#8220;los Servicios&#8221;): jobarch.com, cvideo.com, softskilllab.com.<\/p>\n<p>Para todos los servicios a la carta proporcionados por el Sitio, se aplican las presentes Condiciones Generales. S\u00f3lo en el caso de ofertas especiales de paquetes planos habr\u00e1 la posibilidad de descargar una Orden de Compra especial, cuyas condiciones complementar\u00e1n las de estas Condiciones Generales.<\/p>\n<p>Es necesario registrarse para todos estos servicios. El registro es de car\u00e1cter personal y no debe ser transferido, prestado o alquilado. La responsabilidad de cualquier acto contrario a las Condiciones Generales es directamente atribuible al usuario que haga un uso indebido de las mismas. El usuario puede cancelar su registro en cualquier momento, excepto el pago debido a Arca24 de acuerdo con el art\u00edculo 2.3 siguiente.<\/p>\n<p>Arca24 se reserva el derecho de suspender o interrumpir sus Servicios si los datos introducidos en ellos no son compatibles con el Servicio y\/o son contrarios a estas Condiciones Generales y\/o a la Ley.<\/p>\n<h5 style=\"color: #1d2028;\">2.2. Precios y condiciones de pago<\/h5>\n<p>Los precios vigentes de los servicios prestados, las formas de pago, as\u00ed como el contenido y la duraci\u00f3n de los Servicios se publican en el Sitio. Arca24 se reserva el derecho de cambiar los precios publicados de las ofertas online en cualquier momento. Lo importante es lo que se publica en el sitio en la fecha de la orden de compra o su posible renovaci\u00f3n.<\/p>\n<p>Salvo que las partes acuerden espec\u00edficamente y por escrito otra cosa, en el caso de los paquetes planos, se requiere el pago por adelantado mediante transferencia bancaria a los datos bancarios indicados en la orden de compra. En caso contrario, para todos los dem\u00e1s servicios, es posible realizar el pago a trav\u00e9s de Paypal o de cualquier otro sistema similar que garantice el mismo nivel de seguridad, que ser\u00e1 seguido por una factura autom\u00e1tica. Con el cobro del pago por parte de Arca24, el servicio solicitado se pone a disposici\u00f3n. En caso de pago ficticio o incompleto, Arca24 se reserva el derecho de suspender los Servicios del cliente en cuesti\u00f3n en cualquier momento y sin previo aviso. Todos los precios indicados para los servicios en l\u00ednea no incluyen el IVA.<\/p>\n<h5 style=\"color: #1d2028;\">2.3 No utilizaci\u00f3n<\/h5>\n<p>Los servicios se activar\u00e1n s\u00f3lo cuando se reciba el pago.<br \/>\nLa no utilizaci\u00f3n (total o parcial) de los servicios de Arca24 por parte del cliente\/usuario no influye en la cantidad que se debe a Arca24, que sigue siendo totalmente adeudada.<\/p>\n<h4 style=\"color: #1d2028;\">3. Derechos y deberes de Arca24<\/h4>\n<p><strong>Servicios<\/strong><br \/>\nArca24 se esfuerza por mejorar continuamente los Servicios para adaptarlos a las necesidades y requerimientos de los usuarios. Arca24 se reserva el derecho de modificar o eliminar ciertas funciones de los Servicios en cualquier momento y sin previo aviso, intentando sin embargo informar a los usuarios de todos los cambios o eliminaciones a trav\u00e9s de una comunicaci\u00f3n en el Sitio.<\/p>\n<p>Los servicios y todos sus contenidos se ponen a disposici\u00f3n sin garant\u00eda de ausencia de defectos. No garantizamos que la informaci\u00f3n y el contenido de los Servicios (de Arca24 o de los usuarios) sea completa o est\u00e9 libre de errores.<\/p>\n<p>El Sitio o partes de los Servicios que se proporcionan en \u00e9l pueden estar temporalmente no disponibles por diversas razones, sin que Arca24 asuma ninguna responsabilidad por este motivo.<\/p>\n<p>Arca24 hace todo lo posible para evitar un uso il\u00edcito del Servicio por parte de los posibles usuarios, pero no puede excluir a priori que esto ocurra. Por lo tanto, cualquier responsabilidad de Arca24, por cualquier motivo, relacionada con dicho uso queda excluida a partir de ahora.<\/p>\n<p><strong>Responsabilidad<\/strong><br \/>\nArca24 no asume ninguna responsabilidad por la exactitud, contenido, integridad, legalidad, fiabilidad, funcionalidad o disponibilidad de la informaci\u00f3n o el material que se pueda mostrar usando los Servicios. Adem\u00e1s, Arca24 no es responsable en modo alguno de las cancelaciones, el no almacenamiento, la no transmisi\u00f3n o el retraso en la transmisi\u00f3n de la informaci\u00f3n y el material, excepto en lo que se indique espec\u00edficamente en la orden de compra.<\/p>\n<p>Los servicios se proporcionan &#8220;como tales&#8221; sin ninguna otra forma de garant\u00eda. Los usuarios tienen la oportunidad de probar el Servicio en modo de demostraci\u00f3n. Dentro de los l\u00edmites de la ley, Arca24 no reconoce ninguna otra garant\u00eda, expresa o impl\u00edcita. Por otra parte, Arca24 no reconoce ninguna garant\u00eda en cuanto a la fiabilidad y la veracidad de los datos introducidos por terceros en el Servicio.<\/p>\n<p>Salvo que se establezca expresamente en la Pol\u00edtica de Privacidad, usted acepta descargar y\/o utilizar los materiales o datos obtenidos a trav\u00e9s de los Servicios a su propio riesgo y discreci\u00f3n y asumir toda la responsabilidad por cualquier da\u00f1o al sistema o p\u00e9rdida de datos que resulte de la descarga o el uso de dichos materiales o datos.<\/p>\n<p>En ning\u00fan caso Arca24 ser\u00e1 responsable de los da\u00f1os causados por el mal uso de los Servicios o que surjan de las reclamaciones en relaci\u00f3n con los mismos. Esta limitaci\u00f3n de responsabilidad se aplica a los da\u00f1os directos, indirectos, incidentales, consecuentes, especiales, ejemplares o de otro tipo. La anterior limitaci\u00f3n de responsabilidad tambi\u00e9n se aplica a los da\u00f1os y perjuicios derivados del uso, el uso indebido o la dependencia de los Servicios, la incapacidad de utilizar los Servicios, o la interrupci\u00f3n, suspensi\u00f3n o retirada de los Servicios (incluidos los da\u00f1os a terceros).<\/p>\n<p>Sin limitaci\u00f3n, Arca24 no ser\u00e1 responsable de los retrasos o problemas de funcionamiento que resulten directa o indirectamente de los desastres naturales y de los casos fortuitos o de las causas que escapen a su control, incluidas, sin limitaci\u00f3n, las fallas de Internet, de la computadora o del equipo inform\u00e1tico, las fallas de las telecomunicaciones u otros equipos, y las fallas el\u00e9ctricas, huelgas, conflictos laborales, manifestaciones, disturbios, manifestaciones civiles, escasez de mano de obra o materiales, incendios, inundaciones, tormentas el\u00e9ctricas, explosiones, acciones incontrolables, guerras, intervenciones gubernamentales, \u00f3rdenes de cortes o tribunales nacionales o internacionales, incumplimiento por parte de terceros, ca\u00eddas o fluctuaciones de calor, luz o aire acondicionado, pandemias.<\/p>\n<p><strong>Contenido y comportamiento del usuario<\/strong><br \/>\nArca24 no est\u00e1 obligada pero s\u00ed autorizada a verificar y\/o controlar la informaci\u00f3n introducida, transmitida o puesta a disposici\u00f3n en el Servicio por los usuarios.<\/p>\n<p>Arca24 no es responsable del comportamiento de los usuarios dentro o fuera de la red y no asume responsabilidad por su comportamiento o por la informaci\u00f3n\/materiales puestos a disposici\u00f3n por los usuarios.<\/p>\n<p>En cualquier caso, Arca24 se reserva el derecho, a su entera discreci\u00f3n, de llevar a cabo investigaciones en relaci\u00f3n con el uso del Servicio y de tomar las medidas apropiadas contra todas las personas que utilicen el Servicio:<\/p>\n<ul>\n<li>violan las disposiciones relativas a la conducta prohibida y el contenido inadmisible del Servicio;<\/li>\n<li>violan real o supuestamente las leyes aplicables;<\/li>\n<li>participar en conductas escandalosas, ilegales o que puedan violar los derechos de otros o comprometer o amenazar su seguridad.<\/li>\n<\/ul>\n<p>En tales casos, Arca24 se reserva expresamente el derecho de eliminar r\u00e1pidamente y sin previo aviso la informaci\u00f3n introducida por los usuarios y de impedir que el usuario utilice el Servicio de cualquier manera.<\/p>\n<h4 style=\"color: #1d2028;\">4. Derechos y obligaciones de los usuarios<\/h4>\n<p><strong>Datos completos y actuales<\/strong><br \/>\nEl usuario se compromete a proporcionar todos los datos relativos a su persona actualizados, correctos y completos. El usuario debe tener como m\u00ednimo la edad m\u00ednima establecida por la ley para el uso del Servicio. Adem\u00e1s, el usuario se compromete a actualizar con prontitud todos los datos pertinentes para la utilizaci\u00f3n del Servicio.<\/p>\n<p><strong>Contenido del usuario<\/strong><br \/>\nEl Arca24 permite a los usuarios introducir informaci\u00f3n\/materiales en el Servicio en papel y\/o en v\u00eddeo.<br \/>\nCada usuario es personal y exclusivamente responsable de la inserci\u00f3n, transmisi\u00f3n y\/o suministro de noticias, comunicaciones, textos, informaci\u00f3n y otros contenidos dentro del Servicio.<\/p>\n<p><strong>Guardar copias<\/strong><br \/>\nEst\u00e1 prohibido guardar copias de los contenidos recogidos a trav\u00e9s del Servicio. En cualquier caso, queda expresamente excluida cualquier responsabilidad de Arca24 por el tratamiento de datos no autorizados por ella, as\u00ed como por cualquier p\u00e9rdida de datos, salvo lo establecido en estas Condiciones Generales y\/o Pol\u00edtica de Privacidad y\/o normativa aplicable.<\/p>\n<p><strong>Reglas de conducta<\/strong><br \/>\nEl usuario asegura y garantiza no violar las leyes suizas pertinentes y los reglamentos de aplicaci\u00f3n general (GDPR) y, en particular, no poner a disposici\u00f3n contenidos de ning\u00fan tipo que violen los derechos de terceros o contengan material ilegal y\/o contrario a la moral. En particular, el usuario se compromete a no utilizar el Servicio para ninguna actividad fuera del \u00e1mbito del Servicio ofrecido y, en particular, a utilizar el Servicio para actividades de telemercadeo o similares y\/o la utilizaci\u00f3n de datos personales fuera del consentimiento adquirido por los propietarios.<\/p>\n<p><strong>Comportamiento con otros usuarios<\/strong><br \/>\nLos usuarios son personal y exclusivamente responsables de su comportamiento hacia otros usuarios.<\/p>\n<p>Por regla general, Arca24 no verifica la comunicaci\u00f3n entre los usuarios; sin embargo, esto se hace a trav\u00e9s de los servidores de Arca24 y, por lo tanto, Arca24 tiene derecho a bloquear o eliminar cualquier contenido de los usuarios sin previo aviso si esto es necesario, en la libre opini\u00f3n de Arca24, para proteger a otros usuarios o a la propia Arca24. Arca24 no tiene la carga de supervisar lo que se publica por los usuarios en el uso del Servicio y, por lo tanto, no puede ser considerado de ninguna manera responsable de cualquier acci\u00f3n de los usuarios\/clientes, incluso si la misma es perjudicial para los derechos de terceros.<\/p>\n<p><strong>Responsabilidad<\/strong><br \/>\nCada usuario es personalmente responsable del uso que haga del Servicio y de todas sus acciones relacionadas con \u00e9l, incluyendo su comportamiento con otros usuarios, y por lo tanto libera a Arca24 de cualquier responsabilidad en este sentido.<\/p>\n<h4 style=\"color: #1d2028;\">5. Derechos de propiedad<\/h4>\n<p>El Sitio y los Servicios contienen contenidos y tecnolog\u00edas de Arca24 que est\u00e1n protegidos por derechos de protecci\u00f3n industrial, como el derecho de autor. El usuario reconoce que, con excepci\u00f3n de todos los derechos de uso limitados otorgados por estas Condiciones Generales, todos los derechos derivados del Sitio y sus contenidos, puestos a disposici\u00f3n por Arca24, son y seguir\u00e1n siendo propiedad de Arca24.<\/p>\n<h4 style=\"color: #1d2028;\">6. Protecci\u00f3n de datos personales: remisi\u00f3n<\/h4>\n<p>En lo que respecta a la recopilaci\u00f3n, el almacenamiento y el uso de datos personales, Arca24 cumple con las normas y reglamentos de protecci\u00f3n de datos aplicables (Ley Federal de Protecci\u00f3n de Datos LPD y GDPR).<\/p>\n<p>La inscripci\u00f3n del candidato y de la empresa es voluntaria, sujeta a la aceptaci\u00f3n de las condiciones generales del Sitio y las espec\u00edficas de cada Servicio.<br \/>\nSeleccionando el campo Aceptar Privacidad y Condiciones Generales usted autoriza el tratamiento de los datos personales para los fines y en la forma descrita en la <a href=\"https:\/\/www.arca24.com\/es\/conformidad\/\"><u>Pol\u00edtica de Privacidad<\/u><\/a>.<\/p>\n<p>Arca24 es el controlador de datos de los servicios que ofrece. En el caso de que el usuario al utilizar los Servicios ofrecidos por Arca24 inserte datos personales de terceros, el propio usuario pasar\u00eda a ser el propietario de facto del tratamiento de dichos datos personales mientras que Arca24 asumir\u00eda el rol de responsable del tratamiento de los mismos. datos personales de conformidad y para los efectos del art. 28 del RGPD.<\/p>\n<h4 style=\"color: #1d2028;\">7. Cancelaciones y cambios<\/h4>\n<p>La relaci\u00f3n contractual entre Arca24 y el usuario puede ser terminada en cualquier momento por cualquiera de las partes, a su sola discreci\u00f3n, con efecto inmediato. Los precios de los servicios de pago no se devuelven al usuario bajo ninguna circunstancia.<\/p>\n<p>Arca24 se reserva el derecho de interrumpir temporalmente, eliminar o reemplazar todos o algunos de los servicios del Sitio. Arca24 se reserva tanto el derecho de declarar que ciertos servicios gratuitos ser\u00e1n pagados en el futuro como el derecho de modificar los servicios de pago o el precio de los servicios de pago en cualquier momento.<\/p>\n<h4 style=\"color: #1d2028;\">8. Derecho aplicable\/Jurisdicci\u00f3n<\/h4>\n<p>La relaci\u00f3n contractual entre Arca24 y el cliente\/usuario se rige por las leyes de la Confederaci\u00f3n Suiza, que prevalecer\u00e1n en caso de conflicto con las dem\u00e1s leyes vigentes en la Confederaci\u00f3n Suiza.<\/p>\n<p>La competencia en caso de litigio es exclusivamente del Tribunal de Magistrados de Lugano, con derecho a apelar a tribunales superiores.<\/p>\n<\/div><\/div><\/div><\/div><\/div><\/p>\n","protected":false},"excerpt":{"rendered":"","protected":false},"author":3493,"featured_media":0,"parent":0,"menu_order":0,"comment_status":"closed","ping_status":"closed","template":"100-width.php","meta":{"footnotes":""},"class_list":["post-39681","page","type-page","status-publish","hentry"],"yoast_head":"<!-- This site is optimized with the Yoast SEO Premium plugin v14.7 - https:\/\/yoast.com\/wordpress\/plugins\/seo\/ -->\n<title>T\u00e9rminos y Condiciones - Cloud HR innovative software | Arca24<\/title>\n<meta name=\"description\" content=\"Esta p\u00e1gina describe las condiciones generales de venta\/uso de los servicios de Arca24.\" \/>\n<meta name=\"robots\" content=\"index, follow\" \/>\n<meta name=\"googlebot\" content=\"index, follow, max-snippet:-1, max-image-preview:large, max-video-preview:-1\" \/>\n<meta name=\"bingbot\" content=\"index, follow, max-snippet:-1, max-image-preview:large, max-video-preview:-1\" \/>\n<link rel=\"canonical\" href=\"https:\/\/www.arca24.com\/es\/terminos-y-condiciones\/\" \/>\n<meta property=\"og:locale\" content=\"en_US\" \/>\n<meta property=\"og:type\" content=\"article\" \/>\n<meta property=\"og:title\" content=\"T\u00e9rminos y Condiciones - Cloud HR innovative software | Arca24\" \/>\n<meta property=\"og:description\" content=\"Esta p\u00e1gina describe las condiciones generales de venta\/uso de los servicios de Arca24.\" \/>\n<meta property=\"og:url\" content=\"https:\/\/www.arca24.com\/es\/terminos-y-condiciones\/\" \/>\n<meta property=\"og:site_name\" content=\"Cloud HR innovative software | Arca24\" \/>\n<meta property=\"article:modified_time\" content=\"2021-05-06T12:29:39+00:00\" \/>\n<meta property=\"og:image\" content=\"https:\/\/www.arca24.com\/es\/wp-content\/uploads\/2022\/05\/a24-FI_homees.jpg\" \/>\n\t<meta property=\"og:image:width\" content=\"1920\" \/>\n\t<meta property=\"og:image:height\" content=\"1080\" \/>\n<meta name=\"twitter:card\" content=\"summary_large_image\" \/>\n<script type=\"application\/ld+json\" class=\"yoast-schema-graph\">{\"@context\":\"https:\/\/schema.org\",\"@graph\":[{\"@type\":\"WebSite\",\"@id\":\"https:\/\/www.arca24.com\/es\/#website\",\"url\":\"https:\/\/www.arca24.com\/es\/\",\"name\":\"Cloud HR innovative software | Arca24\",\"description\":\"Your time, our technology\",\"potentialAction\":[{\"@type\":\"SearchAction\",\"target\":\"https:\/\/www.arca24.com\/es\/?s={search_term_string}\",\"query-input\":\"required name=search_term_string\"}],\"inLanguage\":\"en-US\"},{\"@type\":\"WebPage\",\"@id\":\"https:\/\/www.arca24.com\/es\/terminos-y-condiciones\/#webpage\",\"url\":\"https:\/\/www.arca24.com\/es\/terminos-y-condiciones\/\",\"name\":\"T\\u00e9rminos y Condiciones - Cloud HR innovative software | Arca24\",\"isPartOf\":{\"@id\":\"https:\/\/www.arca24.com\/es\/#website\"},\"datePublished\":\"2020-10-18T13:20:39+00:00\",\"dateModified\":\"2021-05-06T12:29:39+00:00\",\"description\":\"Esta p\\u00e1gina describe las condiciones generales de venta\/uso de los servicios de Arca24.\",\"inLanguage\":\"en-US\",\"potentialAction\":[{\"@type\":\"ReadAction\",\"target\":[\"https:\/\/www.arca24.com\/es\/terminos-y-condiciones\/\"]}]}]}<\/script>\n<!-- \/ Yoast SEO Premium plugin. -->","_links":{"self":[{"href":"https:\/\/www.arca24.com\/es\/wp-json\/wp\/v2\/pages\/39681","targetHints":{"allow":["GET"]}}],"collection":[{"href":"https:\/\/www.arca24.com\/es\/wp-json\/wp\/v2\/pages"}],"about":[{"href":"https:\/\/www.arca24.com\/es\/wp-json\/wp\/v2\/types\/page"}],"author":[{"embeddable":true,"href":"https:\/\/www.arca24.com\/es\/wp-json\/wp\/v2\/users\/3493"}],"replies":[{"embeddable":true,"href":"https:\/\/www.arca24.com\/es\/wp-json\/wp\/v2\/comments?post=39681"}],"version-history":[{"count":10,"href":"https:\/\/www.arca24.com\/es\/wp-json\/wp\/v2\/pages\/39681\/revisions"}],"predecessor-version":[{"id":40225,"href":"https:\/\/www.arca24.com\/es\/wp-json\/wp\/v2\/pages\/39681\/revisions\/40225"}],"wp:attachment":[{"href":"https:\/\/www.arca24.com\/es\/wp-json\/wp\/v2\/media?parent=39681"}],"curies":[{"name":"wp","href":"https:\/\/api.w.org\/{rel}","templated":true}]}}