{"id":39682,"date":"2020-10-18T15:26:07","date_gmt":"2020-10-18T13:26:07","guid":{"rendered":"https:\/\/www.arca24.com\/es\/?page_id=39682"},"modified":"2023-08-11T12:38:11","modified_gmt":"2023-08-11T10:38:11","slug":"politica-de-calidad-sistema-de-reclutamiento-de-personal","status":"publish","type":"page","link":"https:\/\/www.arca24.com\/es\/politica-de-calidad-sistema-de-reclutamiento-de-personal\/","title":{"rendered":"Pol\u00edtica de Calidad"},"content":{"rendered":"<p><div class=\"fusion-fullwidth fullwidth-box fusion-builder-row-1 fusion-flex-container nonhundred-percent-fullwidth non-hundred-percent-height-scrolling\" style=\"--awb-border-radius-top-left:0px;--awb-border-radius-top-right:0px;--awb-border-radius-bottom-right:0px;--awb-border-radius-bottom-left:0px;--awb-padding-top:80px;--awb-padding-bottom:30px;--awb-flex-wrap:wrap;\" ><div class=\"fusion-builder-row fusion-row fusion-flex-align-items-stretch fusion-flex-content-wrap\" style=\"max-width:1216.8px;margin-left: calc(-4% \/ 2 );margin-right: calc(-4% \/ 2 );\"><div class=\"fusion-layout-column fusion_builder_column fusion-builder-column-0 fusion_builder_column_1_1 1_1 fusion-flex-column\" style=\"--awb-bg-size:cover;--awb-width-large:100%;--awb-margin-top-large:0px;--awb-spacing-right-large:1.92%;--awb-margin-bottom-large:30px;--awb-spacing-left-large:1.92%;--awb-width-medium:100%;--awb-spacing-right-medium:1.92%;--awb-spacing-left-medium:1.92%;--awb-width-small:100%;--awb-spacing-right-small:1.92%;--awb-spacing-left-small:1.92%;\"><div class=\"fusion-column-wrapper fusion-flex-justify-content-flex-start fusion-content-layout-column\"><div class=\"fusion-text fusion-text-1\" style=\"--awb-font-size:56px;--awb-line-height:1;--awb-text-color:#212945;--awb-text-font-family:&quot;Archivo&quot;;--awb-text-font-style:normal;--awb-text-font-weight:700;\"><p>Pol\u00edtica de calidad<\/p>\n<\/div><div class=\"fusion-separator\" style=\"align-self: flex-start;margin-right:auto;margin-top:-10px;width:100%;max-width:200px;\"><\/div><\/div><\/div><\/div><\/div><div class=\"fusion-fullwidth fullwidth-box fusion-builder-row-2 fusion-flex-container nonhundred-percent-fullwidth non-hundred-percent-height-scrolling\" style=\"--awb-border-radius-top-left:0px;--awb-border-radius-top-right:0px;--awb-border-radius-bottom-right:0px;--awb-border-radius-bottom-left:0px;--awb-flex-wrap:wrap;\" ><div class=\"fusion-builder-row fusion-row fusion-flex-align-items-stretch fusion-flex-content-wrap\" style=\"max-width:1216.8px;margin-left: calc(-4% \/ 2 );margin-right: calc(-4% \/ 2 );\"><div class=\"fusion-layout-column fusion_builder_column fusion-builder-column-1 fusion_builder_column_1_1 1_1 fusion-flex-column\" style=\"--awb-bg-size:cover;--awb-width-large:100%;--awb-margin-top-large:0px;--awb-spacing-right-large:1.92%;--awb-margin-bottom-large:30px;--awb-spacing-left-large:1.92%;--awb-width-medium:100%;--awb-spacing-right-medium:1.92%;--awb-spacing-left-medium:1.92%;--awb-width-small:100%;--awb-spacing-right-small:1.92%;--awb-spacing-left-small:1.92%;\"><div class=\"fusion-column-wrapper fusion-flex-justify-content-flex-start fusion-content-layout-column\"><div class=\"fusion-text fusion-text-2\"><p><em>Esta p\u00e1gina describe el compromiso de Arca24.com SA en la preparaci\u00f3n y administraci\u00f3n del Sistema de Gesti\u00f3n de Calidad (SGC), el cumplimiento de los reglamentos y normas vigentes y aplicables, as\u00ed como el cumplimiento de otros requisitos hechos voluntariamente por la empresa.<\/em><\/p>\n<\/div><div class=\"fusion-text fusion-text-3\"><p>Arca24.com SA promueve todas las acciones necesarias para que su trabajo, en cumplimiento de todos los requisitos legales o de otro tipo, se oriente al logro de los siguientes objetivos:<\/p>\n<ol>\n<li><strong>establecer, aplicar, mantener en funcionamiento y revisar peri\u00f3dicamente el Sistema de Gesti\u00f3n de la Calidad<\/strong>, concebido como un instrumento \u00fatil y din\u00e1mico que permita a la organizaci\u00f3n alcanzar los objetivos fijados, tambi\u00e9n de conformidad con los compromisos contra\u00eddos con las partes interesadas;<\/li>\n<li><strong>mejorar la organizaci\u00f3n de producci\u00f3n, servicio y ventas<\/strong>, tambi\u00e9n gracias a los cambios tecnol\u00f3gicos, buscando siempre altos est\u00e1ndares de calidad;<\/li>\n<li><strong>perseguir la satisfacci\u00f3n del cliente<\/strong>, maximizando la percepci\u00f3n del valor de los productos suministrados y tendiendo a satisfacer las expectativas con continuidad;<\/li>\n<li><strong>aumentar el valor de sus empleados<\/strong>, considerados un elemento fundamental del crecimiento de la empresa, aumentar sus conocimientos y aptitudes mediante v\u00edas de crecimiento e informaci\u00f3n adecuadas y promover su concienciaci\u00f3n y participaci\u00f3n, de modo que compartan y apliquen esta Pol\u00edtica de la Empresa y adopten comportamientos acordes con los principios expresados en ella, con el fin de reducir progresivamente los riesgos inherentes a las actividades que realizan y su impacto en la calidad, la seguridad y el medio ambiente;<\/li>\n<li><strong>dar una importancia b\u00e1sica a la calidad, la protecci\u00f3n del lugar de trabajo y la salud de los trabajadores y la protecci\u00f3n del medio ambiente<\/strong>. Por ello, todos deben esforzarse por llevar a cabo sus actividades de manera racional y eficiente, conciliando el crecimiento econ\u00f3mico con la protecci\u00f3n de la salud, la seguridad y el medio ambiente, minimizando el impacto de nuestras actividades y garantizando siempre las mejores y m\u00e1s seguras condiciones de trabajo;<\/li>\n<li><strong>comprometi\u00e9ndose diariamente, asignando los recursos adecuados (econ\u00f3micos, t\u00e9cnicos y humanos), a la consecuci\u00f3n de los objetivos de Arca24.com SA<\/strong>, definiendo funciones, responsabilidades y deberes y comprobando peri\u00f3dicamente el grado de aplicaci\u00f3n y logro;<\/li>\n<li><strong>garantizar y apoyar, a trav\u00e9s de canales de comunicaci\u00f3n adecuados, la concienciaci\u00f3n de todo el personal y colaboradores<\/strong> que, por diversas razones, trabajan en colaboraci\u00f3n o en nombre de la empresa, sobre su funci\u00f3n, las consecuencias de sus actos y los riesgos relativos a la no aplicaci\u00f3n de procedimientos de calidad;<\/li>\n<li><strong>proseguir con continuidad y determinaci\u00f3n la mejora del SGC<\/strong>, trabajando en la definici\u00f3n de objetivos y programas cada vez m\u00e1s ambiciosos, vigilando a lo largo del tiempo sus operaciones, las condiciones de cumplimiento y la idoneidad para prevenir cualquier riesgo de infracci\u00f3n, apoyando un plan de auditor\u00eda adecuado, definiendo indicadores apropiados para evaluar la eficacia de los procesos de cada empresa y analizando los datos del mercado, las no conformidades, las quejas, los accidentes y los resultados de anteriores ex\u00e1menes de la gesti\u00f3n.<\/li>\n<\/ol>\n<p><strong>La Pol\u00edtica de la Empresa<\/strong>, definida por la Direcci\u00f3n de Arca24.com SA, ha sido desarrollada de acuerdo con los valores y creencias fundacionales de la Empresa y se considera adecuada a los prop\u00f3sitos y contexto en el que opera, sus directrices estrat\u00e9gicas, la naturaleza y tama\u00f1o de los riesgos detectados, las actividades y procesos que all\u00ed tienen lugar y es aplicable a todos los niveles de la organizaci\u00f3n. Como tal, se comunicar\u00e1 y difundir\u00e1 a todo el personal. Tambi\u00e9n se garantiza su disponibilidad para todos los destinatarios, mediante la exposici\u00f3n en la sede, as\u00ed como mediante la publicaci\u00f3n en el sitio web, o mediante la entrega a petici\u00f3n.<\/p>\n<\/div><\/div><\/div><\/div><\/div><\/p>\n","protected":false},"excerpt":{"rendered":"","protected":false},"author":3493,"featured_media":40883,"parent":0,"menu_order":0,"comment_status":"closed","ping_status":"closed","template":"100-width.php","meta":{"footnotes":""},"class_list":["post-39682","page","type-page","status-publish","has-post-thumbnail","hentry"],"yoast_head":"<!-- This site is optimized with the Yoast SEO Premium plugin v14.7 - https:\/\/yoast.com\/wordpress\/plugins\/seo\/ -->\n<title>Politica de Calidad | Sistema de Reclutamiento de Personal | Arca24<\/title>\n<meta name=\"description\" content=\"Arca24, empresas de desarrollo de software y dedicadas a la inteligencia artificial para seleccion de personal como: test personalidad entrevista de trabajo, test psicotecnicos de recursos humanos, etc.\" \/>\n<meta name=\"robots\" content=\"index, follow\" \/>\n<meta name=\"googlebot\" content=\"index, follow, max-snippet:-1, max-image-preview:large, max-video-preview:-1\" \/>\n<meta name=\"bingbot\" content=\"index, follow, max-snippet:-1, max-image-preview:large, max-video-preview:-1\" \/>\n<link rel=\"canonical\" href=\"https:\/\/www.arca24.com\/es\/politica-de-calidad-sistema-de-reclutamiento-de-personal\/\" \/>\n<meta property=\"og:locale\" content=\"en_US\" \/>\n<meta property=\"og:type\" content=\"article\" \/>\n<meta property=\"og:title\" content=\"Politica de Calidad | Sistema de Reclutamiento de Personal | Arca24\" \/>\n<meta property=\"og:description\" content=\"Arca24, empresas de desarrollo de software y dedicadas a la inteligencia artificial para seleccion de personal como: test personalidad entrevista de trabajo, test psicotecnicos de recursos humanos, etc.\" \/>\n<meta property=\"og:url\" content=\"https:\/\/www.arca24.com\/es\/politica-de-calidad-sistema-de-reclutamiento-de-personal\/\" \/>\n<meta property=\"og:site_name\" content=\"Cloud HR innovative software | Arca24\" \/>\n<meta property=\"article:modified_time\" content=\"2023-08-11T10:38:11+00:00\" \/>\n<meta property=\"og:image\" content=\"https:\/\/www.arca24.com\/es\/wp-content\/uploads\/2022\/05\/a24-FI_homees.jpg\" \/>\n\t<meta property=\"og:image:width\" content=\"1920\" \/>\n\t<meta property=\"og:image:height\" content=\"1080\" \/>\n<meta name=\"twitter:card\" content=\"summary_large_image\" \/>\n<script type=\"application\/ld+json\" class=\"yoast-schema-graph\">{\"@context\":\"https:\/\/schema.org\",\"@graph\":[{\"@type\":\"WebSite\",\"@id\":\"https:\/\/www.arca24.com\/es\/#website\",\"url\":\"https:\/\/www.arca24.com\/es\/\",\"name\":\"Cloud HR innovative software | Arca24\",\"description\":\"Your time, our technology\",\"potentialAction\":[{\"@type\":\"SearchAction\",\"target\":\"https:\/\/www.arca24.com\/es\/?s={search_term_string}\",\"query-input\":\"required name=search_term_string\"}],\"inLanguage\":\"en-US\"},{\"@type\":\"ImageObject\",\"@id\":\"https:\/\/www.arca24.com\/es\/politica-de-calidad-sistema-de-reclutamiento-de-personal\/#primaryimage\",\"inLanguage\":\"en-US\",\"url\":\"https:\/\/www.arca24.com\/es\/wp-content\/uploads\/2022\/05\/a24-FI_homees.jpg\",\"width\":1920,\"height\":1080},{\"@type\":\"WebPage\",\"@id\":\"https:\/\/www.arca24.com\/es\/politica-de-calidad-sistema-de-reclutamiento-de-personal\/#webpage\",\"url\":\"https:\/\/www.arca24.com\/es\/politica-de-calidad-sistema-de-reclutamiento-de-personal\/\",\"name\":\"Politica de Calidad | Sistema de Reclutamiento de Personal | Arca24\",\"isPartOf\":{\"@id\":\"https:\/\/www.arca24.com\/es\/#website\"},\"primaryImageOfPage\":{\"@id\":\"https:\/\/www.arca24.com\/es\/politica-de-calidad-sistema-de-reclutamiento-de-personal\/#primaryimage\"},\"datePublished\":\"2020-10-18T13:26:07+00:00\",\"dateModified\":\"2023-08-11T10:38:11+00:00\",\"description\":\"Arca24, empresas de desarrollo de software y dedicadas a la inteligencia artificial para seleccion de personal como: test personalidad entrevista de trabajo, test psicotecnicos de recursos humanos, etc.\",\"inLanguage\":\"en-US\",\"potentialAction\":[{\"@type\":\"ReadAction\",\"target\":[\"https:\/\/www.arca24.com\/es\/politica-de-calidad-sistema-de-reclutamiento-de-personal\/\"]}]}]}<\/script>\n<!-- \/ Yoast SEO Premium plugin. -->","_links":{"self":[{"href":"https:\/\/www.arca24.com\/es\/wp-json\/wp\/v2\/pages\/39682","targetHints":{"allow":["GET"]}}],"collection":[{"href":"https:\/\/www.arca24.com\/es\/wp-json\/wp\/v2\/pages"}],"about":[{"href":"https:\/\/www.arca24.com\/es\/wp-json\/wp\/v2\/types\/page"}],"author":[{"embeddable":true,"href":"https:\/\/www.arca24.com\/es\/wp-json\/wp\/v2\/users\/3493"}],"replies":[{"embeddable":true,"href":"https:\/\/www.arca24.com\/es\/wp-json\/wp\/v2\/comments?post=39682"}],"version-history":[{"count":12,"href":"https:\/\/www.arca24.com\/es\/wp-json\/wp\/v2\/pages\/39682\/revisions"}],"predecessor-version":[{"id":41356,"href":"https:\/\/www.arca24.com\/es\/wp-json\/wp\/v2\/pages\/39682\/revisions\/41356"}],"wp:featuredmedia":[{"embeddable":true,"href":"https:\/\/www.arca24.com\/es\/wp-json\/wp\/v2\/media\/40883"}],"wp:attachment":[{"href":"https:\/\/www.arca24.com\/es\/wp-json\/wp\/v2\/media?parent=39682"}],"curies":[{"name":"wp","href":"https:\/\/api.w.org\/{rel}","templated":true}]}}