{"id":16272,"date":"2021-01-20T14:31:12","date_gmt":"2021-01-20T13:31:12","guid":{"rendered":"https:\/\/www.arca24.com\/examinlab\/?page_id=16272"},"modified":"2023-05-08T09:28:01","modified_gmt":"2023-05-08T07:28:01","slug":"contacto-prueba-de-competencias","status":"publish","type":"page","link":"https:\/\/www.arca24.com\/examinlab\/es\/contacto-prueba-de-competencias\/","title":{"rendered":"Cont\u00e1cto"},"content":{"rendered":"<div class=\"fusion-fullwidth fullwidth-box fusion-builder-row-1 fusion-flex-container hundred-percent-fullwidth non-hundred-percent-height-scrolling\" style=\"--awb-border-radius-top-left:0px;--awb-border-radius-top-right:0px;--awb-border-radius-bottom-right:0px;--awb-border-radius-bottom-left:0px;--awb-padding-right:6%;--awb-padding-left:6%;--awb-margin-bottom:60px;--awb-flex-wrap:wrap;\" ><div class=\"fusion-builder-row fusion-row fusion-flex-align-items-flex-start fusion-flex-content-wrap\" style=\"width:104% !important;max-width:104% !important;margin-left: calc(-4% \/ 2 );margin-right: calc(-4% \/ 2 );\"><div class=\"fusion-layout-column fusion_builder_column fusion-builder-column-0 fusion_builder_column_1_2 1_2 fusion-flex-column\" style=\"--awb-bg-size:cover;--awb-border-color:#b9afa1;--awb-border-right:0;--awb-border-style:solid;--awb-width-large:50%;--awb-margin-top-large:80px;--awb-spacing-right-large:3.84%;--awb-margin-bottom-large:-80px;--awb-spacing-left-large:3.84%;--awb-width-medium:100%;--awb-order-medium:0;--awb-spacing-right-medium:1.92%;--awb-spacing-left-medium:1.92%;--awb-width-small:100%;--awb-order-small:0;--awb-spacing-right-small:1.92%;--awb-spacing-left-small:1.92%;\"><div class=\"fusion-column-wrapper fusion-column-has-shadow fusion-flex-justify-content-flex-start fusion-content-layout-column\"><div class=\"fusion-text fusion-text-1\" style=\"--awb-font-size:48px;--awb-line-height:1.2;--awb-text-color:#1d2028;--awb-text-font-family:&quot;Poppins&quot;;--awb-text-font-style:normal;--awb-text-font-weight:700;\"><p>\u00bfEst\u00e1s interesado en ExaminLab?<\/p>\n<\/div><div class=\"fusion-text fusion-text-2\" style=\"--awb-font-size:24px;--awb-line-height:1.2;--awb-text-color:#1d2028;--awb-text-font-family:&quot;Poppins&quot;;--awb-text-font-style:normal;--awb-text-font-weight:700;\"><p>Por favor, rellena el formulario y nos pondremos en contacto contigo lo antes posible.<\/p>\n<\/div><\/div><\/div><div class=\"fusion-layout-column fusion_builder_column fusion-builder-column-1 fusion_builder_column_1_2 1_2 fusion-flex-column\" style=\"--awb-bg-size:cover;--awb-border-color:#b9afa1;--awb-border-right:0;--awb-border-style:solid;--awb-width-large:50%;--awb-margin-top-large:80px;--awb-spacing-right-large:3.84%;--awb-margin-bottom-large:-80px;--awb-spacing-left-large:3.84%;--awb-width-medium:100%;--awb-order-medium:0;--awb-spacing-right-medium:1.92%;--awb-spacing-left-medium:1.92%;--awb-width-small:100%;--awb-order-small:0;--awb-spacing-right-small:1.92%;--awb-spacing-left-small:1.92%;\"><div class=\"fusion-column-wrapper fusion-column-has-shadow fusion-flex-justify-content-flex-start fusion-content-layout-column\">\n<div class=\"wpcf7 no-js\" id=\"wpcf7-f16296-o1\" lang=\"it-IT\" dir=\"ltr\">\n<div class=\"screen-reader-response\"><p role=\"status\" aria-live=\"polite\" aria-atomic=\"true\"><\/p> <ul><\/ul><\/div>\n<form action=\"\/examinlab\/wp-json\/wp\/v2\/pages\/16272#wpcf7-f16296-o1\" method=\"post\" class=\"wpcf7-form init\" aria-label=\"Modulo di contatto\" novalidate=\"novalidate\" data-status=\"init\">\n<div style=\"display: none;\">\n<input type=\"hidden\" name=\"_wpcf7\" value=\"16296\" \/>\n<input type=\"hidden\" name=\"_wpcf7_version\" value=\"5.8.1\" \/>\n<input type=\"hidden\" name=\"_wpcf7_locale\" value=\"it_IT\" \/>\n<input type=\"hidden\" name=\"_wpcf7_unit_tag\" value=\"wpcf7-f16296-o1\" \/>\n<input type=\"hidden\" name=\"_wpcf7_container_post\" value=\"0\" \/>\n<input type=\"hidden\" name=\"_wpcf7_posted_data_hash\" value=\"\" \/>\n<\/div>\n<p><br \/>\n<span class=\"wpcf7-form-control-wrap\" data-name=\"your-name\"><input size=\"40\" class=\"wpcf7-form-control wpcf7-text wpcf7-validates-as-required\" aria-required=\"true\" aria-invalid=\"false\" placeholder=\"Nombre Appellidos*\" value=\"\" type=\"text\" name=\"your-name\" \/><\/span>\n<\/p>\n<p><br \/>\n<span class=\"wpcf7-form-control-wrap\" data-name=\"your-email\"><input size=\"40\" class=\"wpcf7-form-control wpcf7-email wpcf7-validates-as-required wpcf7-text wpcf7-validates-as-email\" aria-required=\"true\" aria-invalid=\"false\" placeholder=\"E-mail*\" value=\"\" type=\"email\" name=\"your-email\" \/><\/span>\n<\/p>\n<p><br \/>\n<span class=\"wpcf7-form-control-wrap\" data-name=\"your-company\"><input size=\"40\" class=\"wpcf7-form-control wpcf7-text wpcf7-validates-as-required\" aria-required=\"true\" aria-invalid=\"false\" placeholder=\"Nombre de la empresa*\" value=\"\" type=\"text\" name=\"your-company\" \/><\/span>\n<\/p>\n<p><br \/>\n<span class=\"wpcf7-form-control-wrap\" data-name=\"your-website\"><input size=\"40\" class=\"wpcf7-form-control wpcf7-text wpcf7-validates-as-required\" aria-required=\"true\" aria-invalid=\"false\" placeholder=\"Sitio web corporativo*\" value=\"\" type=\"text\" name=\"your-website\" \/><\/span>\n<\/p>\n<p><br \/>\n<span class=\"wpcf7-form-control-wrap\" data-name=\"your-phone\"><input size=\"40\" class=\"wpcf7-form-control wpcf7-tel wpcf7-validates-as-required wpcf7-text wpcf7-validates-as-tel\" aria-required=\"true\" aria-invalid=\"false\" placeholder=\"Tel\u00e9fono*\" value=\"\" type=\"tel\" name=\"your-phone\" \/><\/span>\n<\/p>\n<p><br \/>\n<span class=\"wpcf7-form-control-wrap\" data-name=\"your-country\"><input size=\"40\" class=\"wpcf7-form-control wpcf7-text wpcf7-validates-as-required\" aria-required=\"true\" aria-invalid=\"false\" placeholder=\"Pa\u00eds*\" value=\"\" type=\"text\" name=\"your-country\" \/><\/span>\n<\/p>\n<p>Tipo de solicitud*\n<\/p>\n<p><span class=\"wpcf7-form-control-wrap\" data-name=\"type\"><select class=\"wpcf7-form-control wpcf7-select wpcf7-validates-as-required\" id=\"type\" aria-required=\"true\" aria-invalid=\"false\" name=\"type\"><option value=\"\">&#8212;Seleziona un&#039;opzione&#8212;<\/option><option value=\"Demo gratuita\">Demo gratuita<\/option><option value=\"Informaci\u00f3n sobre ExaminLab\">Informaci\u00f3n sobre ExaminLab<\/option><option value=\"Soporte\">Soporte<\/option><\/select><\/span>\n<\/p>\n<p class=\"largeTextArea\"><br \/>\n<span class=\"wpcf7-form-control-wrap\" data-name=\"your-message\"><textarea cols=\"40\" rows=\"10\" class=\"wpcf7-form-control wpcf7-textarea\" aria-invalid=\"false\" placeholder=\"Mensaje\" name=\"your-message\"><\/textarea><\/span>\n<\/p>\n<p><span class=\"wpcf7-form-control-wrap kc_captcha\" data-name=\"kc_captcha\"><span class=\"wpcf7-form-control wpcf7-radio\"><span class=\"captcha-image\" ><span class=\"cf7ic_instructions\">Si prega di selezionare sotto l'icona della parola<span> Albero<\/span>.<\/span><label><input type=\"radio\" name=\"kc_captcha\" value=\"bot\" \/><svg width=\"50\" height=\"50\" aria-hidden=\"true\" role=\"img\" xmlns=\"http:\/\/www.w3.org\/2000\/svg\" viewBox=\"0 0 576 512\"><path fill=\"currentColor\" d=\"M415 24c-53 0-103 42-127 65-24-23-74-65-127-65C70 24 16 77 16 166c0 72 67 133 69 135l187 181c9 8 23 8 32 0l187-180c2-3 69-64 69-136 0-89-54-142-145-142z\"\/><\/svg><\/label><label><input type=\"radio\" name=\"kc_captcha\" value=\"bot\" \/><svg width=\"50\" height=\"50\" aria-hidden=\"true\" role=\"img\" xmlns=\"http:\/\/www.w3.org\/2000\/svg\" viewBox=\"0 0 640 512\"><path fill=\"currentColor\" d=\"M624 352h-16V244c0-13-5-25-14-34L494 110c-9-9-21-14-34-14h-44V48c0-26-21-48-48-48H48C22 0 0 22 0 48v320c0 27 22 48 48 48h16a96 96 0 00192 0h128a96 96 0 00192 0h48c9 0 16-7 16-16v-32c0-9-7-16-16-16zM160 464a48 48 0 110-96 48 48 0 010 96zm320 0a48 48 0 110-96 48 48 0 010 96zm80-208H416V144h44l100 100v12z\"\/><\/svg><\/label><label><input type=\"radio\" name=\"kc_captcha\" value=\"kc_human\" \/><svg width=\"50\" height=\"50\" aria-hidden=\"true\" role=\"img\" xmlns=\"http:\/\/www.w3.org\/2000\/svg\" viewBox=\"0 0 384 512\"><path fill=\"currentColor\" d=\"M377 375l-83-87h34c21 0 32-25 17-40l-82-88h33c21 0 32-25 18-40L210 8c-10-11-26-11-36 0L70 120c-14 15-3 40 18 40h33l-82 88c-15 15-4 40 17 40h34L7 375c-15 16-4 41 17 41h120c0 33-11 49-34 68-12 9-5 28 10 28h144c15 0 22-19 10-28-20-16-34-32-34-68h120c21 0 32-25 17-41z\"\/><\/svg><\/label>\r\n    <\/span>\r\n    <span style=\"display:none\">\r\n        <input type=\"text\" name=\"kc_honeypot\">\r\n    <\/span><\/span><\/span><br \/>\n<label><span class=\"wpcf7-form-control-wrap\" data-name=\"acceptance-GDPR\"><span class=\"wpcf7-form-control wpcf7-acceptance\"><span class=\"wpcf7-list-item\"><label><input type=\"checkbox\" name=\"acceptance-GDPR\" value=\"1\" aria-invalid=\"false\" \/><span class=\"wpcf7-list-item-label\"><span style=\"font-size: \"12px\";>He le\u00eddo la<a href=\"https:\/\/www.arca24.com\/examinlab\/es\/privacy-policy-es\/\" target=\"_blank\" rel=\"nofollow noopener\"> <u>Pol\u00edtica de Privacidad<\/a><\/u> y doy mi consentimiento para el almacenamiento de mis datos en su archivo de acuerdo con el Reglamento Europeo de Protecci\u00f3n de Datos N\u00ba 679\/2016, GDPR<\/span><\/span><\/label><\/span><\/span><\/span><\/label>\n<\/p>\n<p><input class=\"wpcf7-form-control wpcf7-submit has-spinner\" type=\"submit\" value=\"Send\" \/>\n<\/p><div class=\"fusion-alert alert custom alert-custom fusion-alert-center wpcf7-response-output fusion-alert-capitalize awb-alert-native-link-color alert-dismissable awb-alert-close-boxed alert-shadow\" style=\"--awb-border-top-left-radius:0px;--awb-border-top-right-radius:0px;--awb-border-bottom-left-radius:0px;--awb-border-bottom-right-radius:0px;\" role=\"alert\"><div class=\"fusion-alert-content-wrapper\"><span class=\"fusion-alert-content\"><\/span><\/div><button type=\"button\" class=\"close toggle-alert\" data-dismiss=\"alert\" aria-label=\"Close\">&times;<\/button><\/div>\n<\/form>\n<\/div>\n<\/div><\/div><\/div><\/div>\n","protected":false},"excerpt":{"rendered":"","protected":false},"author":1,"featured_media":17402,"parent":0,"menu_order":0,"comment_status":"closed","ping_status":"closed","template":"100-width.php","meta":{"footnotes":""},"yoast_head":"<!-- This site is optimized with the Yoast SEO plugin v21.3 - https:\/\/yoast.com\/wordpress\/plugins\/seo\/ -->\n<title>Cont\u00e1cto | Pruebas de Idiomas en los Procesos de Selecci\u00f3n | ExaminLab<\/title>\n<meta name=\"description\" content=\"Escr\u00edbanos para informarse sobre test de competencias profesionales online como: prueba de nivel ingles, espa\u00f1ol, portugues, test excel oposiciones, etc.\" \/>\n<meta name=\"robots\" content=\"index, follow, max-snippet:-1, max-image-preview:large, max-video-preview:-1\" \/>\n<link rel=\"canonical\" href=\"https:\/\/www.arca24.com\/examinlab\/es\/contacto-prueba-de-competencias\/\" \/>\n<meta property=\"og:locale\" content=\"it_IT\" \/>\n<meta property=\"og:type\" content=\"article\" \/>\n<meta property=\"og:title\" content=\"Cont\u00e1cto | Pruebas de Idiomas en los Procesos de Selecci\u00f3n | ExaminLab\" \/>\n<meta property=\"og:description\" content=\"Escr\u00edbanos para informarse sobre test de competencias profesionales online como: prueba de nivel ingles, espa\u00f1ol, portugues, test excel oposiciones, etc.\" \/>\n<meta property=\"og:url\" content=\"https:\/\/www.arca24.com\/examinlab\/es\/contacto-prueba-de-competencias\/\" \/>\n<meta property=\"og:site_name\" content=\"ExaminLab\" \/>\n<meta property=\"article:modified_time\" content=\"2023-05-08T07:28:01+00:00\" \/>\n<meta property=\"og:image\" content=\"https:\/\/www.arca24.com\/examinlab\/wp-content\/uploads\/2022\/09\/arca24_examinlab-featured-images-es.jpg\" \/>\n\t<meta property=\"og:image:width\" content=\"1920\" \/>\n\t<meta property=\"og:image:height\" content=\"1080\" \/>\n\t<meta property=\"og:image:type\" content=\"image\/jpeg\" \/>\n<meta name=\"twitter:card\" content=\"summary_large_image\" \/>\n<meta name=\"twitter:image\" content=\"https:\/\/www.arca24.com\/examinlab\/wp-content\/uploads\/2022\/09\/arca24_examinlab-featured-images-es.jpg\" \/>\n<meta name=\"twitter:label1\" content=\"Tempo di lettura stimato\" \/>\n\t<meta name=\"twitter:data1\" content=\"6 minuti\" \/>\n<script type=\"application\/ld+json\" class=\"yoast-schema-graph\">{\"@context\":\"https:\/\/schema.org\",\"@graph\":[{\"@type\":\"WebPage\",\"@id\":\"https:\/\/www.arca24.com\/examinlab\/es\/contacto-prueba-de-competencias\/\",\"url\":\"https:\/\/www.arca24.com\/examinlab\/es\/contacto-prueba-de-competencias\/\",\"name\":\"Cont\u00e1cto | Pruebas de Idiomas en los Procesos de Selecci\u00f3n | ExaminLab\",\"isPartOf\":{\"@id\":\"https:\/\/www.arca24.com\/examinlab\/#website\"},\"datePublished\":\"2021-01-20T13:31:12+00:00\",\"dateModified\":\"2023-05-08T07:28:01+00:00\",\"description\":\"Escr\u00edbanos para informarse sobre test de competencias profesionales online como: prueba de nivel ingles, espa\u00f1ol, portugues, test excel oposiciones, etc.\",\"breadcrumb\":{\"@id\":\"https:\/\/www.arca24.com\/examinlab\/es\/contacto-prueba-de-competencias\/#breadcrumb\"},\"inLanguage\":\"it-IT\",\"potentialAction\":[{\"@type\":\"ReadAction\",\"target\":[\"https:\/\/www.arca24.com\/examinlab\/es\/contacto-prueba-de-competencias\/\"]}]},{\"@type\":\"BreadcrumbList\",\"@id\":\"https:\/\/www.arca24.com\/examinlab\/es\/contacto-prueba-de-competencias\/#breadcrumb\",\"itemListElement\":[{\"@type\":\"ListItem\",\"position\":1,\"name\":\"Home\",\"item\":\"https:\/\/www.arca24.com\/examinlab\/it\/\"},{\"@type\":\"ListItem\",\"position\":2,\"name\":\"Cont\u00e1cto\"}]},{\"@type\":\"WebSite\",\"@id\":\"https:\/\/www.arca24.com\/examinlab\/#website\",\"url\":\"https:\/\/www.arca24.com\/examinlab\/\",\"name\":\"ExaminLab\",\"description\":\"La piattaforma online di test adattivi per la valutazione delle hard skills\",\"potentialAction\":[{\"@type\":\"SearchAction\",\"target\":{\"@type\":\"EntryPoint\",\"urlTemplate\":\"https:\/\/www.arca24.com\/examinlab\/?s={search_term_string}\"},\"query-input\":\"required name=search_term_string\"}],\"inLanguage\":\"it-IT\"}]}<\/script>\n<!-- \/ Yoast SEO plugin. -->","yoast_head_json":{"title":"Cont\u00e1cto | Pruebas de Idiomas en los Procesos de Selecci\u00f3n | ExaminLab","description":"Escr\u00edbanos para informarse sobre test de competencias profesionales online como: prueba de nivel ingles, espa\u00f1ol, portugues, test excel oposiciones, etc.","robots":{"index":"index","follow":"follow","max-snippet":"max-snippet:-1","max-image-preview":"max-image-preview:large","max-video-preview":"max-video-preview:-1"},"canonical":"https:\/\/www.arca24.com\/examinlab\/es\/contacto-prueba-de-competencias\/","og_locale":"it_IT","og_type":"article","og_title":"Cont\u00e1cto | Pruebas de Idiomas en los Procesos de Selecci\u00f3n | ExaminLab","og_description":"Escr\u00edbanos para informarse sobre test de competencias profesionales online como: prueba de nivel ingles, espa\u00f1ol, portugues, test excel oposiciones, etc.","og_url":"https:\/\/www.arca24.com\/examinlab\/es\/contacto-prueba-de-competencias\/","og_site_name":"ExaminLab","article_modified_time":"2023-05-08T07:28:01+00:00","og_image":[{"width":1920,"height":1080,"url":"https:\/\/www.arca24.com\/examinlab\/wp-content\/uploads\/2022\/09\/arca24_examinlab-featured-images-es.jpg","type":"image\/jpeg"}],"twitter_card":"summary_large_image","twitter_image":"https:\/\/www.arca24.com\/examinlab\/wp-content\/uploads\/2022\/09\/arca24_examinlab-featured-images-es.jpg","twitter_misc":{"Tempo di lettura stimato":"6 minuti"},"schema":{"@context":"https:\/\/schema.org","@graph":[{"@type":"WebPage","@id":"https:\/\/www.arca24.com\/examinlab\/es\/contacto-prueba-de-competencias\/","url":"https:\/\/www.arca24.com\/examinlab\/es\/contacto-prueba-de-competencias\/","name":"Cont\u00e1cto | Pruebas de Idiomas en los Procesos de Selecci\u00f3n | ExaminLab","isPartOf":{"@id":"https:\/\/www.arca24.com\/examinlab\/#website"},"datePublished":"2021-01-20T13:31:12+00:00","dateModified":"2023-05-08T07:28:01+00:00","description":"Escr\u00edbanos para informarse sobre test de competencias profesionales online como: prueba de nivel ingles, espa\u00f1ol, portugues, test excel oposiciones, etc.","breadcrumb":{"@id":"https:\/\/www.arca24.com\/examinlab\/es\/contacto-prueba-de-competencias\/#breadcrumb"},"inLanguage":"it-IT","potentialAction":[{"@type":"ReadAction","target":["https:\/\/www.arca24.com\/examinlab\/es\/contacto-prueba-de-competencias\/"]}]},{"@type":"BreadcrumbList","@id":"https:\/\/www.arca24.com\/examinlab\/es\/contacto-prueba-de-competencias\/#breadcrumb","itemListElement":[{"@type":"ListItem","position":1,"name":"Home","item":"https:\/\/www.arca24.com\/examinlab\/it\/"},{"@type":"ListItem","position":2,"name":"Cont\u00e1cto"}]},{"@type":"WebSite","@id":"https:\/\/www.arca24.com\/examinlab\/#website","url":"https:\/\/www.arca24.com\/examinlab\/","name":"ExaminLab","description":"La piattaforma online di test adattivi per la valutazione delle hard skills","potentialAction":[{"@type":"SearchAction","target":{"@type":"EntryPoint","urlTemplate":"https:\/\/www.arca24.com\/examinlab\/?s={search_term_string}"},"query-input":"required name=search_term_string"}],"inLanguage":"it-IT"}]}},"_links":{"self":[{"href":"https:\/\/www.arca24.com\/examinlab\/wp-json\/wp\/v2\/pages\/16272"}],"collection":[{"href":"https:\/\/www.arca24.com\/examinlab\/wp-json\/wp\/v2\/pages"}],"about":[{"href":"https:\/\/www.arca24.com\/examinlab\/wp-json\/wp\/v2\/types\/page"}],"author":[{"embeddable":true,"href":"https:\/\/www.arca24.com\/examinlab\/wp-json\/wp\/v2\/users\/1"}],"replies":[{"embeddable":true,"href":"https:\/\/www.arca24.com\/examinlab\/wp-json\/wp\/v2\/comments?post=16272"}],"version-history":[{"count":8,"href":"https:\/\/www.arca24.com\/examinlab\/wp-json\/wp\/v2\/pages\/16272\/revisions"}],"predecessor-version":[{"id":17190,"href":"https:\/\/www.arca24.com\/examinlab\/wp-json\/wp\/v2\/pages\/16272\/revisions\/17190"}],"wp:featuredmedia":[{"embeddable":true,"href":"https:\/\/www.arca24.com\/examinlab\/wp-json\/wp\/v2\/media\/17402"}],"wp:attachment":[{"href":"https:\/\/www.arca24.com\/examinlab\/wp-json\/wp\/v2\/media?parent=16272"}],"curies":[{"name":"wp","href":"https:\/\/api.w.org\/{rel}","templated":true}]}}