{"id":39668,"date":"2020-10-14T17:52:47","date_gmt":"2020-10-14T15:52:47","guid":{"rendered":"https:\/\/www.arca24.com\/fr\/?page_id=39668"},"modified":"2023-11-09T20:38:47","modified_gmt":"2023-11-09T19:38:47","slug":"politique-de-qualite-plateforme-rh","status":"publish","type":"page","link":"https:\/\/www.arca24.com\/fr\/politique-de-qualite-plateforme-rh\/","title":{"rendered":"Politique de qualit\u00e9"},"content":{"rendered":"<p><div class=\"fusion-fullwidth fullwidth-box fusion-builder-row-1 fusion-flex-container nonhundred-percent-fullwidth non-hundred-percent-height-scrolling\" style=\"--awb-border-radius-top-left:0px;--awb-border-radius-top-right:0px;--awb-border-radius-bottom-right:0px;--awb-border-radius-bottom-left:0px;--awb-margin-top:80px;--awb-flex-wrap:wrap;\" ><div class=\"fusion-builder-row fusion-row fusion-flex-align-items-flex-start fusion-flex-content-wrap\" style=\"max-width:1216.8px;margin-left: calc(-4% \/ 2 );margin-right: calc(-4% \/ 2 );\"><div class=\"fusion-layout-column fusion_builder_column fusion-builder-column-0 fusion_builder_column_1_1 1_1 fusion-flex-column\" style=\"--awb-bg-size:cover;--awb-width-large:100%;--awb-margin-top-large:0px;--awb-spacing-right-large:1.92%;--awb-margin-bottom-large:30px;--awb-spacing-left-large:1.92%;--awb-width-medium:100%;--awb-spacing-right-medium:1.92%;--awb-spacing-left-medium:1.92%;--awb-width-small:100%;--awb-spacing-right-small:1.92%;--awb-spacing-left-small:1.92%;\"><div class=\"fusion-column-wrapper fusion-column-has-shadow fusion-flex-justify-content-flex-start fusion-content-layout-column\"><div class=\"fusion-text fusion-text-1\" style=\"--awb-font-size:56px;--awb-line-height:1;--awb-text-color:#212945;--awb-text-font-family:&quot;Archivo&quot;;--awb-text-font-style:normal;--awb-text-font-weight:700;\"><p>Politique de qualit\u00e9<\/p>\n<\/div><\/div><\/div><\/div><\/div><div class=\"fusion-fullwidth fullwidth-box fusion-builder-row-2 fusion-flex-container nonhundred-percent-fullwidth non-hundred-percent-height-scrolling\" style=\"--awb-border-radius-top-left:0px;--awb-border-radius-top-right:0px;--awb-border-radius-bottom-right:0px;--awb-border-radius-bottom-left:0px;--awb-margin-top:20px;--awb-flex-wrap:wrap;\" ><div class=\"fusion-builder-row fusion-row fusion-flex-align-items-flex-start fusion-flex-content-wrap\" style=\"max-width:1216.8px;margin-left: calc(-4% \/ 2 );margin-right: calc(-4% \/ 2 );\"><div class=\"fusion-layout-column fusion_builder_column fusion-builder-column-1 fusion_builder_column_1_1 1_1 fusion-flex-column\" style=\"--awb-bg-size:cover;--awb-width-large:100%;--awb-margin-top-large:0px;--awb-spacing-right-large:1.92%;--awb-margin-bottom-large:30px;--awb-spacing-left-large:1.92%;--awb-width-medium:100%;--awb-spacing-right-medium:1.92%;--awb-spacing-left-medium:1.92%;--awb-width-small:100%;--awb-spacing-right-small:1.92%;--awb-spacing-left-small:1.92%;\"><div class=\"fusion-column-wrapper fusion-column-has-shadow fusion-flex-justify-content-flex-start fusion-content-layout-column\"><div class=\"fusion-text fusion-text-2\"><p class=\"p1\"><em>Cette page d\u00e9crit l&#8217;engagement d&#8217;Arca24.com SA dans la pr\u00e9paration et l&#8217;administration du Syst\u00e8me de Management de la Qualit\u00e9 (SMQ), le respect des r\u00e9glementations et r\u00e8gles en vigueur et applicables, ainsi que le respect d&#8217;autres exigences faites volontairement par l&#8217;entreprise.<\/em><\/p>\n<\/div><div class=\"fusion-text fusion-text-3\"><p class=\"p1\">Arca24.com SA promeut toutes les actions n\u00e9cessaires afin que son travail, dans le respect de toutes les exigences l\u00e9gales ou autres, soit orient\u00e9 vers la r\u00e9alisation des objectifs suivants :<\/p>\n<ol>\n<li><b>\u00c9tablir, mettre en \u0153uvre, maintenir op\u00e9rationnel et revoir p\u00e9riodiquement le syst\u00e8me de gestion de la qualit\u00e9<\/b>, con\u00e7u comme un outil utile et dynamique pour permettre \u00e0 l&#8217;organisation d&#8217;atteindre les objectifs fix\u00e9s, \u00e9galement en ce qui concerne le respect des engagements pris envers les parties prenantes ;<\/li>\n<li><b>Am\u00e9liorer l&#8217;organisation de la production, du service et des ventes<\/b>, \u00e9galement gr\u00e2ce aux changements technologiques, en recherchant toujours des normes de qualit\u00e9 \u00e9lev\u00e9es ;<\/li>\n<li><b>Rechercher la satisfaction des clients<\/b>, en maximisant la perception de la valeur des produits fournis et en tendant \u00e0 r\u00e9aliser leurs attentes avec continuit\u00e9 ;<\/li>\n<li><b>Valoriser ses employ\u00e9s<\/b>, consid\u00e9r\u00e9s comme un \u00e9l\u00e9ment fondamental de la croissance de l&#8217;entreprise, en augmentant leurs connaissances et leurs comp\u00e9tences par des parcours de croissance et d&#8217;information appropri\u00e9s et en favorisant leur sensibilisation et leur implication<span class=\"s1\">,<\/span> afin qu&#8217;ils partagent et appliquent la pr\u00e9sente politique d&#8217;entreprise et adoptent des comportements conformes aux principes qui y sont exprim\u00e9s, dans le but de r\u00e9duire progressivement les risques inh\u00e9rents aux activit\u00e9s qu&#8217;ils exercent, ainsi que leur impact sur la qualit\u00e9, la s\u00e9curit\u00e9 et l&#8217;environnement ;<\/li>\n<li><b>Attacher une importance fondamentale \u00e0 la qualit\u00e9, \u00e0 la protection du lieu de travail et de la sant\u00e9 des travailleurs et \u00e0 la protection de l&#8217;environnement<\/b>. C&#8217;est pourquoi chacun doit s&#8217;efforcer de mener ses activit\u00e9s de mani\u00e8re rationnelle et efficace, en conciliant la croissance \u00e9conomique avec la protection de la sant\u00e9, de la s\u00e9curit\u00e9 et de l&#8217;environnement, en minimisant l&#8217;impact de nos activit\u00e9s et en assurant toujours les conditions de travail les meilleures et les plus s\u00fbres ;<\/li>\n<li><b>S&#8217;engager quotidiennement, en allouant les ressources appropri\u00e9es (\u00e9conomiques, techniques et humaines), \u00e0 la poursuite des objectifs de Arca24.com SA<\/b>, en d\u00e9finissant les r\u00f4les, les responsabilit\u00e9s et les devoirs et en v\u00e9rifiant p\u00e9riodiquement le degr\u00e9 de mise en \u0153uvre et de r\u00e9alisation ;<\/li>\n<li><b>Garantir et soutenir, par des canaux de communication appropri\u00e9s, la sensibilisation de l&#8217;ensemble du personnel et des collaborateurs<\/b> qui, pour diverses raisons, travaillent en collaboration ou pour le compte de l&#8217;entreprise, \u00e0 leur r\u00f4le, aux cons\u00e9quences de leurs actes et aux risques concernant la non-application des proc\u00e9dures de qualit\u00e9 ;<\/li>\n<li><b>Poursuivre avec continuit\u00e9 et d\u00e9termination l&#8217;am\u00e9lioration du SMQ<\/b>, en travaillant \u00e0 la d\u00e9finition d&#8217;objectifs et de programmes de plus en plus ambitieux, en surveillant dans le temps ses op\u00e9rations, les conditions de conformit\u00e9 et son ad\u00e9quation \u00e0 la pr\u00e9vention de tout risque d&#8217;infraction, en soutenant un plan d&#8217;audit ad\u00e9quat, en d\u00e9finissant des indicateurs appropri\u00e9s pour \u00e9valuer l&#8217;efficacit\u00e9 des processus individuels de l&#8217;entreprise et en analysant les donn\u00e9es du march\u00e9, les non-conformit\u00e9s, les plaintes, les accidents et les r\u00e9sultats des pr\u00e9c\u00e9dentes revues de direction.<\/li>\n<\/ol>\n<p class=\"p2\">La <b>politique d&#8217;entreprise<\/b>, d\u00e9finie par la direction d&#8217;Arca24.com SA, a \u00e9t\u00e9 \u00e9labor\u00e9e conform\u00e9ment aux valeurs et croyances fondatrices de la soci\u00e9t\u00e9 et est consid\u00e9r\u00e9e comme appropri\u00e9e aux objectifs et au contexte dans lequel elle op\u00e8re, \u00e0 ses orientations strat\u00e9giques, \u00e0 la nature et \u00e0 l&#8217;ampleur des risques identifi\u00e9s, aux activit\u00e9s et processus qui s&#8217;y d\u00e9roulent et est applicable \u00e0 tous les niveaux de l&#8217;organisation. En tant que tel, cette politique est communiqu\u00e9e et diffus\u00e9e \u00e0 l&#8217;ensemble du personnel. Sa disponibilit\u00e9 pour tous les destinataires est \u00e9galement assur\u00e9e, par une exposition au sein du si\u00e8ge, ainsi que par une publication sur le site web, ou par une livraison sur demande.<\/p>\n<\/div><ul style=\"--awb-line-height:23.8px;--awb-icon-width:23.8px;--awb-icon-height:23.8px;--awb-icon-margin:9.8px;--awb-content-margin:33.6px;\" class=\"fusion-checklist fusion-checklist-1 fusion-checklist-default type-icons\"><li class=\"fusion-li-item\" style=\"\"><span class=\"icon-wrapper circle-no\"><i class=\"fusion-li-icon fa-download fas\" aria-hidden=\"true\"><\/i><\/span><div class=\"fusion-li-item-content\">\n<h4><span style=\"font-size: 16px;\"><a href=\"https:\/\/www.arca24.com\/fr\/wp-content\/uploads\/2020\/02\/Cert15529Order722210146Cera9k-FR.pdf\">Certificat ISO<\/a><\/span><\/h4>\n<\/div><\/li><\/ul><\/div><\/div><\/div><\/div><\/p>\n","protected":false},"excerpt":{"rendered":"","protected":false},"author":3493,"featured_media":41319,"parent":0,"menu_order":0,"comment_status":"closed","ping_status":"closed","template":"100-width.php","meta":{"footnotes":""},"class_list":["post-39668","page","type-page","status-publish","has-post-thumbnail","hentry"],"yoast_head":"<!-- This site is optimized with the Yoast SEO Premium plugin v14.7 - https:\/\/yoast.com\/wordpress\/plugins\/seo\/ -->\n<title>Politique de qualit\u00e9 | Plateforme RH | Human resources software | Arca24<\/title>\n<meta name=\"description\" content=\"Arca24 adh\u00e8re \u00e0 une politique de qualit\u00e9 pour tous ses logiciels RH: logiciel paie rh, intelligence artificielle pour les offres d&#039;emploi, test de personnalit\u00e9 et logiciel cabinet de recrutement.\" \/>\n<meta name=\"robots\" content=\"index, follow\" \/>\n<meta name=\"googlebot\" content=\"index, follow, max-snippet:-1, max-image-preview:large, max-video-preview:-1\" \/>\n<meta name=\"bingbot\" content=\"index, follow, max-snippet:-1, max-image-preview:large, max-video-preview:-1\" \/>\n<link rel=\"canonical\" href=\"https:\/\/www.arca24.com\/fr\/politique-de-qualite-plateforme-rh\/\" \/>\n<meta property=\"og:locale\" content=\"en_US\" \/>\n<meta property=\"og:type\" content=\"article\" \/>\n<meta property=\"og:title\" content=\"Politique de qualit\u00e9 | Plateforme RH | Human resources software | Arca24\" \/>\n<meta property=\"og:description\" content=\"Arca24 adh\u00e8re \u00e0 une politique de qualit\u00e9 pour tous ses logiciels RH: logiciel paie rh, intelligence artificielle pour les offres d&#039;emploi, test de personnalit\u00e9 et logiciel cabinet de recrutement.\" \/>\n<meta property=\"og:url\" content=\"https:\/\/www.arca24.com\/fr\/politique-de-qualite-plateforme-rh\/\" \/>\n<meta property=\"og:site_name\" content=\"Cloud HR innovative software | Arca24\" \/>\n<meta property=\"article:modified_time\" content=\"2023-11-09T19:38:47+00:00\" \/>\n<meta property=\"og:image\" content=\"https:\/\/www.arca24.com\/fr\/wp-content\/uploads\/2022\/05\/a24-FI_homefr.jpg\" \/>\n\t<meta property=\"og:image:width\" content=\"1920\" \/>\n\t<meta property=\"og:image:height\" content=\"1080\" \/>\n<meta name=\"twitter:card\" content=\"summary_large_image\" \/>\n<script type=\"application\/ld+json\" class=\"yoast-schema-graph\">{\"@context\":\"https:\/\/schema.org\",\"@graph\":[{\"@type\":\"WebSite\",\"@id\":\"https:\/\/www.arca24.com\/fr\/#website\",\"url\":\"https:\/\/www.arca24.com\/fr\/\",\"name\":\"Cloud HR innovative software | Arca24\",\"description\":\"Your time, our technology\",\"potentialAction\":[{\"@type\":\"SearchAction\",\"target\":\"https:\/\/www.arca24.com\/fr\/?s={search_term_string}\",\"query-input\":\"required name=search_term_string\"}],\"inLanguage\":\"en-US\"},{\"@type\":\"ImageObject\",\"@id\":\"https:\/\/www.arca24.com\/fr\/politique-de-qualite-plateforme-rh\/#primaryimage\",\"inLanguage\":\"en-US\",\"url\":\"https:\/\/www.arca24.com\/fr\/wp-content\/uploads\/2022\/05\/a24-FI_homefr.jpg\",\"width\":1920,\"height\":1080},{\"@type\":\"WebPage\",\"@id\":\"https:\/\/www.arca24.com\/fr\/politique-de-qualite-plateforme-rh\/#webpage\",\"url\":\"https:\/\/www.arca24.com\/fr\/politique-de-qualite-plateforme-rh\/\",\"name\":\"Politique de qualit\\u00e9 | Plateforme RH | Human resources software | Arca24\",\"isPartOf\":{\"@id\":\"https:\/\/www.arca24.com\/fr\/#website\"},\"primaryImageOfPage\":{\"@id\":\"https:\/\/www.arca24.com\/fr\/politique-de-qualite-plateforme-rh\/#primaryimage\"},\"datePublished\":\"2020-10-14T15:52:47+00:00\",\"dateModified\":\"2023-11-09T19:38:47+00:00\",\"description\":\"Arca24 adh\\u00e8re \\u00e0 une politique de qualit\\u00e9 pour tous ses logiciels RH: logiciel paie rh, intelligence artificielle pour les offres d'emploi, test de personnalit\\u00e9 et logiciel cabinet de recrutement.\",\"inLanguage\":\"en-US\",\"potentialAction\":[{\"@type\":\"ReadAction\",\"target\":[\"https:\/\/www.arca24.com\/fr\/politique-de-qualite-plateforme-rh\/\"]}]}]}<\/script>\n<!-- \/ Yoast SEO Premium plugin. -->","_links":{"self":[{"href":"https:\/\/www.arca24.com\/fr\/wp-json\/wp\/v2\/pages\/39668","targetHints":{"allow":["GET"]}}],"collection":[{"href":"https:\/\/www.arca24.com\/fr\/wp-json\/wp\/v2\/pages"}],"about":[{"href":"https:\/\/www.arca24.com\/fr\/wp-json\/wp\/v2\/types\/page"}],"author":[{"embeddable":true,"href":"https:\/\/www.arca24.com\/fr\/wp-json\/wp\/v2\/users\/3493"}],"replies":[{"embeddable":true,"href":"https:\/\/www.arca24.com\/fr\/wp-json\/wp\/v2\/comments?post=39668"}],"version-history":[{"count":10,"href":"https:\/\/www.arca24.com\/fr\/wp-json\/wp\/v2\/pages\/39668\/revisions"}],"predecessor-version":[{"id":41945,"href":"https:\/\/www.arca24.com\/fr\/wp-json\/wp\/v2\/pages\/39668\/revisions\/41945"}],"wp:featuredmedia":[{"embeddable":true,"href":"https:\/\/www.arca24.com\/fr\/wp-json\/wp\/v2\/media\/41319"}],"wp:attachment":[{"href":"https:\/\/www.arca24.com\/fr\/wp-json\/wp\/v2\/media?parent=39668"}],"curies":[{"name":"wp","href":"https:\/\/api.w.org\/{rel}","templated":true}]}}