{"id":716,"date":"2023-05-04T15:28:01","date_gmt":"2023-05-04T15:28:01","guid":{"rendered":"https:\/\/www.arca24.com\/hr-communication-agency\/?page_id=716"},"modified":"2023-12-27T11:13:52","modified_gmt":"2023-12-27T11:13:52","slug":"chi-siamo","status":"publish","type":"page","link":"https:\/\/www.arca24.com\/hr-communication-agency\/chi-siamo\/","title":{"rendered":"Chi siamo"},"content":{"rendered":"<p>[et_pb_section fb_built=&#8221;1&#8243; specialty=&#8221;on&#8221; padding_top_bottom_link_1=&#8221;false&#8221; padding_left_right_link_1=&#8221;false&#8221; disabled_on=&#8221;off|off|off&#8221; admin_label=&#8221;Ottimizzazione SEO (Desktop)&#8221; module_id=&#8221;seo&#8221; _builder_version=&#8221;4.23.1&#8243; _module_preset=&#8221;default&#8221; background_color=&#8221;RGBA(255,255,255,0)&#8221; custom_margin=&#8221;||||false|false&#8221; custom_padding=&#8221;||||false|false&#8221; collapsed=&#8221;off&#8221; global_colors_info=&#8221;{}&#8221;][et_pb_column type=&#8221;1_2&#8243; specialty_columns=&#8221;2&#8243; _builder_version=&#8221;4.16&#8243; custom_padding=&#8221;|||&#8221; global_colors_info=&#8221;{}&#8221; custom_padding__hover=&#8221;|||&#8221;][et_pb_row_inner _builder_version=&#8221;4.21.0&#8243; _module_preset=&#8221;default&#8221; custom_margin=&#8221;||||false|false&#8221; global_colors_info=&#8221;{}&#8221;][et_pb_column_inner saved_specialty_column_type=&#8221;1_2&#8243; _builder_version=&#8221;4.20.4&#8243; _module_preset=&#8221;default&#8221; global_colors_info=&#8221;{}&#8221;][et_pb_text _builder_version=&#8221;4.23.1&#8243; _module_preset=&#8221;a12445be-dcac-4e82-bdbf-caa6850abfdc&#8221; text_text_color=&#8221;#000000&#8243; header_2_font=&#8221;Questrial|700|||||||&#8221; header_2_font_size=&#8221;32px&#8221; hover_enabled=&#8221;0&#8243; global_colors_info=&#8221;{}&#8221; header_2_font_size_last_edited=&#8221;on|phone&#8221; sticky_enabled=&#8221;0&#8243; header_2_font_size_phone=&#8221;32px&#8221; header_2_font_size_tablet=&#8221;32px&#8221;]<\/p>\n<h2>Chi \u00e8 Arca24<\/h2>\n<p>[\/et_pb_text][et_pb_text _builder_version=&#8221;4.21.0&#8243; _module_preset=&#8221;default&#8221; text_font_size=&#8221;16px&#8221; global_colors_info=&#8221;{}&#8221;]<\/p>\n<p>Arca24 \u00e8 una societ\u00e0 specializzata nello sviluppo di <strong>soluzioni per le risorse umane<\/strong>.<\/p>\n<p>Nata nel 2013 con Gabriele Molteni, CEO e fondatore, \u00e8 un <em>\u201cHR Tech Factory\u201d<\/em> che <strong>sviluppa internamente tutti i suoi prodotti<\/strong>, personalizzando le soluzioni sulla base delle specifiche esigenze dei clienti grazie a una consolidata esperienza nel mondo delle risorse umane da cui proviene gran parte dello staff.<\/p>\n<p>Un mindset digitale e un ambiente di lavoro &#8220;smart&#8221; e agile permettono di garantire al cliente elevati standard di efficienza e qualit\u00e0.<\/p>\n<p>[\/et_pb_text][et_pb_button button_url=&#8221;https:\/\/www.arca24.com\/it\/chi-siamo-software-house-ticino\/&#8221; url_new_window=&#8221;on&#8221; button_text=&#8221;Scopri di pi\u00f9&#8221; button_alignment=&#8221;right&#8221; button_alignment_tablet=&#8221;left&#8221; button_alignment_phone=&#8221;left&#8221; button_alignment_last_edited=&#8221;on|tablet&#8221; _builder_version=&#8221;4.21.0&#8243; _module_preset=&#8221;795e61d5-eb28-4c0d-9639-8906f79b8763&#8243; button_text_size=&#8221;20px&#8221; button_font=&#8221;Questrial|800|||||||&#8221; custom_margin=&#8221;||||false|false&#8221; button_text_size_tablet=&#8221;&#8221; button_text_size_phone=&#8221;20px&#8221; button_text_size_last_edited=&#8221;on|phone&#8221; global_colors_info=&#8221;{}&#8221;][\/et_pb_button][\/et_pb_column_inner][\/et_pb_row_inner][\/et_pb_column][et_pb_column type=&#8221;1_2&#8243; _builder_version=&#8221;4.16&#8243; custom_padding=&#8221;|||&#8221; global_colors_info=&#8221;{}&#8221; custom_padding__hover=&#8221;|||&#8221;][et_pb_image src=&#8221;https:\/\/www.arca24.com\/hr-communication-agency\/wp-content\/uploads\/2023\/05\/arca24_team.jpg&#8221; title_text=&#8221;arca24_team&#8221; _builder_version=&#8221;4.21.0&#8243; _module_preset=&#8221;default&#8221; global_colors_info=&#8221;{}&#8221;][\/et_pb_image][\/et_pb_column][\/et_pb_section]<\/p>\n","protected":false},"excerpt":{"rendered":"<p>Chi \u00e8 Arca24Arca24 \u00e8 una societ\u00e0 specializzata nello sviluppo di soluzioni per le risorse umane. Nata nel 2013 con Gabriele Molteni, CEO e fondatore, \u00e8 un \u201cHR Tech Factory\u201d che sviluppa internamente tutti i suoi prodotti, personalizzando le soluzioni sulla base delle specifiche esigenze dei clienti grazie a una consolidata esperienza nel mondo delle risorse [&hellip;]<\/p>\n","protected":false},"author":1,"featured_media":693,"parent":0,"menu_order":0,"comment_status":"closed","ping_status":"closed","template":"","meta":{"_et_pb_use_builder":"on","_et_pb_old_content":"","_et_gb_content_width":"","footnotes":""},"class_list":["post-716","page","type-page","status-publish","has-post-thumbnail","hentry"],"yoast_head":"<!-- This site is optimized with the Yoast SEO plugin v26.4 - https:\/\/yoast.com\/wordpress\/plugins\/seo\/ -->\n<title>Chi siamo - HR Communication Agency<\/title>\n<meta name=\"robots\" content=\"index, follow, max-snippet:-1, max-image-preview:large, max-video-preview:-1\" \/>\n<link rel=\"canonical\" href=\"https:\/\/www.arca24.com\/hr-communication-agency\/chi-siamo\/\" \/>\n<meta property=\"og:locale\" content=\"en_US\" \/>\n<meta property=\"og:type\" content=\"article\" \/>\n<meta property=\"og:title\" content=\"Chi siamo - HR Communication Agency\" \/>\n<meta property=\"og:description\" content=\"Chi \u00e8 Arca24Arca24 \u00e8 una societ\u00e0 specializzata nello sviluppo di soluzioni per le risorse umane. Nata nel 2013 con Gabriele Molteni, CEO e fondatore, \u00e8 un \u201cHR Tech Factory\u201d che sviluppa internamente tutti i suoi prodotti, personalizzando le soluzioni sulla base delle specifiche esigenze dei clienti grazie a una consolidata esperienza nel mondo delle risorse [&hellip;]\" \/>\n<meta property=\"og:url\" content=\"https:\/\/www.arca24.com\/hr-communication-agency\/chi-siamo\/\" \/>\n<meta property=\"og:site_name\" content=\"HR Communication Agency\" \/>\n<meta property=\"article:publisher\" content=\"https:\/\/www.facebook.com\/arca24hr\" \/>\n<meta property=\"article:modified_time\" content=\"2023-12-27T11:13:52+00:00\" \/>\n<meta property=\"og:image\" content=\"https:\/\/www.arca24.com\/hr-communication-agency\/wp-content\/uploads\/2023\/05\/hr-communication-services_featured-image-1024x572.png\" \/>\n\t<meta property=\"og:image:width\" content=\"1024\" \/>\n\t<meta property=\"og:image:height\" content=\"572\" \/>\n\t<meta property=\"og:image:type\" content=\"image\/png\" \/>\n<meta name=\"twitter:card\" content=\"summary_large_image\" \/>\n<meta name=\"twitter:site\" content=\"@Arca24HR\" \/>\n<meta name=\"twitter:label1\" content=\"Est. reading time\" \/>\n\t<meta name=\"twitter:data1\" content=\"1 minute\" \/>\n<script type=\"application\/ld+json\" class=\"yoast-schema-graph\">{\"@context\":\"https:\/\/schema.org\",\"@graph\":[{\"@type\":\"WebPage\",\"@id\":\"https:\/\/www.arca24.com\/hr-communication-agency\/chi-siamo\/\",\"url\":\"https:\/\/www.arca24.com\/hr-communication-agency\/chi-siamo\/\",\"name\":\"Chi siamo - HR Communication Agency\",\"isPartOf\":{\"@id\":\"https:\/\/www.arca24.com\/hr-communication-agency\/#website\"},\"primaryImageOfPage\":{\"@id\":\"https:\/\/www.arca24.com\/hr-communication-agency\/chi-siamo\/#primaryimage\"},\"image\":{\"@id\":\"https:\/\/www.arca24.com\/hr-communication-agency\/chi-siamo\/#primaryimage\"},\"thumbnailUrl\":\"https:\/\/www.arca24.com\/hr-communication-agency\/wp-content\/uploads\/2023\/05\/hr-communication-services_featured-image.png\",\"datePublished\":\"2023-05-04T15:28:01+00:00\",\"dateModified\":\"2023-12-27T11:13:52+00:00\",\"breadcrumb\":{\"@id\":\"https:\/\/www.arca24.com\/hr-communication-agency\/chi-siamo\/#breadcrumb\"},\"inLanguage\":\"en-US\",\"potentialAction\":[{\"@type\":\"ReadAction\",\"target\":[\"https:\/\/www.arca24.com\/hr-communication-agency\/chi-siamo\/\"]}]},{\"@type\":\"ImageObject\",\"inLanguage\":\"en-US\",\"@id\":\"https:\/\/www.arca24.com\/hr-communication-agency\/chi-siamo\/#primaryimage\",\"url\":\"https:\/\/www.arca24.com\/hr-communication-agency\/wp-content\/uploads\/2023\/05\/hr-communication-services_featured-image.png\",\"contentUrl\":\"https:\/\/www.arca24.com\/hr-communication-agency\/wp-content\/uploads\/2023\/05\/hr-communication-services_featured-image.png\",\"width\":2302,\"height\":1286},{\"@type\":\"BreadcrumbList\",\"@id\":\"https:\/\/www.arca24.com\/hr-communication-agency\/chi-siamo\/#breadcrumb\",\"itemListElement\":[{\"@type\":\"ListItem\",\"position\":1,\"name\":\"Home\",\"item\":\"https:\/\/www.arca24.com\/hr-communication-agency\/\"},{\"@type\":\"ListItem\",\"position\":2,\"name\":\"Chi siamo\"}]},{\"@type\":\"WebSite\",\"@id\":\"https:\/\/www.arca24.com\/hr-communication-agency\/#website\",\"url\":\"https:\/\/www.arca24.com\/hr-communication-agency\/\",\"name\":\"HR Communication Agency\",\"description\":\"\",\"publisher\":{\"@id\":\"https:\/\/www.arca24.com\/hr-communication-agency\/#organization\"},\"potentialAction\":[{\"@type\":\"SearchAction\",\"target\":{\"@type\":\"EntryPoint\",\"urlTemplate\":\"https:\/\/www.arca24.com\/hr-communication-agency\/?s={search_term_string}\"},\"query-input\":{\"@type\":\"PropertyValueSpecification\",\"valueRequired\":true,\"valueName\":\"search_term_string\"}}],\"inLanguage\":\"en-US\"},{\"@type\":\"Organization\",\"@id\":\"https:\/\/www.arca24.com\/hr-communication-agency\/#organization\",\"name\":\"HR Communication Agency\",\"url\":\"https:\/\/www.arca24.com\/hr-communication-agency\/\",\"logo\":{\"@type\":\"ImageObject\",\"inLanguage\":\"en-US\",\"@id\":\"https:\/\/www.arca24.com\/hr-communication-agency\/#\/schema\/logo\/image\/\",\"url\":\"https:\/\/www.arca24.com\/hr-communication-agency\/wp-content\/uploads\/2023\/05\/arca24_HCA-logo.png\",\"contentUrl\":\"https:\/\/www.arca24.com\/hr-communication-agency\/wp-content\/uploads\/2023\/05\/arca24_HCA-logo.png\",\"width\":366,\"height\":186,\"caption\":\"HR Communication Agency\"},\"image\":{\"@id\":\"https:\/\/www.arca24.com\/hr-communication-agency\/#\/schema\/logo\/image\/\"},\"sameAs\":[\"https:\/\/www.facebook.com\/arca24hr\",\"https:\/\/x.com\/Arca24HR\"]}]}<\/script>\n<!-- \/ Yoast SEO plugin. -->","yoast_head_json":{"title":"Chi siamo - HR Communication Agency","robots":{"index":"index","follow":"follow","max-snippet":"max-snippet:-1","max-image-preview":"max-image-preview:large","max-video-preview":"max-video-preview:-1"},"canonical":"https:\/\/www.arca24.com\/hr-communication-agency\/chi-siamo\/","og_locale":"en_US","og_type":"article","og_title":"Chi siamo - HR Communication Agency","og_description":"Chi \u00e8 Arca24Arca24 \u00e8 una societ\u00e0 specializzata nello sviluppo di soluzioni per le risorse umane. Nata nel 2013 con Gabriele Molteni, CEO e fondatore, \u00e8 un \u201cHR Tech Factory\u201d che sviluppa internamente tutti i suoi prodotti, personalizzando le soluzioni sulla base delle specifiche esigenze dei clienti grazie a una consolidata esperienza nel mondo delle risorse [&hellip;]","og_url":"https:\/\/www.arca24.com\/hr-communication-agency\/chi-siamo\/","og_site_name":"HR Communication Agency","article_publisher":"https:\/\/www.facebook.com\/arca24hr","article_modified_time":"2023-12-27T11:13:52+00:00","og_image":[{"width":1024,"height":572,"url":"https:\/\/www.arca24.com\/hr-communication-agency\/wp-content\/uploads\/2023\/05\/hr-communication-services_featured-image-1024x572.png","type":"image\/png"}],"twitter_card":"summary_large_image","twitter_site":"@Arca24HR","twitter_misc":{"Est. reading time":"1 minute"},"schema":{"@context":"https:\/\/schema.org","@graph":[{"@type":"WebPage","@id":"https:\/\/www.arca24.com\/hr-communication-agency\/chi-siamo\/","url":"https:\/\/www.arca24.com\/hr-communication-agency\/chi-siamo\/","name":"Chi siamo - HR Communication Agency","isPartOf":{"@id":"https:\/\/www.arca24.com\/hr-communication-agency\/#website"},"primaryImageOfPage":{"@id":"https:\/\/www.arca24.com\/hr-communication-agency\/chi-siamo\/#primaryimage"},"image":{"@id":"https:\/\/www.arca24.com\/hr-communication-agency\/chi-siamo\/#primaryimage"},"thumbnailUrl":"https:\/\/www.arca24.com\/hr-communication-agency\/wp-content\/uploads\/2023\/05\/hr-communication-services_featured-image.png","datePublished":"2023-05-04T15:28:01+00:00","dateModified":"2023-12-27T11:13:52+00:00","breadcrumb":{"@id":"https:\/\/www.arca24.com\/hr-communication-agency\/chi-siamo\/#breadcrumb"},"inLanguage":"en-US","potentialAction":[{"@type":"ReadAction","target":["https:\/\/www.arca24.com\/hr-communication-agency\/chi-siamo\/"]}]},{"@type":"ImageObject","inLanguage":"en-US","@id":"https:\/\/www.arca24.com\/hr-communication-agency\/chi-siamo\/#primaryimage","url":"https:\/\/www.arca24.com\/hr-communication-agency\/wp-content\/uploads\/2023\/05\/hr-communication-services_featured-image.png","contentUrl":"https:\/\/www.arca24.com\/hr-communication-agency\/wp-content\/uploads\/2023\/05\/hr-communication-services_featured-image.png","width":2302,"height":1286},{"@type":"BreadcrumbList","@id":"https:\/\/www.arca24.com\/hr-communication-agency\/chi-siamo\/#breadcrumb","itemListElement":[{"@type":"ListItem","position":1,"name":"Home","item":"https:\/\/www.arca24.com\/hr-communication-agency\/"},{"@type":"ListItem","position":2,"name":"Chi siamo"}]},{"@type":"WebSite","@id":"https:\/\/www.arca24.com\/hr-communication-agency\/#website","url":"https:\/\/www.arca24.com\/hr-communication-agency\/","name":"HR Communication Agency","description":"","publisher":{"@id":"https:\/\/www.arca24.com\/hr-communication-agency\/#organization"},"potentialAction":[{"@type":"SearchAction","target":{"@type":"EntryPoint","urlTemplate":"https:\/\/www.arca24.com\/hr-communication-agency\/?s={search_term_string}"},"query-input":{"@type":"PropertyValueSpecification","valueRequired":true,"valueName":"search_term_string"}}],"inLanguage":"en-US"},{"@type":"Organization","@id":"https:\/\/www.arca24.com\/hr-communication-agency\/#organization","name":"HR Communication Agency","url":"https:\/\/www.arca24.com\/hr-communication-agency\/","logo":{"@type":"ImageObject","inLanguage":"en-US","@id":"https:\/\/www.arca24.com\/hr-communication-agency\/#\/schema\/logo\/image\/","url":"https:\/\/www.arca24.com\/hr-communication-agency\/wp-content\/uploads\/2023\/05\/arca24_HCA-logo.png","contentUrl":"https:\/\/www.arca24.com\/hr-communication-agency\/wp-content\/uploads\/2023\/05\/arca24_HCA-logo.png","width":366,"height":186,"caption":"HR Communication Agency"},"image":{"@id":"https:\/\/www.arca24.com\/hr-communication-agency\/#\/schema\/logo\/image\/"},"sameAs":["https:\/\/www.facebook.com\/arca24hr","https:\/\/x.com\/Arca24HR"]}]}},"_links":{"self":[{"href":"https:\/\/www.arca24.com\/hr-communication-agency\/wp-json\/wp\/v2\/pages\/716","targetHints":{"allow":["GET"]}}],"collection":[{"href":"https:\/\/www.arca24.com\/hr-communication-agency\/wp-json\/wp\/v2\/pages"}],"about":[{"href":"https:\/\/www.arca24.com\/hr-communication-agency\/wp-json\/wp\/v2\/types\/page"}],"author":[{"embeddable":true,"href":"https:\/\/www.arca24.com\/hr-communication-agency\/wp-json\/wp\/v2\/users\/1"}],"replies":[{"embeddable":true,"href":"https:\/\/www.arca24.com\/hr-communication-agency\/wp-json\/wp\/v2\/comments?post=716"}],"version-history":[{"count":28,"href":"https:\/\/www.arca24.com\/hr-communication-agency\/wp-json\/wp\/v2\/pages\/716\/revisions"}],"predecessor-version":[{"id":1010,"href":"https:\/\/www.arca24.com\/hr-communication-agency\/wp-json\/wp\/v2\/pages\/716\/revisions\/1010"}],"wp:featuredmedia":[{"embeddable":true,"href":"https:\/\/www.arca24.com\/hr-communication-agency\/wp-json\/wp\/v2\/media\/693"}],"wp:attachment":[{"href":"https:\/\/www.arca24.com\/hr-communication-agency\/wp-json\/wp\/v2\/media?parent=716"}],"curies":[{"name":"wp","href":"https:\/\/api.w.org\/{rel}","templated":true}]}}