{"id":35528,"date":"2020-07-20T13:35:05","date_gmt":"2020-07-20T11:35:05","guid":{"rendered":"https:\/\/www.arca24.com\/it\/?page_id=35528"},"modified":"2023-08-03T15:24:56","modified_gmt":"2023-08-03T13:24:56","slug":"quality-policy","status":"publish","type":"page","link":"https:\/\/www.arca24.com\/it\/quality-policy\/","title":{"rendered":"Quality Policy"},"content":{"rendered":"<div class=\"fusion-fullwidth fullwidth-box fusion-builder-row-1 fusion-flex-container has-pattern-background has-mask-background nonhundred-percent-fullwidth non-hundred-percent-height-scrolling\" style=\"--awb-border-radius-top-left:0px;--awb-border-radius-top-right:0px;--awb-border-radius-bottom-right:0px;--awb-border-radius-bottom-left:0px;--awb-padding-top:0px;--awb-margin-top:40px;--awb-flex-wrap:wrap;\" ><div class=\"fusion-builder-row fusion-row fusion-flex-align-items-stretch fusion-flex-content-wrap\" style=\"max-width:1216.8px;margin-left: calc(-4% \/ 2 );margin-right: calc(-4% \/ 2 );\"><div class=\"fusion-layout-column fusion_builder_column fusion-builder-column-0 fusion_builder_column_1_1 1_1 fusion-flex-column\" style=\"--awb-bg-size:cover;--awb-width-large:100%;--awb-margin-top-large:0px;--awb-spacing-right-large:1.92%;--awb-margin-bottom-large:30px;--awb-spacing-left-large:1.92%;--awb-width-medium:100%;--awb-spacing-right-medium:1.92%;--awb-spacing-left-medium:1.92%;--awb-width-small:100%;--awb-spacing-right-small:1.92%;--awb-spacing-left-small:1.92%;\"><div class=\"fusion-column-wrapper fusion-flex-justify-content-flex-start fusion-content-layout-column\"><div class=\"fusion-text fusion-text-1\" style=\"--awb-font-size:48px;--awb-line-height:1;--awb-text-color:#212945;--awb-text-font-family:&quot;Archivo&quot;;--awb-text-font-style:normal;--awb-text-font-weight:700;\"><p>quality policy<\/p>\n<\/div><div class=\"fusion-separator\" style=\"align-self: flex-start;margin-right:auto;margin-top:-10px;margin-bottom:40px;width:100%;max-width:200px;\"><\/div><div class=\"fusion-text fusion-text-2\"><p>Questa pagina descrive l&#8217;impegno di Arca24.com SA nel predisporre e amministrare il <strong>Sistema di Gestione della Qualit\u00e0 (SGQ)<\/strong>, al rispetto della normativa e regolamentazione vigente ed applicabile, nonch\u00e9 al rispetto degli altri requisiti volontariamente fatti propri dall\u2019azienda.<\/p>\n<\/div><div class=\"fusion-text fusion-text-3\"><p>Arca24.com SA promuove tutte le azioni necessarie affinch\u00e9 il proprio operato, nel rispetto della conformit\u00e0 a tutti i requisiti di legge o di altra natura, sia orientato al raggiungimento dei seguenti obiettivi:<\/p>\n<ol>\n<li><strong>stabilire, attuare, mantenere operativo e rivedere periodicamente il Sistema di Gestione della Qualit\u00e0<\/strong>, inteso come uno strumento utile e dinamico per consentire all\u2019organizzazione di realizzare gli obiettivi prefissati, anche in funzione del rispetto degli impegni assunti verso gli stakeholder;<\/li>\n<li><strong>migliorare l\u2019organizzazione produttiva, di assistenza e di vendita<\/strong>, anche grazie ai cambiamenti tecnologici, ricercando sempre elevati standard qualitativi;<\/li>\n<li><strong>perseguire la soddisfazione dei Clienti<\/strong>, massimizzando la percezione del valore dei prodotti forniti e tendendo a realizzarne le aspettative con carattere di continuit\u00e0;<\/li>\n<li><strong>valorizzare i propri collaboratori<\/strong>, considerati elemento fondamentale di crescita aziendale, aumentandone le conoscenze e le competenze mediante opportuni percorsi di crescita e informazione e promuovendone la sensibilizzazione ed il coinvolgimento, affinch\u00e9 condividano ed attuino la presente Politica Aziendale e adottino comportamenti conformi ai principi in essa espressi, col fine di ridurre progressivamente i rischi connaturati alle attivit\u00e0 che essi svolgono, e i loro impatti sulla qualit\u00e0, sulla sicurezza e sull\u2019ambiente;<\/li>\n<li><strong>attribuire basilare importanza alla qualit\u00e0, alla tutela del luogo di lavoro e della salute dei lavoratori e alla tutela dell\u2019ambiente<\/strong>. Per tale motivo, tutti devono impegnarsi a condurre le proprie attivit\u00e0 in modo razionale ed efficiente, conciliando la crescita economica con la tutela della salute, della sicurezza e dell\u2019ambiente, minimizzando l\u2019impatto delle nostre attivit\u00e0 e garantendo sempre le migliori e pi\u00f9 sicure condizioni di lavoro;<\/li>\n<li><strong>impegnarsi quotidianamente, destinando le opportune risorse (economiche, tecniche e umane), al perseguimento degli obiettivi di Arca24.com SA<\/strong>, definendo ruoli, responsabilit\u00e0 e doveri e verificandone periodicamente il grado di attuazione e raggiungimento;<\/li>\n<li><strong>garantire e supportare, attraverso opportuni canali di comunicazione, la consapevolezza da parte di tutto il personale e dei collaboratori<\/strong> che, a vario titolo, operino in collaborazione o per conto della Societ\u00e0, del proprio ruolo, delle conseguenze delle proprie azioni e dei rischi riguardanti la mancata applicazione delle procedure in materia di qualit\u00e0;<\/li>\n<li><strong>perseguire con continuit\u00e0 e determinazione il miglioramento del SGQ<\/strong>, lavorando alla definizione di obiettivi e programmi sempre pi\u00f9 ambiziosi, monitorandone nel tempo l\u2019operativit\u00e0, le condizioni di conformit\u00e0 e la adeguatezza alla prevenzione degli eventuali rischi di illeciti, supportando un adeguato piano di audit, definendo opportuni indicatori per valutare l\u2019efficacia dei singoli processi aziendali e analizzando i dati provenienti dal mercato, dalle non conformit\u00e0, dai reclami, dagli infortuni e dai risultati dei precedenti riesami della Direzione.<\/li>\n<\/ol>\n<p>La <strong>Politica Aziendale<\/strong>, definita dalla Direzione di Arca24.com SA, \u00e8 stata sviluppata in accordo con i valori fondanti e le convinzioni della Societ\u00e0 e viene considerata appropriata alle finalit\u00e0 e al contesto in cui opera, alle proprie linee di indirizzo strategico, alla natura ed alla dimensione dei rischi rilevati, alle attivit\u00e0 e ai processi che vi hanno luogo ed \u00e8 applicabile a tutti i livelli dell\u2019organizzazione. Come tale sar\u00e0 comunicata e diffusa a tutto il personale. Ne viene inoltre assicurata la disponibilit\u00e0 a tutti i destinatari, tramite esposizione all\u2019interno della sede, nonch\u00e9 mediante pubblicazione sul sito internet, ovvero mediante consegna su richiesta.<\/p>\n<\/div><div class=\"button-small hover-effect\"><a href=\"https:\/\/www.arca24.com\/it\/wp-content\/uploads\/2022\/12\/politica-aziendale-22.pdf\" > politica aziendale <span class=\"material-icons\" color=\"#240bab\">\ndownloading\n<\/span><\/a><\/div><\/div><\/div><\/div><\/div>\n","protected":false},"excerpt":{"rendered":"","protected":false},"author":3493,"featured_media":51230,"parent":0,"menu_order":0,"comment_status":"closed","ping_status":"closed","template":"100-width.php","meta":{"footnotes":""},"class_list":["post-35528","page","type-page","status-publish","has-post-thumbnail","hentry"],"yoast_head":"<!-- This site is optimized with the Yoast SEO Premium plugin v14.7 - https:\/\/yoast.com\/wordpress\/plugins\/seo\/ -->\n<title>Quality policy | Suite di HR software | Arca24<\/title>\n<meta name=\"description\" content=\"Arca24 aderisce ad una Quality Policy per tutta la suite di HR software che sviluppa come human resource information system software, recruitment platform, hiring system, ecc.\" \/>\n<meta name=\"robots\" content=\"index, follow\" \/>\n<meta name=\"googlebot\" content=\"index, follow, max-snippet:-1, max-image-preview:large, max-video-preview:-1\" \/>\n<meta name=\"bingbot\" content=\"index, follow, max-snippet:-1, max-image-preview:large, max-video-preview:-1\" \/>\n<link rel=\"canonical\" href=\"https:\/\/www.arca24.com\/it\/quality-policy\/\" \/>\n<meta property=\"og:locale\" content=\"it_IT\" \/>\n<meta property=\"og:type\" content=\"article\" \/>\n<meta property=\"og:title\" content=\"Quality policy | Suite di HR software | Arca24\" \/>\n<meta property=\"og:description\" content=\"Arca24 aderisce ad una Quality Policy per tutta la suite di HR software che sviluppa come human resource information system software, recruitment platform, hiring system, ecc.\" \/>\n<meta property=\"og:url\" content=\"https:\/\/www.arca24.com\/it\/quality-policy\/\" \/>\n<meta property=\"og:site_name\" content=\"Cloud HR innovative software | Arca24\" \/>\n<meta property=\"article:publisher\" content=\"https:\/\/www.facebook.com\/arca24hr\" \/>\n<meta property=\"article:modified_time\" content=\"2023-08-03T13:24:56+00:00\" \/>\n<meta property=\"og:image\" content=\"https:\/\/www.arca24.com\/it\/wp-content\/uploads\/2022\/05\/a24-FI_home.jpg\" \/>\n\t<meta property=\"og:image:width\" content=\"1920\" \/>\n\t<meta property=\"og:image:height\" content=\"1080\" \/>\n<meta name=\"twitter:card\" content=\"summary_large_image\" \/>\n<meta name=\"twitter:creator\" content=\"@Arca24HR\" \/>\n<meta name=\"twitter:site\" content=\"@Arca24HR\" \/>\n<script type=\"application\/ld+json\" class=\"yoast-schema-graph\">{\"@context\":\"https:\/\/schema.org\",\"@graph\":[{\"@type\":\"WebSite\",\"@id\":\"https:\/\/www.arca24.com\/it\/#website\",\"url\":\"https:\/\/www.arca24.com\/it\/\",\"name\":\"Cloud HR innovative software | Arca24\",\"description\":\"Your time, our technology\",\"potentialAction\":[{\"@type\":\"SearchAction\",\"target\":\"https:\/\/www.arca24.com\/it\/?s={search_term_string}\",\"query-input\":\"required name=search_term_string\"}],\"inLanguage\":\"it-IT\"},{\"@type\":\"ImageObject\",\"@id\":\"https:\/\/www.arca24.com\/it\/quality-policy\/#primaryimage\",\"inLanguage\":\"it-IT\",\"url\":\"https:\/\/www.arca24.com\/it\/wp-content\/uploads\/2022\/05\/a24-FI_home.jpg\",\"width\":1920,\"height\":1080},{\"@type\":\"WebPage\",\"@id\":\"https:\/\/www.arca24.com\/it\/quality-policy\/#webpage\",\"url\":\"https:\/\/www.arca24.com\/it\/quality-policy\/\",\"name\":\"Quality policy | Suite di HR software | Arca24\",\"isPartOf\":{\"@id\":\"https:\/\/www.arca24.com\/it\/#website\"},\"primaryImageOfPage\":{\"@id\":\"https:\/\/www.arca24.com\/it\/quality-policy\/#primaryimage\"},\"datePublished\":\"2020-07-20T11:35:05+00:00\",\"dateModified\":\"2023-08-03T13:24:56+00:00\",\"description\":\"Arca24 aderisce ad una Quality Policy per tutta la suite di HR software che sviluppa come human resource information system software, recruitment platform, hiring system, ecc.\",\"inLanguage\":\"it-IT\",\"potentialAction\":[{\"@type\":\"ReadAction\",\"target\":[\"https:\/\/www.arca24.com\/it\/quality-policy\/\"]}]}]}<\/script>\n<!-- \/ Yoast SEO Premium plugin. -->","_links":{"self":[{"href":"https:\/\/www.arca24.com\/it\/wp-json\/wp\/v2\/pages\/35528","targetHints":{"allow":["GET"]}}],"collection":[{"href":"https:\/\/www.arca24.com\/it\/wp-json\/wp\/v2\/pages"}],"about":[{"href":"https:\/\/www.arca24.com\/it\/wp-json\/wp\/v2\/types\/page"}],"author":[{"embeddable":true,"href":"https:\/\/www.arca24.com\/it\/wp-json\/wp\/v2\/users\/3493"}],"replies":[{"embeddable":true,"href":"https:\/\/www.arca24.com\/it\/wp-json\/wp\/v2\/comments?post=35528"}],"version-history":[{"count":24,"href":"https:\/\/www.arca24.com\/it\/wp-json\/wp\/v2\/pages\/35528\/revisions"}],"predecessor-version":[{"id":58160,"href":"https:\/\/www.arca24.com\/it\/wp-json\/wp\/v2\/pages\/35528\/revisions\/58160"}],"wp:featuredmedia":[{"embeddable":true,"href":"https:\/\/www.arca24.com\/it\/wp-json\/wp\/v2\/media\/51230"}],"wp:attachment":[{"href":"https:\/\/www.arca24.com\/it\/wp-json\/wp\/v2\/media?parent=35528"}],"curies":[{"name":"wp","href":"https:\/\/api.w.org\/{rel}","templated":true}]}}