{"id":4382,"date":"2024-04-08T14:04:55","date_gmt":"2024-04-08T14:04:55","guid":{"rendered":"https:\/\/www.arca24.com\/jobarch\/?page_id=4382"},"modified":"2024-05-31T10:19:48","modified_gmt":"2024-05-31T10:19:48","slug":"datenschutzerklaerung","status":"publish","type":"page","link":"https:\/\/www.arca24.com\/jobarch\/de\/datenschutzerklaerung\/","title":{"rendered":"Datenschutzerkl\u00e4rung"},"content":{"rendered":"<div class=\"fusion-fullwidth fullwidth-box fusion-builder-row-1 fusion-flex-container has-pattern-background has-mask-background nonhundred-percent-fullwidth non-hundred-percent-height-scrolling\" style=\"--awb-border-radius-top-left:0px;--awb-border-radius-top-right:0px;--awb-border-radius-bottom-right:0px;--awb-border-radius-bottom-left:0px;--awb-flex-wrap:wrap;\" ><div class=\"fusion-builder-row fusion-row fusion-flex-align-items-flex-start fusion-flex-content-wrap\" style=\"max-width:1320.8px;margin-left: calc(-4% \/ 2 );margin-right: calc(-4% \/ 2 );\"><div class=\"fusion-layout-column fusion_builder_column fusion-builder-column-0 fusion_builder_column_1_1 1_1 fusion-flex-column\" style=\"--awb-bg-size:cover;--awb-width-large:100%;--awb-margin-top-large:25px;--awb-spacing-right-large:1.92%;--awb-margin-bottom-large:25px;--awb-spacing-left-large:1.92%;--awb-width-medium:100%;--awb-order-medium:0;--awb-spacing-right-medium:1.92%;--awb-spacing-left-medium:1.92%;--awb-width-small:100%;--awb-order-small:0;--awb-spacing-right-small:1.92%;--awb-spacing-left-small:1.92%;\"><div class=\"fusion-column-wrapper fusion-column-has-shadow fusion-flex-justify-content-flex-start fusion-content-layout-column\"><div class=\"fusion-text fusion-text-1\"><p>Diese Seite beschreibt, wie Arca24.com SA die pers\u00f6nlichen Daten der Besucher ihrer Website und derjenigen, die mit den Webdiensten interagieren, auf die durch den Besuch der unternehmenseigenen Websites zugegriffen werden kann, in \u00dcbereinstimmung mit dem Bundesdatenschutzgesetz (DSG) und Artikel 13 der Verordnung (EU) 2016\/679 \u2013 DSGVO genannt.<\/p>\n<p><strong>1. Datenverarbeitung\u00a0<\/strong><strong>(Art. 13, Absatz 1 Buchstabe a, Art. 15, Buchstabe b, DSGVO)<\/strong><\/p>\n<p>Arca24.com SA \u2013 Via Roncaglia n.5, CH-6883 Novazzano, E-Mail-Adresse\u00a0<a href=\"mailto:privacy@arca24.com\">privacy@arca24.com<\/a>, im Folgenden als \u201cArca24\u201d oder \u201cEigent\u00fcmer\u201d bezeichnet, ist der Inhaber der Datenversammlung und der Datenverarbeitung. Die betroffenen Daten sind:<\/p>\n<ol>\n<li>Daten, die Sie beim Ausf\u00fcllen des Kontaktformulars oder bei jeder anderen Anfrage angeben;<\/li>\n<li>Navigationsdaten betreffend unsere Webseite, wie: Traffic-Daten, Lokalisierung, Besuche, Weblog, IP-Adresse, Daten betreffend das verwendete Betriebssystem, verwendeten Browsers, Cookies;<\/li>\n<li>Von uns versammelte Daten, welche uns per E-Mail, Umfrage sowie durch Ausf\u00fcllen von Formularen gesendet werden.<\/li>\n<\/ol>\n<p><strong>2. Zweck der Datenverarbeitung (<\/strong><strong>Art. 13, Absatz 1 Buchstaben c, d, e, f, DSGVO)<\/strong><\/p>\n<p>Die oben genannten Benutzerdaten werden vom Eigent\u00fcmer insbesondere f\u00fcr folgende Aktivit\u00e4ten verarbeitet:<\/p>\n<p>Aktivit\u00e4ten in der Vermittlung zwischen Arbeitsangebot und Arbeitsnachfrage, in der Personalsuche und Selektion, Personaloutplacement sowie Ausbildung. Rechtsgrundlage f\u00fcr diese Aktivit\u00e4ten ist die Erf\u00fcllung von vorvertraglichen und vertraglichen Pflichten, an denen Sie teilnehmen, sowie die Einhaltung der gesetzlichen Verpflichtung.<\/p>\n<p><strong>3. Folgen der Antwortverweigerung\u00a0<\/strong><strong>(Art. 13, Absatz 2, Buchstabe e, DSGVO)<\/strong><\/p>\n<p>Abgesehen von den Angaben zu den Navigationsdaten, die f\u00fcr das korrekte Funktionieren der Website erforderlich sind, und zu den Cookies (siehe Informationen \u00fcber Cookies) steht es dem Benutzer frei, seine pers\u00f6nlichen Daten anzugeben, um die Zusendung von Informationsmaterial anzufordern. Die Weigerung, sie betreffende Daten zu verarbeiten, macht es unm\u00f6glich, eine Antwort auf solche Anfragen zu erhalten.<\/p>\n<p><strong>4. Datenverarbeitung und Aufbewahrungsfrist\u00a0<\/strong><strong>(Art. 13, Absatz 2, Buchstabe a, DSGVO)<\/strong><\/p>\n<p>Ihre Daten werden nur f\u00fcr den Zeitraum verarbeitet, der erforderlich ist, um die mit der Verwaltung des Vertrags und den daraus folgenden Erf\u00fcllungen verbundenen Aktivit\u00e4ten, einschliesslich der gesetzlich vorgeschriebenen, durchzuf\u00fchren. Der f\u00fcr die Verarbeitung Verantwortliche bewahrt die Daten daher nur in \u00dcbereinstimmung mit den gesetzlichen Verpflichtungen auf, die durch die geltenden Gesetze vorgesehen sind, f\u00fcr Verwaltungszwecke und\/oder zur Geltendmachung oder Verteidigung seiner eigenen Rechte im Falle eines Rechtsstreits oder vorgerichtlichen Verfahrens. Ihre pers\u00f6nlichen Daten werden nach einer Inaktivit\u00e4tsperiode von 36 Monaten gel\u00f6scht. 6 Monate vor Ablauf der G\u00fcltigkeitsdauer erhalten Sie eine E-Mail, die Sie \u00fcber diesen Umstand informiert.<\/p>\n<p><strong>5. Wie Daten verarbeitet werden\u00a0<\/strong><strong>(Art. 13, Absatz 2, Buchstabe f, DSGVO)<\/strong><\/p>\n<p>Personenbezogene Daten werden mit Hilfe automatisierter und automatisierter Werkzeuge f\u00fcr den Zeitraum verarbeitet, der zur Erreichung der Zwecke, f\u00fcr die sie gesammelt wurden, unbedingt erforderlich ist.<\/p>\n<p>Die Datenverarbeitung umfasst keine automatisierten Entscheidungsfindungsprozesse, kann aber die Erstellung von Profilen f\u00fcr die mit dem Web-Browsing verbundenen Aktivit\u00e4ten durch technische Hilfsmittel wie Cookies umfassen.<\/p>\n<p>Ihre Daten k\u00f6nnen von Lieferanten, die Dienstleistungen f\u00fcr Arca24 erbringen, eingesehen werden.<\/p>\n<p>Arca24 hat jeden Lieferanten, der Ihre Daten verarbeitet, als externen Datenverarbeiter benannt, um einen angemessenen Schutz Ihrer personenbezogenen Daten zu gew\u00e4hrleisten.<\/p>\n<p>Ihre personenbezogenen Daten werden insbesondere bei Digital Ocean gespeichert, dessen Server sich in Frankfurt befinden.<\/p>\n<p><strong>6. Rechte der interessierten Partei\u00a0<\/strong><strong>(Art. 13, Absatz 1, Buchstabe b, Absatz 2, Buchstabe b, DSGVO)<\/strong><\/p>\n<p>Sie k\u00f6nnen jederzeit und kostenlos vom Eigent\u00fcmer verlangen, Ihre Daten zu aktualisieren und\/oder zu l\u00f6schen und\/oder ihre Rechte auf andere Weise aus\u00fcben. Im Einzelnen handelt es sich um die in den Artikeln der DSGVO genannten Rechte: Art. 15 \u201cRecht auf Auskunft\u201d, Art. 16 \u201cRecht auf Berichtigung\u201d, Art. 17 \u201cRecht auf L\u00f6schung\u201d, Art. 18 \u201cRecht auf Einschr\u00e4nkung der Verarbeitung\u201d und Art. 20 \u201cRecht auf Daten\u00fcbertragbarkeit\u201d.<\/p>\n<\/div><\/div><\/div><\/div><\/div>\n","protected":false},"excerpt":{"rendered":"","protected":false},"author":1,"featured_media":0,"parent":0,"menu_order":0,"comment_status":"closed","ping_status":"closed","template":"","meta":{"footnotes":""},"class_list":["post-4382","page","type-page","status-publish","hentry"],"yoast_head":"<!-- This site is optimized with the Yoast SEO plugin v27.4 - https:\/\/yoast.com\/product\/yoast-seo-wordpress\/ -->\n<title>Datenschutzerkl\u00e4rung | Most Popular ATS Systems | JobArch<\/title>\n<meta name=\"description\" content=\"Lesen Sie die Datenschutzbestimmungen von JobArch, der ATS-Software f\u00fcr kleine Unternehmen und Personalvermittler mit einem Applicant Tracking System mit k\u00fcnstlicher Intelligenz in HR f\u00fcr KMU.\" \/>\n<meta name=\"robots\" content=\"index, follow, max-snippet:-1, max-image-preview:large, max-video-preview:-1\" \/>\n<link rel=\"canonical\" href=\"https:\/\/www.arca24.com\/jobarch\/de\/datenschutzerklaerung\/\" \/>\n<meta property=\"og:locale\" content=\"it_IT\" \/>\n<meta property=\"og:type\" content=\"article\" \/>\n<meta property=\"og:title\" content=\"Datenschutzerkl\u00e4rung | Most Popular ATS Systems | JobArch\" \/>\n<meta property=\"og:description\" content=\"Lesen Sie die Datenschutzbestimmungen von JobArch, der ATS-Software f\u00fcr kleine Unternehmen und Personalvermittler mit einem Applicant Tracking System mit k\u00fcnstlicher Intelligenz in HR f\u00fcr KMU.\" \/>\n<meta property=\"og:url\" content=\"https:\/\/www.arca24.com\/jobarch\/de\/datenschutzerklaerung\/\" \/>\n<meta property=\"og:site_name\" content=\"JobArch\" \/>\n<meta property=\"article:modified_time\" content=\"2024-05-31T10:19:48+00:00\" \/>\n<meta name=\"twitter:card\" content=\"summary_large_image\" \/>\n<meta name=\"twitter:label1\" content=\"Tempo di lettura stimato\" \/>\n\t<meta name=\"twitter:data1\" content=\"4 minuti\" \/>\n<script type=\"application\/ld+json\" class=\"yoast-schema-graph\">{\"@context\":\"https:\\\/\\\/schema.org\",\"@graph\":[{\"@type\":\"WebPage\",\"@id\":\"https:\\\/\\\/www.arca24.com\\\/jobarch\\\/de\\\/datenschutzerklaerung\\\/\",\"url\":\"https:\\\/\\\/www.arca24.com\\\/jobarch\\\/de\\\/datenschutzerklaerung\\\/\",\"name\":\"Datenschutzerkl\u00e4rung | Most Popular ATS Systems | JobArch\",\"isPartOf\":{\"@id\":\"https:\\\/\\\/www.arca24.com\\\/jobarch\\\/#website\"},\"datePublished\":\"2024-04-08T14:04:55+00:00\",\"dateModified\":\"2024-05-31T10:19:48+00:00\",\"description\":\"Lesen Sie die Datenschutzbestimmungen von JobArch, der ATS-Software f\u00fcr kleine Unternehmen und Personalvermittler mit einem Applicant Tracking System mit k\u00fcnstlicher Intelligenz in HR f\u00fcr KMU.\",\"breadcrumb\":{\"@id\":\"https:\\\/\\\/www.arca24.com\\\/jobarch\\\/de\\\/datenschutzerklaerung\\\/#breadcrumb\"},\"inLanguage\":\"it-IT\",\"potentialAction\":[{\"@type\":\"ReadAction\",\"target\":[\"https:\\\/\\\/www.arca24.com\\\/jobarch\\\/de\\\/datenschutzerklaerung\\\/\"]}]},{\"@type\":\"BreadcrumbList\",\"@id\":\"https:\\\/\\\/www.arca24.com\\\/jobarch\\\/de\\\/datenschutzerklaerung\\\/#breadcrumb\",\"itemListElement\":[{\"@type\":\"ListItem\",\"position\":1,\"name\":\"Home\",\"item\":\"https:\\\/\\\/www.arca24.com\\\/jobarch\\\/it\\\/\"},{\"@type\":\"ListItem\",\"position\":2,\"name\":\"Datenschutzerkl\u00e4rung\"}]},{\"@type\":\"WebSite\",\"@id\":\"https:\\\/\\\/www.arca24.com\\\/jobarch\\\/#website\",\"url\":\"https:\\\/\\\/www.arca24.com\\\/jobarch\\\/\",\"name\":\"JobArch\",\"description\":\"\",\"publisher\":{\"@id\":\"https:\\\/\\\/www.arca24.com\\\/jobarch\\\/#organization\"},\"potentialAction\":[{\"@type\":\"SearchAction\",\"target\":{\"@type\":\"EntryPoint\",\"urlTemplate\":\"https:\\\/\\\/www.arca24.com\\\/jobarch\\\/?s={search_term_string}\"},\"query-input\":{\"@type\":\"PropertyValueSpecification\",\"valueRequired\":true,\"valueName\":\"search_term_string\"}}],\"inLanguage\":\"it-IT\"},{\"@type\":\"Organization\",\"@id\":\"https:\\\/\\\/www.arca24.com\\\/jobarch\\\/#organization\",\"name\":\"JobArch\",\"url\":\"https:\\\/\\\/www.arca24.com\\\/jobarch\\\/\",\"logo\":{\"@type\":\"ImageObject\",\"inLanguage\":\"it-IT\",\"@id\":\"https:\\\/\\\/www.arca24.com\\\/jobarch\\\/#\\\/schema\\\/logo\\\/image\\\/\",\"url\":\"https:\\\/\\\/www.arca24.com\\\/jobarch\\\/wp-content\\\/uploads\\\/2024\\\/01\\\/arca24_jobarch-logo-1x.png\",\"contentUrl\":\"https:\\\/\\\/www.arca24.com\\\/jobarch\\\/wp-content\\\/uploads\\\/2024\\\/01\\\/arca24_jobarch-logo-1x.png\",\"width\":351,\"height\":107,\"caption\":\"JobArch\"},\"image\":{\"@id\":\"https:\\\/\\\/www.arca24.com\\\/jobarch\\\/#\\\/schema\\\/logo\\\/image\\\/\"}}]}<\/script>\n<!-- \/ Yoast SEO plugin. -->","yoast_head_json":{"title":"Datenschutzerkl\u00e4rung | Most Popular ATS Systems | JobArch","description":"Lesen Sie die Datenschutzbestimmungen von JobArch, der ATS-Software f\u00fcr kleine Unternehmen und Personalvermittler mit einem Applicant Tracking System mit k\u00fcnstlicher Intelligenz in HR f\u00fcr KMU.","robots":{"index":"index","follow":"follow","max-snippet":"max-snippet:-1","max-image-preview":"max-image-preview:large","max-video-preview":"max-video-preview:-1"},"canonical":"https:\/\/www.arca24.com\/jobarch\/de\/datenschutzerklaerung\/","og_locale":"it_IT","og_type":"article","og_title":"Datenschutzerkl\u00e4rung | Most Popular ATS Systems | JobArch","og_description":"Lesen Sie die Datenschutzbestimmungen von JobArch, der ATS-Software f\u00fcr kleine Unternehmen und Personalvermittler mit einem Applicant Tracking System mit k\u00fcnstlicher Intelligenz in HR f\u00fcr KMU.","og_url":"https:\/\/www.arca24.com\/jobarch\/de\/datenschutzerklaerung\/","og_site_name":"JobArch","article_modified_time":"2024-05-31T10:19:48+00:00","twitter_card":"summary_large_image","twitter_misc":{"Tempo di lettura stimato":"4 minuti"},"schema":{"@context":"https:\/\/schema.org","@graph":[{"@type":"WebPage","@id":"https:\/\/www.arca24.com\/jobarch\/de\/datenschutzerklaerung\/","url":"https:\/\/www.arca24.com\/jobarch\/de\/datenschutzerklaerung\/","name":"Datenschutzerkl\u00e4rung | Most Popular ATS Systems | JobArch","isPartOf":{"@id":"https:\/\/www.arca24.com\/jobarch\/#website"},"datePublished":"2024-04-08T14:04:55+00:00","dateModified":"2024-05-31T10:19:48+00:00","description":"Lesen Sie die Datenschutzbestimmungen von JobArch, der ATS-Software f\u00fcr kleine Unternehmen und Personalvermittler mit einem Applicant Tracking System mit k\u00fcnstlicher Intelligenz in HR f\u00fcr KMU.","breadcrumb":{"@id":"https:\/\/www.arca24.com\/jobarch\/de\/datenschutzerklaerung\/#breadcrumb"},"inLanguage":"it-IT","potentialAction":[{"@type":"ReadAction","target":["https:\/\/www.arca24.com\/jobarch\/de\/datenschutzerklaerung\/"]}]},{"@type":"BreadcrumbList","@id":"https:\/\/www.arca24.com\/jobarch\/de\/datenschutzerklaerung\/#breadcrumb","itemListElement":[{"@type":"ListItem","position":1,"name":"Home","item":"https:\/\/www.arca24.com\/jobarch\/it\/"},{"@type":"ListItem","position":2,"name":"Datenschutzerkl\u00e4rung"}]},{"@type":"WebSite","@id":"https:\/\/www.arca24.com\/jobarch\/#website","url":"https:\/\/www.arca24.com\/jobarch\/","name":"JobArch","description":"","publisher":{"@id":"https:\/\/www.arca24.com\/jobarch\/#organization"},"potentialAction":[{"@type":"SearchAction","target":{"@type":"EntryPoint","urlTemplate":"https:\/\/www.arca24.com\/jobarch\/?s={search_term_string}"},"query-input":{"@type":"PropertyValueSpecification","valueRequired":true,"valueName":"search_term_string"}}],"inLanguage":"it-IT"},{"@type":"Organization","@id":"https:\/\/www.arca24.com\/jobarch\/#organization","name":"JobArch","url":"https:\/\/www.arca24.com\/jobarch\/","logo":{"@type":"ImageObject","inLanguage":"it-IT","@id":"https:\/\/www.arca24.com\/jobarch\/#\/schema\/logo\/image\/","url":"https:\/\/www.arca24.com\/jobarch\/wp-content\/uploads\/2024\/01\/arca24_jobarch-logo-1x.png","contentUrl":"https:\/\/www.arca24.com\/jobarch\/wp-content\/uploads\/2024\/01\/arca24_jobarch-logo-1x.png","width":351,"height":107,"caption":"JobArch"},"image":{"@id":"https:\/\/www.arca24.com\/jobarch\/#\/schema\/logo\/image\/"}}]}},"_links":{"self":[{"href":"https:\/\/www.arca24.com\/jobarch\/wp-json\/wp\/v2\/pages\/4382","targetHints":{"allow":["GET"]}}],"collection":[{"href":"https:\/\/www.arca24.com\/jobarch\/wp-json\/wp\/v2\/pages"}],"about":[{"href":"https:\/\/www.arca24.com\/jobarch\/wp-json\/wp\/v2\/types\/page"}],"author":[{"embeddable":true,"href":"https:\/\/www.arca24.com\/jobarch\/wp-json\/wp\/v2\/users\/1"}],"replies":[{"embeddable":true,"href":"https:\/\/www.arca24.com\/jobarch\/wp-json\/wp\/v2\/comments?post=4382"}],"version-history":[{"count":2,"href":"https:\/\/www.arca24.com\/jobarch\/wp-json\/wp\/v2\/pages\/4382\/revisions"}],"predecessor-version":[{"id":4384,"href":"https:\/\/www.arca24.com\/jobarch\/wp-json\/wp\/v2\/pages\/4382\/revisions\/4384"}],"wp:attachment":[{"href":"https:\/\/www.arca24.com\/jobarch\/wp-json\/wp\/v2\/media?parent=4382"}],"curies":[{"name":"wp","href":"https:\/\/api.w.org\/{rel}","templated":true}]}}