{"id":4385,"date":"2024-04-08T14:07:15","date_gmt":"2024-04-08T14:07:15","guid":{"rendered":"https:\/\/www.arca24.com\/jobarch\/?page_id=4385"},"modified":"2024-04-22T13:50:13","modified_gmt":"2024-04-22T13:50:13","slug":"politique-de-confidentialite-logiciel-ats","status":"publish","type":"page","link":"https:\/\/www.arca24.com\/jobarch\/fr\/politique-de-confidentialite-logiciel-ats\/","title":{"rendered":"Politique de confidentialit\u00e9"},"content":{"rendered":"<div class=\"fusion-fullwidth fullwidth-box fusion-builder-row-1 fusion-flex-container has-pattern-background has-mask-background nonhundred-percent-fullwidth non-hundred-percent-height-scrolling\" style=\"--awb-border-radius-top-left:0px;--awb-border-radius-top-right:0px;--awb-border-radius-bottom-right:0px;--awb-border-radius-bottom-left:0px;--awb-flex-wrap:wrap;\" ><div class=\"fusion-builder-row fusion-row fusion-flex-align-items-flex-start fusion-flex-content-wrap\" style=\"max-width:1320.8px;margin-left: calc(-4% \/ 2 );margin-right: calc(-4% \/ 2 );\"><div class=\"fusion-layout-column fusion_builder_column fusion-builder-column-0 fusion_builder_column_1_1 1_1 fusion-flex-column\" style=\"--awb-bg-size:cover;--awb-width-large:100%;--awb-margin-top-large:25px;--awb-spacing-right-large:1.92%;--awb-margin-bottom-large:25px;--awb-spacing-left-large:1.92%;--awb-width-medium:100%;--awb-order-medium:0;--awb-spacing-right-medium:1.92%;--awb-spacing-left-medium:1.92%;--awb-width-small:100%;--awb-order-small:0;--awb-spacing-right-small:1.92%;--awb-spacing-left-small:1.92%;\"><div class=\"fusion-column-wrapper fusion-column-has-shadow fusion-flex-justify-content-flex-start fusion-content-layout-column\"><div class=\"fusion-text fusion-text-1\"><div class=\"fusion-text fusion-text-2\">\n<p><em>Cette page d\u00e9crit comment Arca24.com SA traite les donn\u00e9es personnelles des utilisateurs de ce site web et de ceux qui interagissent avec l\u2019entreprise en utilisant le formulaire \u201cContact\u201d ou \u201cD\u00e9mo gratuite\u201d, conform\u00e9ment aux dispositions de la loi f\u00e9d\u00e9rale sur le traitement des donn\u00e9es personnelles (LPD) et du r\u00e8glement europ\u00e9en (UE) 2016\/679 \u2013 RGPD.<\/em><\/p>\n<\/div>\n<div class=\"fusion-text fusion-text-3\">\n<p><b>1. Quel type de donn\u00e9es nous traitons<\/b>\u00a0<strong>(article 13, paragraphe 1, lettre a, article 15, lettre b, RGPD)<\/strong><\/p>\n<p>Arca24.com SA \u2013 Via Roncaglia n.5, CH-6883 Novazzano, adresse \u00e9lectronique privacy@arca24.com, ci-apr\u00e8s d\u00e9nomm\u00e9e \u201cArca24\u201d ou \u201cResponsable du traitement\u201d, est le Responsable du traitement de vos donn\u00e9es personnelles qui peuvent concerner :<\/p>\n<ol>\n<li class=\"p2\">Les donn\u00e9es fournies par l\u2019utilisateur lorsqu\u2019il remplit le formulaire de contact avec le contr\u00f4leur des donn\u00e9es ou lorsqu\u2019il envoie toute autre demande ;<\/li>\n<li class=\"p2\">Les donn\u00e9es sur notre site Internet, qui comprennent les donn\u00e9es de trafic, la localisation, le profilage, la visite du site, l\u2019adresse IP, le syst\u00e8me d\u2019exploitation utilis\u00e9, le navigateur utilis\u00e9, les cookies ;<\/li>\n<li class=\"p2\">Les donn\u00e9es fournies par l\u2019utilisateur par le biais de la section \u201cD\u00e9mo gratuite\u201d.<\/li>\n<\/ol>\n<p class=\"p2\"><b>2. Finalit\u00e9s du traitement des donn\u00e9es<\/b>\u00a0<strong>(article 13, paragraphe 1, lettre c, d, e, f, RGPD)<\/strong><\/p>\n<p class=\"p2\">Les donn\u00e9es d\u2019utilisateur mentionn\u00e9es ci-dessus sont trait\u00e9es par le propri\u00e9taire en relation avec :<\/p>\n<p class=\"p2\">Des finalit\u00e9s li\u00e9es \u00e0 la gestion des demandes provenant du remplissage des formulaires de contact, des formulaires, des d\u00e9mos, etc.\u202fLa base juridique de ce traitement est pr\u00e9contractuelle.<\/p>\n<p class=\"p2\"><b>3. Refus de fournir les donn\u00e9es personnelles (art. 13, 2e alin\u00e9a, lettre e, RGPD)<\/b><\/p>\n<p class=\"p2\">En dehors de ce qui est sp\u00e9cifi\u00e9 pour les donn\u00e9es de navigation, n\u00e9cessaires au bon fonctionnement du site, et pour les cookies (voir la politique en mati\u00e8re de cookies), l\u2019utilisateur est libre de fournir ses donn\u00e9es personnelles lorsqu\u2019il demande l\u2019envoi de mat\u00e9riel informatif.\u202fLe refus de traiter les donn\u00e9es personnelles rend impossible l\u2019obtention d\u2019une r\u00e9ponse \u00e0 ces demandes.<\/p>\n<p class=\"p2\"><b>4. Conservation des donn\u00e9es personnelles (article 13, paragraphe 2, lettre a, RGPD)<\/b><\/p>\n<p class=\"p2\">Le traitement de vos donn\u00e9es personnelles ne durera que pendant la p\u00e9riode n\u00e9cessaire \u00e0 la r\u00e9alisation des activit\u00e9s li\u00e9es \u00e0 la gestion de la demande et aux obligations qui en d\u00e9coulent, y compris les exigences l\u00e9gales, et dans tous les cas pour une p\u00e9riode ne d\u00e9passant pas 12 mois \u00e0 partir du contact. Les donn\u00e9es personnelles relatives au profilage seront conserv\u00e9es pendant une p\u00e9riode maximale de 12 mois.<\/p>\n<p class=\"p2\"><b>5. Comment les Donn\u00e9es Personnelles sont trait\u00e9es (article 13, paragraphe 2, lettre f, RGPD)<\/b><\/p>\n<p class=\"p2\">Les Donn\u00e9es personnelles sont trait\u00e9es avec des outils automatis\u00e9s pendant le temps strictement n\u00e9cessaire pour atteindre les objectifs pour lesquels elles ont \u00e9t\u00e9 collect\u00e9es.<\/p>\n<p>Le traitement des donn\u00e9es n\u2019inclut pas la prise de d\u00e9cision automatis\u00e9e, mais il peut inclure le profilage pour ces activit\u00e9s.<\/p>\n<p>Vos donn\u00e9es peuvent \u00eatre consult\u00e9es par les fournisseurs qui offrent des services \u00e0 Arca24.<\/p>\n<p>Arca24 a d\u00e9sign\u00e9 chaque fournisseur qui traite vos donn\u00e9es comme responsable externe du traitement des donn\u00e9es, dans le but d\u2019assurer une protection ad\u00e9quate des donn\u00e9es personnelles.<\/p>\n<p>En particulier, vos donn\u00e9es personnelles seront stock\u00e9es chez Digital Ocean dont les serveurs sont situ\u00e9s \u00e0 Francfort.<\/p>\n<p class=\"p2\"><b>6. Droits de l\u2019int\u00e9ress\u00e9 (article 13, paragraphe 1, lettre b, et 2\u00e8me alin\u00e9a, lettre b, RGPD) et du DPD<\/b><\/p>\n<p>\u00c0 tout moment et gratuitement, la partie int\u00e9ress\u00e9e peut demander au Responsable du traitement de mettre \u00e0 jour et \/ ou de supprimer ses donn\u00e9es.\u202fIl s\u2019agit pr\u00e9cis\u00e9ment des droits vis\u00e9s dans les articles du RGPD : Art. 15 \u201cDroit d\u2019acc\u00e8s\u201d, Art. 16 \u201cDroit de rectification\u201d, Art. 17 \u201cDroit d\u2019annulation\u201d, Art. 18 \u201cDroit \u00e0 la limitation du traitement\u201d, Art. 20 \u201cDroit \u00e0 la portabilit\u00e9 des donn\u00e9es\u201d.<\/p>\n<p>La personne charg\u00e9e de la protection des donn\u00e9es personnelles (d\u00e9l\u00e9gu\u00e9 \u00e0 la protection des donn\u00e9es) conform\u00e9ment \u00e0 l\u2019art.\u202f37 du RGPD est Avv. Massimiliano Nicotra.\u202fIl est possible de contacter le DPD \u00e0 tout moment pour des questions \/ demandes \/ rapports \u00e0 l\u2019adresse\u00a0<u><a href=\"mailto:privacy@arca24.com\">privacy@arca24.com<\/a><\/u>\u00a0.<\/p>\n<p>La partie int\u00e9ress\u00e9e peut \u00e9galement contacter et d\u00e9poser une plainte aupr\u00e8s de l\u2019autorit\u00e9 comp\u00e9tente.<\/p>\n<\/div>\n<\/div><\/div><\/div><\/div><\/div>\n","protected":false},"excerpt":{"rendered":"","protected":false},"author":1,"featured_media":0,"parent":0,"menu_order":0,"comment_status":"closed","ping_status":"closed","template":"","meta":{"footnotes":""},"class_list":["post-4385","page","type-page","status-publish","hentry"],"yoast_head":"<!-- This site is optimized with the Yoast SEO plugin v27.3 - https:\/\/yoast.com\/product\/yoast-seo-wordpress\/ -->\n<title>Politique de confidentialit\u00e9 | Logiciel ATS et Outils de Recrutement | JobArch<\/title>\n<meta name=\"description\" content=\"Politique de confidentialit\u00e9 de JobArch, le logiciel destin\u00e9 aux petites et moyennes entreprises pour acc\u00e9l\u00e9rer la recherche et la s\u00e9lection de candidats. Il offre un ATS avec multiposting.\" \/>\n<meta name=\"robots\" content=\"index, follow, max-snippet:-1, max-image-preview:large, max-video-preview:-1\" \/>\n<link rel=\"canonical\" href=\"https:\/\/www.arca24.com\/jobarch\/fr\/politique-de-confidentialite-logiciel-ats\/\" \/>\n<meta property=\"og:locale\" content=\"it_IT\" \/>\n<meta property=\"og:type\" content=\"article\" \/>\n<meta property=\"og:title\" content=\"Politique de confidentialit\u00e9 | Logiciel ATS et Outils de Recrutement | JobArch\" \/>\n<meta property=\"og:description\" content=\"Politique de confidentialit\u00e9 de JobArch, le logiciel destin\u00e9 aux petites et moyennes entreprises pour acc\u00e9l\u00e9rer la recherche et la s\u00e9lection de candidats. Il offre un ATS avec multiposting.\" \/>\n<meta property=\"og:url\" content=\"https:\/\/www.arca24.com\/jobarch\/fr\/politique-de-confidentialite-logiciel-ats\/\" \/>\n<meta property=\"og:site_name\" content=\"JobArch\" \/>\n<meta property=\"article:modified_time\" content=\"2024-04-22T13:50:13+00:00\" \/>\n<meta name=\"twitter:card\" content=\"summary_large_image\" \/>\n<meta name=\"twitter:label1\" content=\"Tempo di lettura stimato\" \/>\n\t<meta name=\"twitter:data1\" content=\"4 minuti\" \/>\n<script type=\"application\/ld+json\" class=\"yoast-schema-graph\">{\"@context\":\"https:\\\/\\\/schema.org\",\"@graph\":[{\"@type\":\"WebPage\",\"@id\":\"https:\\\/\\\/www.arca24.com\\\/jobarch\\\/fr\\\/politique-de-confidentialite-logiciel-ats\\\/\",\"url\":\"https:\\\/\\\/www.arca24.com\\\/jobarch\\\/fr\\\/politique-de-confidentialite-logiciel-ats\\\/\",\"name\":\"Politique de confidentialit\u00e9 | Logiciel ATS et Outils de Recrutement | JobArch\",\"isPartOf\":{\"@id\":\"https:\\\/\\\/www.arca24.com\\\/jobarch\\\/#website\"},\"datePublished\":\"2024-04-08T14:07:15+00:00\",\"dateModified\":\"2024-04-22T13:50:13+00:00\",\"description\":\"Politique de confidentialit\u00e9 de JobArch, le logiciel destin\u00e9 aux petites et moyennes entreprises pour acc\u00e9l\u00e9rer la recherche et la s\u00e9lection de candidats. Il offre un ATS avec multiposting.\",\"breadcrumb\":{\"@id\":\"https:\\\/\\\/www.arca24.com\\\/jobarch\\\/fr\\\/politique-de-confidentialite-logiciel-ats\\\/#breadcrumb\"},\"inLanguage\":\"it-IT\",\"potentialAction\":[{\"@type\":\"ReadAction\",\"target\":[\"https:\\\/\\\/www.arca24.com\\\/jobarch\\\/fr\\\/politique-de-confidentialite-logiciel-ats\\\/\"]}]},{\"@type\":\"BreadcrumbList\",\"@id\":\"https:\\\/\\\/www.arca24.com\\\/jobarch\\\/fr\\\/politique-de-confidentialite-logiciel-ats\\\/#breadcrumb\",\"itemListElement\":[{\"@type\":\"ListItem\",\"position\":1,\"name\":\"Home\",\"item\":\"https:\\\/\\\/www.arca24.com\\\/jobarch\\\/it\\\/\"},{\"@type\":\"ListItem\",\"position\":2,\"name\":\"Politique de confidentialit\u00e9\"}]},{\"@type\":\"WebSite\",\"@id\":\"https:\\\/\\\/www.arca24.com\\\/jobarch\\\/#website\",\"url\":\"https:\\\/\\\/www.arca24.com\\\/jobarch\\\/\",\"name\":\"JobArch\",\"description\":\"\",\"publisher\":{\"@id\":\"https:\\\/\\\/www.arca24.com\\\/jobarch\\\/#organization\"},\"potentialAction\":[{\"@type\":\"SearchAction\",\"target\":{\"@type\":\"EntryPoint\",\"urlTemplate\":\"https:\\\/\\\/www.arca24.com\\\/jobarch\\\/?s={search_term_string}\"},\"query-input\":{\"@type\":\"PropertyValueSpecification\",\"valueRequired\":true,\"valueName\":\"search_term_string\"}}],\"inLanguage\":\"it-IT\"},{\"@type\":\"Organization\",\"@id\":\"https:\\\/\\\/www.arca24.com\\\/jobarch\\\/#organization\",\"name\":\"JobArch\",\"url\":\"https:\\\/\\\/www.arca24.com\\\/jobarch\\\/\",\"logo\":{\"@type\":\"ImageObject\",\"inLanguage\":\"it-IT\",\"@id\":\"https:\\\/\\\/www.arca24.com\\\/jobarch\\\/#\\\/schema\\\/logo\\\/image\\\/\",\"url\":\"https:\\\/\\\/www.arca24.com\\\/jobarch\\\/wp-content\\\/uploads\\\/2024\\\/01\\\/arca24_jobarch-logo-1x.png\",\"contentUrl\":\"https:\\\/\\\/www.arca24.com\\\/jobarch\\\/wp-content\\\/uploads\\\/2024\\\/01\\\/arca24_jobarch-logo-1x.png\",\"width\":351,\"height\":107,\"caption\":\"JobArch\"},\"image\":{\"@id\":\"https:\\\/\\\/www.arca24.com\\\/jobarch\\\/#\\\/schema\\\/logo\\\/image\\\/\"}}]}<\/script>\n<!-- \/ Yoast SEO plugin. -->","yoast_head_json":{"title":"Politique de confidentialit\u00e9 | Logiciel ATS et Outils de Recrutement | JobArch","description":"Politique de confidentialit\u00e9 de JobArch, le logiciel destin\u00e9 aux petites et moyennes entreprises pour acc\u00e9l\u00e9rer la recherche et la s\u00e9lection de candidats. Il offre un ATS avec multiposting.","robots":{"index":"index","follow":"follow","max-snippet":"max-snippet:-1","max-image-preview":"max-image-preview:large","max-video-preview":"max-video-preview:-1"},"canonical":"https:\/\/www.arca24.com\/jobarch\/fr\/politique-de-confidentialite-logiciel-ats\/","og_locale":"it_IT","og_type":"article","og_title":"Politique de confidentialit\u00e9 | Logiciel ATS et Outils de Recrutement | JobArch","og_description":"Politique de confidentialit\u00e9 de JobArch, le logiciel destin\u00e9 aux petites et moyennes entreprises pour acc\u00e9l\u00e9rer la recherche et la s\u00e9lection de candidats. Il offre un ATS avec multiposting.","og_url":"https:\/\/www.arca24.com\/jobarch\/fr\/politique-de-confidentialite-logiciel-ats\/","og_site_name":"JobArch","article_modified_time":"2024-04-22T13:50:13+00:00","twitter_card":"summary_large_image","twitter_misc":{"Tempo di lettura stimato":"4 minuti"},"schema":{"@context":"https:\/\/schema.org","@graph":[{"@type":"WebPage","@id":"https:\/\/www.arca24.com\/jobarch\/fr\/politique-de-confidentialite-logiciel-ats\/","url":"https:\/\/www.arca24.com\/jobarch\/fr\/politique-de-confidentialite-logiciel-ats\/","name":"Politique de confidentialit\u00e9 | Logiciel ATS et Outils de Recrutement | JobArch","isPartOf":{"@id":"https:\/\/www.arca24.com\/jobarch\/#website"},"datePublished":"2024-04-08T14:07:15+00:00","dateModified":"2024-04-22T13:50:13+00:00","description":"Politique de confidentialit\u00e9 de JobArch, le logiciel destin\u00e9 aux petites et moyennes entreprises pour acc\u00e9l\u00e9rer la recherche et la s\u00e9lection de candidats. Il offre un ATS avec multiposting.","breadcrumb":{"@id":"https:\/\/www.arca24.com\/jobarch\/fr\/politique-de-confidentialite-logiciel-ats\/#breadcrumb"},"inLanguage":"it-IT","potentialAction":[{"@type":"ReadAction","target":["https:\/\/www.arca24.com\/jobarch\/fr\/politique-de-confidentialite-logiciel-ats\/"]}]},{"@type":"BreadcrumbList","@id":"https:\/\/www.arca24.com\/jobarch\/fr\/politique-de-confidentialite-logiciel-ats\/#breadcrumb","itemListElement":[{"@type":"ListItem","position":1,"name":"Home","item":"https:\/\/www.arca24.com\/jobarch\/it\/"},{"@type":"ListItem","position":2,"name":"Politique de confidentialit\u00e9"}]},{"@type":"WebSite","@id":"https:\/\/www.arca24.com\/jobarch\/#website","url":"https:\/\/www.arca24.com\/jobarch\/","name":"JobArch","description":"","publisher":{"@id":"https:\/\/www.arca24.com\/jobarch\/#organization"},"potentialAction":[{"@type":"SearchAction","target":{"@type":"EntryPoint","urlTemplate":"https:\/\/www.arca24.com\/jobarch\/?s={search_term_string}"},"query-input":{"@type":"PropertyValueSpecification","valueRequired":true,"valueName":"search_term_string"}}],"inLanguage":"it-IT"},{"@type":"Organization","@id":"https:\/\/www.arca24.com\/jobarch\/#organization","name":"JobArch","url":"https:\/\/www.arca24.com\/jobarch\/","logo":{"@type":"ImageObject","inLanguage":"it-IT","@id":"https:\/\/www.arca24.com\/jobarch\/#\/schema\/logo\/image\/","url":"https:\/\/www.arca24.com\/jobarch\/wp-content\/uploads\/2024\/01\/arca24_jobarch-logo-1x.png","contentUrl":"https:\/\/www.arca24.com\/jobarch\/wp-content\/uploads\/2024\/01\/arca24_jobarch-logo-1x.png","width":351,"height":107,"caption":"JobArch"},"image":{"@id":"https:\/\/www.arca24.com\/jobarch\/#\/schema\/logo\/image\/"}}]}},"_links":{"self":[{"href":"https:\/\/www.arca24.com\/jobarch\/wp-json\/wp\/v2\/pages\/4385","targetHints":{"allow":["GET"]}}],"collection":[{"href":"https:\/\/www.arca24.com\/jobarch\/wp-json\/wp\/v2\/pages"}],"about":[{"href":"https:\/\/www.arca24.com\/jobarch\/wp-json\/wp\/v2\/types\/page"}],"author":[{"embeddable":true,"href":"https:\/\/www.arca24.com\/jobarch\/wp-json\/wp\/v2\/users\/1"}],"replies":[{"embeddable":true,"href":"https:\/\/www.arca24.com\/jobarch\/wp-json\/wp\/v2\/comments?post=4385"}],"version-history":[{"count":3,"href":"https:\/\/www.arca24.com\/jobarch\/wp-json\/wp\/v2\/pages\/4385\/revisions"}],"predecessor-version":[{"id":4454,"href":"https:\/\/www.arca24.com\/jobarch\/wp-json\/wp\/v2\/pages\/4385\/revisions\/4454"}],"wp:attachment":[{"href":"https:\/\/www.arca24.com\/jobarch\/wp-json\/wp\/v2\/media?parent=4385"}],"curies":[{"name":"wp","href":"https:\/\/api.w.org\/{rel}","templated":true}]}}