{"id":4387,"date":"2024-04-08T14:08:44","date_gmt":"2024-04-08T14:08:44","guid":{"rendered":"https:\/\/www.arca24.com\/jobarch\/?page_id=4387"},"modified":"2024-05-31T13:42:09","modified_gmt":"2024-05-31T13:42:09","slug":"politica-de-privacidad","status":"publish","type":"page","link":"https:\/\/www.arca24.com\/jobarch\/es\/politica-de-privacidad\/","title":{"rendered":"Pol\u00edtica de privacidad"},"content":{"rendered":"<div class=\"fusion-fullwidth fullwidth-box fusion-builder-row-1 fusion-flex-container has-pattern-background has-mask-background nonhundred-percent-fullwidth non-hundred-percent-height-scrolling\" style=\"--awb-border-radius-top-left:0px;--awb-border-radius-top-right:0px;--awb-border-radius-bottom-right:0px;--awb-border-radius-bottom-left:0px;--awb-flex-wrap:wrap;\" ><div class=\"fusion-builder-row fusion-row fusion-flex-align-items-flex-start fusion-flex-content-wrap\" style=\"max-width:1320.8px;margin-left: calc(-4% \/ 2 );margin-right: calc(-4% \/ 2 );\"><div class=\"fusion-layout-column fusion_builder_column fusion-builder-column-0 fusion_builder_column_1_1 1_1 fusion-flex-column\" style=\"--awb-bg-size:cover;--awb-width-large:100%;--awb-margin-top-large:25px;--awb-spacing-right-large:1.92%;--awb-margin-bottom-large:25px;--awb-spacing-left-large:1.92%;--awb-width-medium:100%;--awb-order-medium:0;--awb-spacing-right-medium:1.92%;--awb-spacing-left-medium:1.92%;--awb-width-small:100%;--awb-order-small:0;--awb-spacing-right-small:1.92%;--awb-spacing-left-small:1.92%;\"><div class=\"fusion-column-wrapper fusion-column-has-shadow fusion-flex-justify-content-flex-start fusion-content-layout-column\"><div class=\"fusion-text fusion-text-1\"><div class=\"fusion-text fusion-text-2\">\n<p><em>En esta p\u00e1gina se describe c\u00f3mo Arca24.com SA trata los datos personales de los usuarios de este sitio web y de los que interact\u00faan con la empresa mediante el formulario \u201cContacto\u201d o \u201cDemostraci\u00f3n gratuita\u201d, de acuerdo con las disposiciones de la Ley Federal sobre el Tratamiento de Datos Personales (DPA) y el Reglamento Europeo (UE) 2016\/679 \u2013 RGPD<\/em><\/p>\n<\/div>\n<div class=\"fusion-text fusion-text-3\">\n<p><strong>1. Qu\u00e9 tipo de datos tratamos<\/strong>\u00a0(art\u00edculo 13, apartado 1, art\u00edculo 15 letra b, GDPR)<\/p>\n<p>Arca24.com SA \u2013 Via Roncaglia n.5, CH-6883 Novazzano, direcci\u00f3n de correo electr\u00f3nico privacy@arca24.com, en lo sucesivo denominada \u201cArca24\u201d o \u201cresponsable del tratamiento\u201d, es el responsable del tratamiento de sus datos personales que pueden referirse:<\/p>\n<ol>\n<li>Datos proporcionados por usted al rellenar el formulario de contacto con el Propietario o al enviar cualquier otra solicitud;<\/li>\n<li>Datos de nuestro sitio web, incluyendo datos de tr\u00e1fico, ubicaci\u00f3n, visita del sitio, direcci\u00f3n IP, sistema operativo utilizado, navegador utilizado, cookies;<\/li>\n<li>Datos proporcionados por el usuario a trav\u00e9s de la secci\u00f3n \u201cDemostraci\u00f3n gratuita\u201d.<\/li>\n<\/ol>\n<p><strong>2. Fines del tratamiento de datos\u00a0<\/strong>(art\u00edculo 13, apartado 1, letras c, d, e, f del RGPD)<\/p>\n<p>Los datos personales mencionados son tratados por el responsable del tratamiento en relaci\u00f3n con:<\/p>\n<p>Fines relacionados con la gesti\u00f3n de solicitudes procedentes de la cumplimentaci\u00f3n de formularios de contacto, formularios, demostraciones, etc.\u202fLa base jur\u00eddica de este tratamiento es precontractual.<\/p>\n<p><strong>3. Negativa a facilitar datos personales<\/strong>\u00a0(art\u00edculo 13, apartado 2, letra y RGPD)<\/p>\n<p>Aparte de lo especificado para los datos de navegaci\u00f3n, que son necesarios para el buen funcionamiento del sitio, y para las cookies (v\u00e9ase la pol\u00edtica de cookies), el usuario es libre de proporcionar datos personales cuando solicita el env\u00edo de material informativo.\u202fLa denegaci\u00f3n del tratamiento de los datos personales hace imposible obtener una respuesta a estas solicitudes.<\/p>\n<p><strong>4. Conservaci\u00f3n de datos personales<\/strong>\u00a0(art\u00edculo 13, apartado 2, letra a del RGPD)<\/p>\n<p>El tratamiento de sus datos personales s\u00f3lo durar\u00e1 el tiempo necesario para llevar a cabo las actividades relacionadas con la gesti\u00f3n de la solicitud y las obligaciones derivadas de la misma, incluidos los requisitos legales, y en todo caso por un per\u00edodo no superior a 12 meses desde el contacto. Los datos personales relativos a la elaboraci\u00f3n de perfiles se conservar\u00e1n durante un periodo m\u00e1ximo de 12 meses.<\/p>\n<p><strong>5. C\u00f3mo se tratan los datos personales<\/strong>\u00a0(art\u00edculo 13, apartado 2, letra f del RGPD)<\/p>\n<p>Los Datos Personales son tratados con herramientas automatizadas durante el tiempo estrictamente necesario para conseguir los fines para los que fueron recogidos.<\/p>\n<p>El tratamiento de datos no incluye la toma de decisiones automatizada, pero puede incluir la elaboraci\u00f3n de perfiles para estas actividades.<\/p>\n<p>Los proveedores que prestan servicios a Arca24 pueden acceder a sus datos.<\/p>\n<p>Arca24 ha designado a cada proveedor que procesa sus datos como controlador de datos externo, con el fin de garantizar una adecuada protecci\u00f3n de los datos personales.<\/p>\n<p>En particular, sus datos personales se almacenar\u00e1n en Digital Ocean, cuyos servidores se encuentran en Frankfurt.<\/p>\n<p><strong>6. Derechos del interesado<\/strong>\u00a0(art\u00edculo 13, apartado 1, letra b, y apartado 2, letra b, del RGPD)\u00a0<strong>y del RPD<\/strong><\/p>\n<p>En cualquier momento y de forma gratuita, el interesado podr\u00e1 solicitar al responsable del tratamiento la actualizaci\u00f3n y\/o supresi\u00f3n de sus datos.\u202fSe trata precisamente de los derechos contemplados en los art\u00edculos del RGPD: Art. 15 \u201cDerecho de acceso\u201d, Art. 16 \u201cDerecho de rectificaci\u00f3n\u201d, Art. 17 \u201cDerecho de cancelaci\u00f3n\u201d, Art. 18 \u201cDerecho a la limitaci\u00f3n del tratamiento\u201d, Art. 20 \u201cDerecho a la portabilidad de los datos\u201d.<\/p>\n<p>La persona responsable de la protecci\u00f3n de datos personales (responsable de Protecci\u00f3n de Datos) de acuerdo con el art. 37 del RGPD es el Avv. Massimiliano Nicotra.\u202fPuede ponerse en contacto con el RPD en cualquier momento para preguntas \/ solicitudes \/ informes en\u00a0<u><a href=\"mailto:privacy@arca24.com\">privacy@arca24.com<\/a><\/u>\u00a0.<\/p>\n<p>El interesado tambi\u00e9n puede dirigirse y presentar una denuncia ante la autoridad competente.<\/p>\n<\/div>\n<\/div><\/div><\/div><\/div><\/div>\n","protected":false},"excerpt":{"rendered":"","protected":false},"author":1,"featured_media":0,"parent":0,"menu_order":0,"comment_status":"closed","ping_status":"closed","template":"","meta":{"footnotes":""},"class_list":["post-4387","page","type-page","status-publish","hentry"],"yoast_head":"<!-- This site is optimized with the Yoast SEO plugin v27.4 - https:\/\/yoast.com\/product\/yoast-seo-wordpress\/ -->\n<title>Pol\u00edtica de privacidad | Software CRM para peque\u00f1as empresas | JobArch<\/title>\n<meta name=\"description\" content=\"Lea la pol\u00edtica de privacidad de JobArch, el software ATS para peque\u00f1as empresas y agencias de colocaci\u00f3n con un Sistema de Seguimiento de Candidatos con inteligencia artificial en RRHH para PYMES.\" \/>\n<meta name=\"robots\" content=\"index, follow, max-snippet:-1, max-image-preview:large, max-video-preview:-1\" \/>\n<link rel=\"canonical\" href=\"https:\/\/www.arca24.com\/jobarch\/es\/politica-de-privacidad\/\" \/>\n<meta property=\"og:locale\" content=\"it_IT\" \/>\n<meta property=\"og:type\" content=\"article\" \/>\n<meta property=\"og:title\" content=\"Pol\u00edtica de privacidad | Software CRM para peque\u00f1as empresas | JobArch\" \/>\n<meta property=\"og:description\" content=\"Lea la pol\u00edtica de privacidad de JobArch, el software ATS para peque\u00f1as empresas y agencias de colocaci\u00f3n con un Sistema de Seguimiento de Candidatos con inteligencia artificial en RRHH para PYMES.\" \/>\n<meta property=\"og:url\" content=\"https:\/\/www.arca24.com\/jobarch\/es\/politica-de-privacidad\/\" \/>\n<meta property=\"og:site_name\" content=\"JobArch\" \/>\n<meta property=\"article:modified_time\" content=\"2024-05-31T13:42:09+00:00\" \/>\n<meta name=\"twitter:card\" content=\"summary_large_image\" \/>\n<meta name=\"twitter:label1\" content=\"Tempo di lettura stimato\" \/>\n\t<meta name=\"twitter:data1\" content=\"4 minuti\" \/>\n<script type=\"application\/ld+json\" class=\"yoast-schema-graph\">{\"@context\":\"https:\\\/\\\/schema.org\",\"@graph\":[{\"@type\":\"WebPage\",\"@id\":\"https:\\\/\\\/www.arca24.com\\\/jobarch\\\/es\\\/politica-de-privacidad\\\/\",\"url\":\"https:\\\/\\\/www.arca24.com\\\/jobarch\\\/es\\\/politica-de-privacidad\\\/\",\"name\":\"Pol\u00edtica de privacidad | Software CRM para peque\u00f1as empresas | JobArch\",\"isPartOf\":{\"@id\":\"https:\\\/\\\/www.arca24.com\\\/jobarch\\\/#website\"},\"datePublished\":\"2024-04-08T14:08:44+00:00\",\"dateModified\":\"2024-05-31T13:42:09+00:00\",\"description\":\"Lea la pol\u00edtica de privacidad de JobArch, el software ATS para peque\u00f1as empresas y agencias de colocaci\u00f3n con un Sistema de Seguimiento de Candidatos con inteligencia artificial en RRHH para PYMES.\",\"breadcrumb\":{\"@id\":\"https:\\\/\\\/www.arca24.com\\\/jobarch\\\/es\\\/politica-de-privacidad\\\/#breadcrumb\"},\"inLanguage\":\"it-IT\",\"potentialAction\":[{\"@type\":\"ReadAction\",\"target\":[\"https:\\\/\\\/www.arca24.com\\\/jobarch\\\/es\\\/politica-de-privacidad\\\/\"]}]},{\"@type\":\"BreadcrumbList\",\"@id\":\"https:\\\/\\\/www.arca24.com\\\/jobarch\\\/es\\\/politica-de-privacidad\\\/#breadcrumb\",\"itemListElement\":[{\"@type\":\"ListItem\",\"position\":1,\"name\":\"Home\",\"item\":\"https:\\\/\\\/www.arca24.com\\\/jobarch\\\/it\\\/\"},{\"@type\":\"ListItem\",\"position\":2,\"name\":\"Pol\u00edtica de privacidad\"}]},{\"@type\":\"WebSite\",\"@id\":\"https:\\\/\\\/www.arca24.com\\\/jobarch\\\/#website\",\"url\":\"https:\\\/\\\/www.arca24.com\\\/jobarch\\\/\",\"name\":\"JobArch\",\"description\":\"\",\"publisher\":{\"@id\":\"https:\\\/\\\/www.arca24.com\\\/jobarch\\\/#organization\"},\"potentialAction\":[{\"@type\":\"SearchAction\",\"target\":{\"@type\":\"EntryPoint\",\"urlTemplate\":\"https:\\\/\\\/www.arca24.com\\\/jobarch\\\/?s={search_term_string}\"},\"query-input\":{\"@type\":\"PropertyValueSpecification\",\"valueRequired\":true,\"valueName\":\"search_term_string\"}}],\"inLanguage\":\"it-IT\"},{\"@type\":\"Organization\",\"@id\":\"https:\\\/\\\/www.arca24.com\\\/jobarch\\\/#organization\",\"name\":\"JobArch\",\"url\":\"https:\\\/\\\/www.arca24.com\\\/jobarch\\\/\",\"logo\":{\"@type\":\"ImageObject\",\"inLanguage\":\"it-IT\",\"@id\":\"https:\\\/\\\/www.arca24.com\\\/jobarch\\\/#\\\/schema\\\/logo\\\/image\\\/\",\"url\":\"https:\\\/\\\/www.arca24.com\\\/jobarch\\\/wp-content\\\/uploads\\\/2024\\\/01\\\/arca24_jobarch-logo-1x.png\",\"contentUrl\":\"https:\\\/\\\/www.arca24.com\\\/jobarch\\\/wp-content\\\/uploads\\\/2024\\\/01\\\/arca24_jobarch-logo-1x.png\",\"width\":351,\"height\":107,\"caption\":\"JobArch\"},\"image\":{\"@id\":\"https:\\\/\\\/www.arca24.com\\\/jobarch\\\/#\\\/schema\\\/logo\\\/image\\\/\"}}]}<\/script>\n<!-- \/ Yoast SEO plugin. -->","yoast_head_json":{"title":"Pol\u00edtica de privacidad | Software CRM para peque\u00f1as empresas | JobArch","description":"Lea la pol\u00edtica de privacidad de JobArch, el software ATS para peque\u00f1as empresas y agencias de colocaci\u00f3n con un Sistema de Seguimiento de Candidatos con inteligencia artificial en RRHH para PYMES.","robots":{"index":"index","follow":"follow","max-snippet":"max-snippet:-1","max-image-preview":"max-image-preview:large","max-video-preview":"max-video-preview:-1"},"canonical":"https:\/\/www.arca24.com\/jobarch\/es\/politica-de-privacidad\/","og_locale":"it_IT","og_type":"article","og_title":"Pol\u00edtica de privacidad | Software CRM para peque\u00f1as empresas | JobArch","og_description":"Lea la pol\u00edtica de privacidad de JobArch, el software ATS para peque\u00f1as empresas y agencias de colocaci\u00f3n con un Sistema de Seguimiento de Candidatos con inteligencia artificial en RRHH para PYMES.","og_url":"https:\/\/www.arca24.com\/jobarch\/es\/politica-de-privacidad\/","og_site_name":"JobArch","article_modified_time":"2024-05-31T13:42:09+00:00","twitter_card":"summary_large_image","twitter_misc":{"Tempo di lettura stimato":"4 minuti"},"schema":{"@context":"https:\/\/schema.org","@graph":[{"@type":"WebPage","@id":"https:\/\/www.arca24.com\/jobarch\/es\/politica-de-privacidad\/","url":"https:\/\/www.arca24.com\/jobarch\/es\/politica-de-privacidad\/","name":"Pol\u00edtica de privacidad | Software CRM para peque\u00f1as empresas | JobArch","isPartOf":{"@id":"https:\/\/www.arca24.com\/jobarch\/#website"},"datePublished":"2024-04-08T14:08:44+00:00","dateModified":"2024-05-31T13:42:09+00:00","description":"Lea la pol\u00edtica de privacidad de JobArch, el software ATS para peque\u00f1as empresas y agencias de colocaci\u00f3n con un Sistema de Seguimiento de Candidatos con inteligencia artificial en RRHH para PYMES.","breadcrumb":{"@id":"https:\/\/www.arca24.com\/jobarch\/es\/politica-de-privacidad\/#breadcrumb"},"inLanguage":"it-IT","potentialAction":[{"@type":"ReadAction","target":["https:\/\/www.arca24.com\/jobarch\/es\/politica-de-privacidad\/"]}]},{"@type":"BreadcrumbList","@id":"https:\/\/www.arca24.com\/jobarch\/es\/politica-de-privacidad\/#breadcrumb","itemListElement":[{"@type":"ListItem","position":1,"name":"Home","item":"https:\/\/www.arca24.com\/jobarch\/it\/"},{"@type":"ListItem","position":2,"name":"Pol\u00edtica de privacidad"}]},{"@type":"WebSite","@id":"https:\/\/www.arca24.com\/jobarch\/#website","url":"https:\/\/www.arca24.com\/jobarch\/","name":"JobArch","description":"","publisher":{"@id":"https:\/\/www.arca24.com\/jobarch\/#organization"},"potentialAction":[{"@type":"SearchAction","target":{"@type":"EntryPoint","urlTemplate":"https:\/\/www.arca24.com\/jobarch\/?s={search_term_string}"},"query-input":{"@type":"PropertyValueSpecification","valueRequired":true,"valueName":"search_term_string"}}],"inLanguage":"it-IT"},{"@type":"Organization","@id":"https:\/\/www.arca24.com\/jobarch\/#organization","name":"JobArch","url":"https:\/\/www.arca24.com\/jobarch\/","logo":{"@type":"ImageObject","inLanguage":"it-IT","@id":"https:\/\/www.arca24.com\/jobarch\/#\/schema\/logo\/image\/","url":"https:\/\/www.arca24.com\/jobarch\/wp-content\/uploads\/2024\/01\/arca24_jobarch-logo-1x.png","contentUrl":"https:\/\/www.arca24.com\/jobarch\/wp-content\/uploads\/2024\/01\/arca24_jobarch-logo-1x.png","width":351,"height":107,"caption":"JobArch"},"image":{"@id":"https:\/\/www.arca24.com\/jobarch\/#\/schema\/logo\/image\/"}}]}},"_links":{"self":[{"href":"https:\/\/www.arca24.com\/jobarch\/wp-json\/wp\/v2\/pages\/4387","targetHints":{"allow":["GET"]}}],"collection":[{"href":"https:\/\/www.arca24.com\/jobarch\/wp-json\/wp\/v2\/pages"}],"about":[{"href":"https:\/\/www.arca24.com\/jobarch\/wp-json\/wp\/v2\/types\/page"}],"author":[{"embeddable":true,"href":"https:\/\/www.arca24.com\/jobarch\/wp-json\/wp\/v2\/users\/1"}],"replies":[{"embeddable":true,"href":"https:\/\/www.arca24.com\/jobarch\/wp-json\/wp\/v2\/comments?post=4387"}],"version-history":[{"count":2,"href":"https:\/\/www.arca24.com\/jobarch\/wp-json\/wp\/v2\/pages\/4387\/revisions"}],"predecessor-version":[{"id":4501,"href":"https:\/\/www.arca24.com\/jobarch\/wp-json\/wp\/v2\/pages\/4387\/revisions\/4501"}],"wp:attachment":[{"href":"https:\/\/www.arca24.com\/jobarch\/wp-json\/wp\/v2\/media?parent=4387"}],"curies":[{"name":"wp","href":"https:\/\/api.w.org\/{rel}","templated":true}]}}