{"id":28245,"date":"2020-06-08T17:37:07","date_gmt":"2020-06-08T15:37:07","guid":{"rendered":"https:\/\/www.arca24.com\/pt\/?page_id=28245"},"modified":"2025-06-06T09:58:09","modified_gmt":"2025-06-06T07:58:09","slug":"politica-de-qualidade","status":"publish","type":"page","link":"https:\/\/www.arca24.com\/pt\/politica-de-qualidade\/","title":{"rendered":"Pol\u00edtica de Qualidade"},"content":{"rendered":"<div class=\"fusion-fullwidth fullwidth-box fusion-builder-row-1 fusion-flex-container nonhundred-percent-fullwidth non-hundred-percent-height-scrolling\" style=\"--awb-border-radius-top-left:0px;--awb-border-radius-top-right:0px;--awb-border-radius-bottom-right:0px;--awb-border-radius-bottom-left:0px;--awb-padding-top:80px;--awb-flex-wrap:wrap;\" ><div class=\"fusion-builder-row fusion-row fusion-flex-align-items-stretch fusion-flex-content-wrap\" style=\"max-width:1216.8px;margin-left: calc(-4% \/ 2 );margin-right: calc(-4% \/ 2 );\"><div class=\"fusion-layout-column fusion_builder_column fusion-builder-column-0 fusion_builder_column_1_1 1_1 fusion-flex-column\" style=\"--awb-bg-size:cover;--awb-width-large:100%;--awb-margin-top-large:0px;--awb-spacing-right-large:1.92%;--awb-margin-bottom-large:30px;--awb-spacing-left-large:1.92%;--awb-width-medium:100%;--awb-spacing-right-medium:1.92%;--awb-spacing-left-medium:1.92%;--awb-width-small:100%;--awb-spacing-right-small:1.92%;--awb-spacing-left-small:1.92%;\"><div class=\"fusion-column-wrapper fusion-flex-justify-content-flex-start fusion-content-layout-column\"><div class=\"fusion-text fusion-text-1\" style=\"--awb-font-size:48px;--awb-line-height:1;--awb-text-color:#212945;--awb-text-font-family:&quot;Archivo&quot;;--awb-text-font-style:normal;--awb-text-font-weight:700;\"><p>Pol\u00edtica de qualidade<\/p>\n<\/div><div class=\"fusion-separator\" style=\"align-self: flex-start;margin-right:auto;margin-top:-10px;margin-bottom:40px;width:100%;max-width:200px;\"><\/div><div class=\"fusion-text fusion-text-2\"><p>Essa p\u00e1gina descreve o empenho da Arca24.com SA para arranjar e administrar o <strong>Sistema de gest\u00e3o da qualidade (SGQ)<\/strong>, no respeito da normativa e da regulamenta\u00e7\u00e3o em vigor, al\u00e9m de outros requisitos pr\u00f3prios da empresa.<\/p>\n<p>A Arca24.com SA promove todas as a\u00e7\u00f5es necess\u00e1rias para que o seu trabalho, no respeito de todos os requisitos de lei ou de outra natureza, seja orientado \u00e0 realiza\u00e7\u00e3o dos seguintes objetivos:<\/p>\n<ol>\n<li><strong>estabelecer, atuar, manter e rever periodicamente o sistema de gest\u00e3o da qualidade<\/strong>. Trata-se duma ferramenta \u00fatil e din\u00e2mica para permitir \u00e0 organiza\u00e7\u00e3o realizar objetivos prefixados, tamb\u00e9m respeitando as obriga\u00e7\u00f5es associadas aos stakeholder;<\/li>\n<li><strong>melhorar<\/strong>, tamb\u00e9m gra\u00e7as \u00e0 tecnologia, <strong>a organiza\u00e7\u00e3o da produ\u00e7\u00e3o, da assist\u00eancia e da venda<\/strong>, perseguindo um elevado padr\u00e3o qualitativo;<\/li>\n<li><strong>perseguir a satisfa\u00e7\u00e3o dos clientes<\/strong>, maximizando a perce\u00e7\u00e3o do valor dos produtos fornecidos e procurando realizar as suas expetativas;<\/li>\n<li><strong>valorizar os colaboradores<\/strong>, elemento fundamental de crescimento corporativo. Aumentar os seus conhecimentos e as suas compet\u00eancias por meio de oportunos percursos de crescimento e de informa\u00e7\u00e3o; promover a sensibiliza\u00e7\u00e3o e o envolvimento para compartilhar e atuar esta pol\u00edtica corporativa; adotar comportamentos conformes aos princ\u00edpios expressos, com o fim de reduzir, na sua generalidade, os riscos devidos \u00e0s atividades que eles executam e os seus impactos na qualidade, seguran\u00e7a e ambiente;<\/li>\n<li><strong>atribuir import\u00e2ncia fundamental \u00e0 qualidade, \u00e0 prote\u00e7\u00e3o do lugar de trabalho, \u00e0 sa\u00fade dos colaboradores e ao ambiente<\/strong>. Por isso, todos devem realizar as suas atividades de forma racional e eficiente, conciliando o crescimento econ\u00f3mico com a prote\u00e7\u00e3o da sa\u00fade, da seguran\u00e7a e do ambiente, reduzindo ao m\u00ednimo o impacto das nossas atividades e garantindo sempre as melhores e mais seguras condi\u00e7\u00f5es de trabalho;<\/li>\n<li><strong>empenhar-se cotidianamente, destinando os oportunos recursos (econ\u00f3micos, t\u00e9cnicos e humanos) para perseguir os objetivos da Arca24.com SA<\/strong>, definindo roles, responsabilidades e deveres e verificando periodicamente o n\u00edvel de atua\u00e7\u00e3o e realiza\u00e7\u00e3o;<\/li>\n<li><strong>Garantir e suportar, por meio de determinados canais de comunica\u00e7\u00e3o, a sensibiliza\u00e7\u00e3o de todo o pessoal e dos colaboradores externos<\/strong> que, de diferente forma, cooperam com a empresa, sobre as consequ\u00eancias das suas a\u00e7\u00f5es e os riscos relativos \u00e0 falta de aplica\u00e7\u00e3o dos processos de qualidade;<\/li>\n<li><strong>perseguir com continuidade e determina\u00e7\u00e3o o melhoramento da SGQ<\/strong>, trabalhando para a defini\u00e7\u00e3o de objetivos e programas sempre mais ambiciosos; monitorando a opera, as condi\u00e7\u00f5es de conformidade e a adequa\u00e7\u00e3o da preven\u00e7\u00e3o de eventuais riscos de abusos; suportando um adequado plano de auditoria; definindo oportunos indicadores para avaliar a efic\u00e1cia de cada processo corporativo; analisando os dados do mercado, das n\u00e3o conformidades, dos reclamos, dos infort\u00fanios e dos resultados das precedentes revis\u00f5es da Dire\u00e7\u00e3o.<\/li>\n<\/ol>\n<p>A <strong>pol\u00edtica corporativa<\/strong>, definida pela dire\u00e7\u00e3o de Arca24.com SA, foi desenvolvida em acordo com os valores e as conven\u00e7\u00f5es da empresa e \u00e9 considerada apropriada para os fins e o contexto onde atua (conforme \u00e0s suas diretivas de tipo estrat\u00e9gico, \u00e0 natureza e \u00e0 dimens\u00e3o dos riscos relevantes, \u00e0s atividades e aos processos que acontecem) e \u00e9 aplic\u00e1vel a todos os n\u00edveis da organiza\u00e7\u00e3o. Por isso, vai ser comunicada e difundida a todo o pessoal. Al\u00e9m disso, est\u00e1 \u00e0 disposi\u00e7\u00e3o de todos os destinat\u00e1rios, por meio da exposi\u00e7\u00e3o na sede, da publica\u00e7\u00e3o no website e da entrega a pedido.<\/p>\n<\/div><div class=\"button-big hover-effect\"><a href=\"https:\/\/www.arca24.com\/pt\/wp-content\/uploads\/2023\/02\/CERT15529REV001.pdf\" > ISO certification <span class=\"material-icons\" color=\"#240bab\">\ndownloading\n<\/span><\/a><\/div><\/div><\/div><\/div><\/div>\n","protected":false},"excerpt":{"rendered":"","protected":false},"author":3493,"featured_media":41045,"parent":0,"menu_order":0,"comment_status":"closed","ping_status":"closed","template":"100-width.php","meta":{"footnotes":""},"class_list":["post-28245","page","type-page","status-publish","has-post-thumbnail","hentry"],"yoast_head":"<!-- This site is optimized with the Yoast SEO Premium plugin v14.7 - https:\/\/yoast.com\/wordpress\/plugins\/seo\/ -->\n<title>Pol\u00edtica de Qualidade |Online Candidate Applicant Tracking System | Arca24<\/title>\n<meta name=\"description\" content=\"Leia a nossa pol\u00edtica de qualidade. Arca24, empresa de Software de RH baseado em AI tools tais como CRM programa, software de recrutamento e sele\u00e7\u00e3o, teste de perfil profissional, etc.\" \/>\n<meta name=\"robots\" content=\"index, follow\" \/>\n<meta name=\"googlebot\" content=\"index, follow, max-snippet:-1, max-image-preview:large, max-video-preview:-1\" \/>\n<meta name=\"bingbot\" content=\"index, follow, max-snippet:-1, max-image-preview:large, max-video-preview:-1\" \/>\n<link rel=\"canonical\" href=\"https:\/\/www.arca24.com\/pt\/politica-de-qualidade\/\" \/>\n<meta property=\"og:locale\" content=\"en_US\" \/>\n<meta property=\"og:type\" content=\"article\" \/>\n<meta property=\"og:title\" content=\"Pol\u00edtica de Qualidade |Online Candidate Applicant Tracking System | Arca24\" \/>\n<meta property=\"og:description\" content=\"Leia a nossa pol\u00edtica de qualidade. Arca24, empresa de Software de RH baseado em AI tools tais como CRM programa, software de recrutamento e sele\u00e7\u00e3o, teste de perfil profissional, etc.\" \/>\n<meta property=\"og:url\" content=\"https:\/\/www.arca24.com\/pt\/politica-de-qualidade\/\" \/>\n<meta property=\"og:site_name\" content=\"Cloud HR innovative Software | Arca24\" \/>\n<meta property=\"article:modified_time\" content=\"2025-06-06T07:58:09+00:00\" \/>\n<meta property=\"og:image\" content=\"https:\/\/www.arca24.com\/pt\/wp-content\/uploads\/2022\/05\/a24-FI_homept.jpg\" \/>\n\t<meta property=\"og:image:width\" content=\"1920\" \/>\n\t<meta property=\"og:image:height\" content=\"1080\" \/>\n<meta name=\"twitter:card\" content=\"summary_large_image\" \/>\n<script type=\"application\/ld+json\" class=\"yoast-schema-graph\">{\"@context\":\"https:\/\/schema.org\",\"@graph\":[{\"@type\":\"WebSite\",\"@id\":\"https:\/\/www.arca24.com\/pt\/#website\",\"url\":\"https:\/\/www.arca24.com\/pt\/\",\"name\":\"Cloud HR innovative Software | Arca24\",\"description\":\"Your time, our technology\",\"potentialAction\":[{\"@type\":\"SearchAction\",\"target\":\"https:\/\/www.arca24.com\/pt\/?s={search_term_string}\",\"query-input\":\"required name=search_term_string\"}],\"inLanguage\":\"en-US\"},{\"@type\":\"ImageObject\",\"@id\":\"https:\/\/www.arca24.com\/pt\/politica-de-qualidade\/#primaryimage\",\"inLanguage\":\"en-US\",\"url\":\"https:\/\/www.arca24.com\/pt\/wp-content\/uploads\/2022\/05\/a24-FI_homept.jpg\",\"width\":1920,\"height\":1080},{\"@type\":\"WebPage\",\"@id\":\"https:\/\/www.arca24.com\/pt\/politica-de-qualidade\/#webpage\",\"url\":\"https:\/\/www.arca24.com\/pt\/politica-de-qualidade\/\",\"name\":\"Pol\\u00edtica de Qualidade |Online Candidate Applicant Tracking System | Arca24\",\"isPartOf\":{\"@id\":\"https:\/\/www.arca24.com\/pt\/#website\"},\"primaryImageOfPage\":{\"@id\":\"https:\/\/www.arca24.com\/pt\/politica-de-qualidade\/#primaryimage\"},\"datePublished\":\"2020-06-08T15:37:07+00:00\",\"dateModified\":\"2025-06-06T07:58:09+00:00\",\"description\":\"Leia a nossa pol\\u00edtica de qualidade. Arca24, empresa de Software de RH baseado em AI tools tais como CRM programa, software de recrutamento e sele\\u00e7\\u00e3o, teste de perfil profissional, etc.\",\"inLanguage\":\"en-US\",\"potentialAction\":[{\"@type\":\"ReadAction\",\"target\":[\"https:\/\/www.arca24.com\/pt\/politica-de-qualidade\/\"]}]}]}<\/script>\n<!-- \/ Yoast SEO Premium plugin. -->","_links":{"self":[{"href":"https:\/\/www.arca24.com\/pt\/wp-json\/wp\/v2\/pages\/28245","targetHints":{"allow":["GET"]}}],"collection":[{"href":"https:\/\/www.arca24.com\/pt\/wp-json\/wp\/v2\/pages"}],"about":[{"href":"https:\/\/www.arca24.com\/pt\/wp-json\/wp\/v2\/types\/page"}],"author":[{"embeddable":true,"href":"https:\/\/www.arca24.com\/pt\/wp-json\/wp\/v2\/users\/3493"}],"replies":[{"embeddable":true,"href":"https:\/\/www.arca24.com\/pt\/wp-json\/wp\/v2\/comments?post=28245"}],"version-history":[{"count":18,"href":"https:\/\/www.arca24.com\/pt\/wp-json\/wp\/v2\/pages\/28245\/revisions"}],"predecessor-version":[{"id":42324,"href":"https:\/\/www.arca24.com\/pt\/wp-json\/wp\/v2\/pages\/28245\/revisions\/42324"}],"wp:featuredmedia":[{"embeddable":true,"href":"https:\/\/www.arca24.com\/pt\/wp-json\/wp\/v2\/media\/41045"}],"wp:attachment":[{"href":"https:\/\/www.arca24.com\/pt\/wp-json\/wp\/v2\/media?parent=28245"}],"curies":[{"name":"wp","href":"https:\/\/api.w.org\/{rel}","templated":true}]}}