{"id":17228,"date":"2022-09-12T09:42:59","date_gmt":"2022-09-12T07:42:59","guid":{"rendered":"https:\/\/www.arca24.com\/softskilllab\/?page_id=17228"},"modified":"2023-06-12T14:46:14","modified_gmt":"2023-06-12T12:46:14","slug":"contact-2","status":"publish","type":"page","link":"https:\/\/www.arca24.com\/softskilllab\/fr\/contact-2\/","title":{"rendered":"Contact"},"content":{"rendered":"<div class=\"fusion-fullwidth fullwidth-box fusion-builder-row-1 fusion-flex-container hundred-percent-fullwidth non-hundred-percent-height-scrolling\" style=\"--awb-border-radius-top-left:0px;--awb-border-radius-top-right:0px;--awb-border-radius-bottom-right:0px;--awb-border-radius-bottom-left:0px;--awb-padding-right:6%;--awb-padding-left:6%;--awb-flex-wrap:wrap;\" ><div class=\"fusion-builder-row fusion-row fusion-flex-align-items-flex-start fusion-flex-content-wrap\" style=\"width:104% !important;max-width:104% !important;margin-left: calc(-4% \/ 2 );margin-right: calc(-4% \/ 2 );\"><div class=\"fusion-layout-column fusion_builder_column fusion-builder-column-0 fusion_builder_column_1_2 1_2 fusion-flex-column\" style=\"--awb-bg-size:cover;--awb-width-large:50%;--awb-margin-top-large:20px;--awb-spacing-right-large:3.84%;--awb-margin-bottom-large:20px;--awb-spacing-left-large:3.84%;--awb-width-medium:100%;--awb-order-medium:0;--awb-spacing-right-medium:1.92%;--awb-spacing-left-medium:1.92%;--awb-width-small:100%;--awb-order-small:0;--awb-spacing-right-small:1.92%;--awb-spacing-left-small:1.92%;\"><div class=\"fusion-column-wrapper fusion-column-has-shadow fusion-flex-justify-content-flex-start fusion-content-layout-column\"><div class=\"fusion-text fusion-text-1\" style=\"--awb-font-size:48px;--awb-line-height:1.2;--awb-text-color:#1d2028;--awb-text-font-family:&quot;Poppins&quot;;--awb-text-font-style:normal;--awb-text-font-weight:700;\"><p>\u00cates-vous int\u00e9ress\u00e9 \u00e0 SoftskillLab?<\/p>\n<\/div><div class=\"fusion-text fusion-text-2\" style=\"--awb-font-size:24px;--awb-line-height:1.2;--awb-text-color:#1d2028;--awb-text-font-family:&quot;Poppins&quot;;--awb-text-font-style:normal;--awb-text-font-weight:700;\"><p>S\u2019il-vous-pla\u00eet, veuillez remplir le formulaire. Nous vous contacterons d\u00e8s que possible.<\/p>\n<\/div><\/div><\/div><div class=\"fusion-layout-column fusion_builder_column fusion-builder-column-1 fusion_builder_column_1_2 1_2 fusion-flex-column\" style=\"--awb-bg-size:cover;--awb-width-large:50%;--awb-margin-top-large:20px;--awb-spacing-right-large:3.84%;--awb-margin-bottom-large:20px;--awb-spacing-left-large:3.84%;--awb-width-medium:100%;--awb-order-medium:0;--awb-spacing-right-medium:1.92%;--awb-spacing-left-medium:1.92%;--awb-width-small:100%;--awb-order-small:0;--awb-spacing-right-small:1.92%;--awb-spacing-left-small:1.92%;\"><div class=\"fusion-column-wrapper fusion-column-has-shadow fusion-flex-justify-content-flex-start fusion-content-layout-column\">\n<div class=\"wpcf7 no-js\" id=\"wpcf7-f17222-o1\" lang=\"it-IT\" dir=\"ltr\">\n<div class=\"screen-reader-response\"><p role=\"status\" aria-live=\"polite\" aria-atomic=\"true\"><\/p> <ul><\/ul><\/div>\n<form action=\"\/softskilllab\/wp-json\/wp\/v2\/pages\/17228#wpcf7-f17222-o1\" method=\"post\" class=\"wpcf7-form init\" aria-label=\"Modulo di contatto\" novalidate=\"novalidate\" data-status=\"init\">\n<div style=\"display: none;\">\n<input type=\"hidden\" name=\"_wpcf7\" value=\"17222\" \/>\n<input type=\"hidden\" name=\"_wpcf7_version\" value=\"5.8.1\" \/>\n<input type=\"hidden\" name=\"_wpcf7_locale\" value=\"it_IT\" \/>\n<input type=\"hidden\" name=\"_wpcf7_unit_tag\" value=\"wpcf7-f17222-o1\" \/>\n<input type=\"hidden\" name=\"_wpcf7_container_post\" value=\"0\" \/>\n<input type=\"hidden\" name=\"_wpcf7_posted_data_hash\" value=\"\" \/>\n<\/div>\n<p><span class=\"wpcf7-form-control-wrap\" data-name=\"your-name\"><input size=\"40\" class=\"wpcf7-form-control wpcf7-text wpcf7-validates-as-required\" aria-required=\"true\" aria-invalid=\"false\" placeholder=\"Pr\u00e9nom Nom*\" value=\"\" type=\"text\" name=\"your-name\" \/><\/span>\n<\/p>\n<p><span class=\"wpcf7-form-control-wrap\" data-name=\"your-email\"><input size=\"40\" class=\"wpcf7-form-control wpcf7-email wpcf7-validates-as-required wpcf7-text wpcf7-validates-as-email\" aria-required=\"true\" aria-invalid=\"false\" placeholder=\"Adresse mail*\" value=\"\" type=\"email\" name=\"your-email\" \/><\/span>\n<\/p>\n<p><span class=\"wpcf7-form-control-wrap\" data-name=\"your-phone\"><input size=\"40\" class=\"wpcf7-form-control wpcf7-tel wpcf7-validates-as-required wpcf7-text wpcf7-validates-as-tel\" aria-required=\"true\" aria-invalid=\"false\" placeholder=\"Num\u00e9ro de t\u00e9l\u00e9phoneelefono*\" value=\"\" type=\"tel\" name=\"your-phone\" \/><\/span>\n<\/p>\n<p><span class=\"wpcf7-form-control-wrap\" data-name=\"your-company\"><input size=\"40\" class=\"wpcf7-form-control wpcf7-text wpcf7-validates-as-required\" aria-required=\"true\" aria-invalid=\"false\" placeholder=\"Entreprise*\" value=\"\" type=\"text\" name=\"your-company\" \/><\/span>\n<\/p>\n<p><span class=\"wpcf7-form-control-wrap kc_captcha\" data-name=\"kc_captcha\"><span class=\"wpcf7-form-control wpcf7-radio\"><span class=\"captcha-image\" ><span class=\"cf7ic_instructions\">Si prega di selezionare sotto l'icona della parola<span> Cuore<\/span>.<\/span><label><input type=\"radio\" name=\"kc_captcha\" value=\"kc_human\" \/><svg width=\"50\" height=\"50\" aria-hidden=\"true\" role=\"img\" xmlns=\"http:\/\/www.w3.org\/2000\/svg\" viewBox=\"0 0 576 512\"><path fill=\"currentColor\" d=\"M415 24c-53 0-103 42-127 65-24-23-74-65-127-65C70 24 16 77 16 166c0 72 67 133 69 135l187 181c9 8 23 8 32 0l187-180c2-3 69-64 69-136 0-89-54-142-145-142z\"\/><\/svg><\/label><label><input type=\"radio\" name=\"kc_captcha\" value=\"bot\" \/><svg width=\"50\" height=\"50\" aria-hidden=\"true\" role=\"img\" xmlns=\"http:\/\/www.w3.org\/2000\/svg\" viewBox=\"0 0 512 512\"><path fill=\"currentColor\" d=\"M500 168h-55l-8-21a127 127 0 00-120-83H195a127 127 0 00-120 83l-8 21H12c-8 0-14 8-11 16l8 24a12 12 0 0011 8h29a64 64 0 00-33 56v48c0 16 6 31 16 42v62c0 13 11 24 24 24h48c13 0 24-11 24-24v-40h256v40c0 13 11 24 24 24h48c13 0 24-11 24-24v-62c10-11 16-26 16-42v-48c0-24-13-45-33-56h29a12 12 0 0011-8l8-24c3-8-3-16-11-16zm-365 2c9-25 33-42 60-42h122c27 0 51 17 60 42l15 38H120l15-38zM88 328a32 32 0 010-64c18 0 48 30 48 48s-30 16-48 16zm336 0c-18 0-48 2-48-16s30-48 48-48 32 14 32 32-14 32-32 32z\"\/><\/svg><\/label><label><input type=\"radio\" name=\"kc_captcha\" value=\"bot\" \/><svg width=\"50\" height=\"50\" aria-hidden=\"true\" role=\"img\" xmlns=\"http:\/\/www.w3.org\/2000\/svg\" viewBox=\"0 0 512 512\"><path fill=\"currentColor\" d=\"M512 176a176 176 0 01-209 173l-24 27a24 24 0 01-18 8h-37v40c0 13-11 24-24 24h-40v40c0 13-11 24-24 24H24c-13 0-24-11-24-24v-78c0-6 3-13 7-17l162-162a176 176 0 11343-55zm-176-48a48 48 0 1096 0 48 48 0 00-96 0z\"\/><\/svg><\/label>\r\n    <\/span>\r\n    <span style=\"display:none\">\r\n        <input type=\"text\" name=\"kc_honeypot\">\r\n    <\/span><\/span><\/span><br \/>\n<span class=\"wpcf7-form-control-wrap\" data-name=\"acceptance-GDPR\"><span class=\"wpcf7-form-control wpcf7-acceptance\"><span class=\"wpcf7-list-item\"><label><input type=\"checkbox\" name=\"acceptance-GDPR\" value=\"1\" aria-invalid=\"false\" \/><span class=\"wpcf7-list-item-label\"><span style=\"font-size: \"12px\";>J'ai lu la <u><a href=\"https:\/\/www.arca24.com\/fr\/code-ethique\/\" target=\"_blank\" rel=\"nofollow noopener\">politique de confidentialit\u00e9<\/a><\/u> et je consens au traitement de mes donn\u00e9es personnelles conform\u00e9ment \u00e0 ses dispositions.<\/span><\/span><\/label><\/span><\/span><\/span>\n<\/p>\n<div class=\"fusion-one-third fusion-layout-column fusion-column-last fusion-spacing-yes\">\n\t<p><input class=\"wpcf7-form-control wpcf7-submit has-spinner\" type=\"submit\" value=\"Envoyer\" \/>\n\t<\/p>\n<\/div><div class=\"fusion-alert alert custom alert-custom fusion-alert-center wpcf7-response-output fusion-alert-capitalize awb-alert-native-link-color alert-dismissable awb-alert-close-boxed alert-shadow\" style=\"--awb-border-top-left-radius:0px;--awb-border-top-right-radius:0px;--awb-border-bottom-left-radius:0px;--awb-border-bottom-right-radius:0px;\" role=\"alert\"><div class=\"fusion-alert-content-wrapper\"><span class=\"fusion-alert-content\"><\/span><\/div><button type=\"button\" class=\"close toggle-alert\" data-dismiss=\"alert\" aria-label=\"Close\">&times;<\/button><\/div>\n<\/form>\n<\/div>\n<\/div><\/div><\/div><\/div>\n","protected":false},"excerpt":{"rendered":"","protected":false},"author":1,"featured_media":0,"parent":0,"menu_order":0,"comment_status":"closed","ping_status":"closed","template":"100-width.php","meta":{"footnotes":""},"yoast_head":"<!-- This site is optimized with the Yoast SEO plugin v21.3 - https:\/\/yoast.com\/wordpress\/plugins\/seo\/ -->\n<title>Contact - SoftskillLab<\/title>\n<meta name=\"robots\" content=\"index, follow, max-snippet:-1, max-image-preview:large, max-video-preview:-1\" \/>\n<link rel=\"canonical\" href=\"https:\/\/www.arca24.com\/softskilllab\/fr\/contact-2\/\" \/>\n<meta property=\"og:locale\" content=\"it_IT\" \/>\n<meta property=\"og:type\" content=\"article\" \/>\n<meta property=\"og:title\" content=\"Contact - SoftskillLab\" \/>\n<meta property=\"og:url\" content=\"https:\/\/www.arca24.com\/softskilllab\/fr\/contact-2\/\" \/>\n<meta property=\"og:site_name\" content=\"SoftskillLab\" \/>\n<meta property=\"article:publisher\" content=\"https:\/\/www.facebook.com\/arca24hr\/\" \/>\n<meta property=\"article:modified_time\" content=\"2023-06-12T12:46:14+00:00\" \/>\n<meta name=\"twitter:card\" content=\"summary_large_image\" \/>\n<meta name=\"twitter:site\" content=\"@Arca24HR\" \/>\n<meta name=\"twitter:label1\" content=\"Tempo di lettura stimato\" \/>\n\t<meta name=\"twitter:data1\" content=\"3 minuti\" \/>\n<script type=\"application\/ld+json\" class=\"yoast-schema-graph\">{\"@context\":\"https:\/\/schema.org\",\"@graph\":[{\"@type\":\"WebPage\",\"@id\":\"https:\/\/www.arca24.com\/softskilllab\/fr\/contact-2\/\",\"url\":\"https:\/\/www.arca24.com\/softskilllab\/fr\/contact-2\/\",\"name\":\"Contact - SoftskillLab\",\"isPartOf\":{\"@id\":\"https:\/\/www.arca24.com\/softskilllab\/#website\"},\"datePublished\":\"2022-09-12T07:42:59+00:00\",\"dateModified\":\"2023-06-12T12:46:14+00:00\",\"breadcrumb\":{\"@id\":\"https:\/\/www.arca24.com\/softskilllab\/fr\/contact-2\/#breadcrumb\"},\"inLanguage\":\"it-IT\",\"potentialAction\":[{\"@type\":\"ReadAction\",\"target\":[\"https:\/\/www.arca24.com\/softskilllab\/fr\/contact-2\/\"]}]},{\"@type\":\"BreadcrumbList\",\"@id\":\"https:\/\/www.arca24.com\/softskilllab\/fr\/contact-2\/#breadcrumb\",\"itemListElement\":[{\"@type\":\"ListItem\",\"position\":1,\"name\":\"Home\",\"item\":\"https:\/\/www.arca24.com\/softskilllab\/it\/\"},{\"@type\":\"ListItem\",\"position\":2,\"name\":\"Contact\"}]},{\"@type\":\"WebSite\",\"@id\":\"https:\/\/www.arca24.com\/softskilllab\/#website\",\"url\":\"https:\/\/www.arca24.com\/softskilllab\/\",\"name\":\"SoftskillLab\",\"description\":\"La piattaforma di testing online per la valutazione delle soft skills\",\"publisher\":{\"@id\":\"https:\/\/www.arca24.com\/softskilllab\/#organization\"},\"potentialAction\":[{\"@type\":\"SearchAction\",\"target\":{\"@type\":\"EntryPoint\",\"urlTemplate\":\"https:\/\/www.arca24.com\/softskilllab\/?s={search_term_string}\"},\"query-input\":\"required name=search_term_string\"}],\"inLanguage\":\"it-IT\"},{\"@type\":\"Organization\",\"@id\":\"https:\/\/www.arca24.com\/softskilllab\/#organization\",\"name\":\"SoftskillLab\",\"url\":\"https:\/\/www.arca24.com\/softskilllab\/\",\"logo\":{\"@type\":\"ImageObject\",\"inLanguage\":\"it-IT\",\"@id\":\"https:\/\/www.arca24.com\/softskilllab\/#\/schema\/logo\/image\/\",\"url\":\"https:\/\/www.arca24.com\/softskilllab\/wp-content\/uploads\/2023\/02\/arca24_softskilllab-logoW-1x.png\",\"contentUrl\":\"https:\/\/www.arca24.com\/softskilllab\/wp-content\/uploads\/2023\/02\/arca24_softskilllab-logoW-1x.png\",\"width\":378,\"height\":104,\"caption\":\"SoftskillLab\"},\"image\":{\"@id\":\"https:\/\/www.arca24.com\/softskilllab\/#\/schema\/logo\/image\/\"},\"sameAs\":[\"https:\/\/www.facebook.com\/arca24hr\/\",\"https:\/\/twitter.com\/Arca24HR\"]}]}<\/script>\n<!-- \/ Yoast SEO plugin. -->","yoast_head_json":{"title":"Contact - SoftskillLab","robots":{"index":"index","follow":"follow","max-snippet":"max-snippet:-1","max-image-preview":"max-image-preview:large","max-video-preview":"max-video-preview:-1"},"canonical":"https:\/\/www.arca24.com\/softskilllab\/fr\/contact-2\/","og_locale":"it_IT","og_type":"article","og_title":"Contact - SoftskillLab","og_url":"https:\/\/www.arca24.com\/softskilllab\/fr\/contact-2\/","og_site_name":"SoftskillLab","article_publisher":"https:\/\/www.facebook.com\/arca24hr\/","article_modified_time":"2023-06-12T12:46:14+00:00","twitter_card":"summary_large_image","twitter_site":"@Arca24HR","twitter_misc":{"Tempo di lettura stimato":"3 minuti"},"schema":{"@context":"https:\/\/schema.org","@graph":[{"@type":"WebPage","@id":"https:\/\/www.arca24.com\/softskilllab\/fr\/contact-2\/","url":"https:\/\/www.arca24.com\/softskilllab\/fr\/contact-2\/","name":"Contact - SoftskillLab","isPartOf":{"@id":"https:\/\/www.arca24.com\/softskilllab\/#website"},"datePublished":"2022-09-12T07:42:59+00:00","dateModified":"2023-06-12T12:46:14+00:00","breadcrumb":{"@id":"https:\/\/www.arca24.com\/softskilllab\/fr\/contact-2\/#breadcrumb"},"inLanguage":"it-IT","potentialAction":[{"@type":"ReadAction","target":["https:\/\/www.arca24.com\/softskilllab\/fr\/contact-2\/"]}]},{"@type":"BreadcrumbList","@id":"https:\/\/www.arca24.com\/softskilllab\/fr\/contact-2\/#breadcrumb","itemListElement":[{"@type":"ListItem","position":1,"name":"Home","item":"https:\/\/www.arca24.com\/softskilllab\/it\/"},{"@type":"ListItem","position":2,"name":"Contact"}]},{"@type":"WebSite","@id":"https:\/\/www.arca24.com\/softskilllab\/#website","url":"https:\/\/www.arca24.com\/softskilllab\/","name":"SoftskillLab","description":"La piattaforma di testing online per la valutazione delle soft skills","publisher":{"@id":"https:\/\/www.arca24.com\/softskilllab\/#organization"},"potentialAction":[{"@type":"SearchAction","target":{"@type":"EntryPoint","urlTemplate":"https:\/\/www.arca24.com\/softskilllab\/?s={search_term_string}"},"query-input":"required name=search_term_string"}],"inLanguage":"it-IT"},{"@type":"Organization","@id":"https:\/\/www.arca24.com\/softskilllab\/#organization","name":"SoftskillLab","url":"https:\/\/www.arca24.com\/softskilllab\/","logo":{"@type":"ImageObject","inLanguage":"it-IT","@id":"https:\/\/www.arca24.com\/softskilllab\/#\/schema\/logo\/image\/","url":"https:\/\/www.arca24.com\/softskilllab\/wp-content\/uploads\/2023\/02\/arca24_softskilllab-logoW-1x.png","contentUrl":"https:\/\/www.arca24.com\/softskilllab\/wp-content\/uploads\/2023\/02\/arca24_softskilllab-logoW-1x.png","width":378,"height":104,"caption":"SoftskillLab"},"image":{"@id":"https:\/\/www.arca24.com\/softskilllab\/#\/schema\/logo\/image\/"},"sameAs":["https:\/\/www.facebook.com\/arca24hr\/","https:\/\/twitter.com\/Arca24HR"]}]}},"_links":{"self":[{"href":"https:\/\/www.arca24.com\/softskilllab\/wp-json\/wp\/v2\/pages\/17228"}],"collection":[{"href":"https:\/\/www.arca24.com\/softskilllab\/wp-json\/wp\/v2\/pages"}],"about":[{"href":"https:\/\/www.arca24.com\/softskilllab\/wp-json\/wp\/v2\/types\/page"}],"author":[{"embeddable":true,"href":"https:\/\/www.arca24.com\/softskilllab\/wp-json\/wp\/v2\/users\/1"}],"replies":[{"embeddable":true,"href":"https:\/\/www.arca24.com\/softskilllab\/wp-json\/wp\/v2\/comments?post=17228"}],"version-history":[{"count":2,"href":"https:\/\/www.arca24.com\/softskilllab\/wp-json\/wp\/v2\/pages\/17228\/revisions"}],"predecessor-version":[{"id":17400,"href":"https:\/\/www.arca24.com\/softskilllab\/wp-json\/wp\/v2\/pages\/17228\/revisions\/17400"}],"wp:attachment":[{"href":"https:\/\/www.arca24.com\/softskilllab\/wp-json\/wp\/v2\/media?parent=17228"}],"curies":[{"name":"wp","href":"https:\/\/api.w.org\/{rel}","templated":true}]}}